{"id":47922,"date":"2024-01-23T10:29:02","date_gmt":"2024-01-23T02:29:02","guid":{"rendered":"https:\/\/gretasexylingerie.com\/?post_type=product&#038;p=47922"},"modified":"2024-02-20T12:57:41","modified_gmt":"2024-02-20T04:57:41","slug":"conjunto-de-sutia-e-calcinha-de-renda-transparente-no-atacado-com-suspensorio-combinando","status":"publish","type":"product","link":"https:\/\/gretasexylingerie.com\/pt\/products\/wholesale-sheer-lace-bra-and-panty-set-with-matching-suspender\/","title":{"rendered":"Conjunto de suti\u00e3 e calcinha de renda transparente no atacado com suspens\u00f3rio combinando"},"content":{"rendered":"<p><strong>Eleg\u00e2ncia transparente<\/strong>: Feito com tecido transparente, este conjunto oferece uma vis\u00e3o tentadora do que est\u00e1 por baixo, perfeito para adicionar um toque de mist\u00e9rio e fasc\u00ednio.<\/p>\n\n\n\n<p><strong>Detalhe de bordado em grade<\/strong>: O requintado bordado em grade em roxo claro e preto adiciona um toque \u00fanico e sofisticado a este <strong>conjunto de suti\u00e3 e calcinha roxo e preto<\/strong>.<\/p>\n\n\n\n<p><strong>Decora\u00e7\u00f5es de arco<\/strong>: Decora\u00e7\u00f5es encantadoras de la\u00e7os no busti\u00ea e na calcinha adicionam um toque doce e feminino, real\u00e7ando o apelo geral do conjunto.<\/p>\n\n\n\n<p><strong>Design de busti\u00ea sem costas<\/strong>: O design sem costas do busti\u00ea acrescenta um elemento de surpresa e sedu\u00e7\u00e3o, tornando este <strong>conjunto de suti\u00e3 e calcinha de renda transparente<\/strong> uma escolha cativante.<\/p>\n\n\n\n<p><strong>Conjunto completo de tr\u00eas pe\u00e7as<\/strong>: Este conjunto inclui corpete, calcinha e liga, oferecendo um look coordenado e completo, luxuoso e atraente.<\/p>\n\n\n\n<p><strong>Faixa de tamanho vers\u00e1til<\/strong>: Dispon\u00edvel nos tamanhos S, M, L, esse conjunto atende aos mais diversos tipos de corpo, garantindo ajuste perfeito e conforto para sua clientela.<\/p>\n\n\n\n<p>Entre em um mundo de sensualidade refinada com nosso requintado conjunto de suti\u00e3 e calcinha de renda transparente. Seu design exclusivo e cores contrastantes fazem dela uma pe\u00e7a obrigat\u00f3ria para quem aprecia os detalhes mais delicados da lingerie. Fa\u00e7a seu pedido agora e adicione um toque de sofistica\u00e7\u00e3o e charme \u00e0 sua cole\u00e7\u00e3o!<\/p>\n\n\n\n<figure class=\"wp-block-table\"><table><tbody><tr><td class=\"has-text-align-center\" data-align=\"center\" colspan=\"6\"><strong>Tabela de tamanhos (CM)<\/strong><\/td><\/tr><tr><td class=\"has-text-align-center\" data-align=\"center\"><strong>Tamanho<\/strong><\/td><td class=\"has-text-align-center\" data-align=\"center\"><strong>Comprimento (cm)<\/strong><\/td><td class=\"has-text-align-center\" data-align=\"center\"><strong>Abaixo do busto (cm)<\/strong><\/td><td class=\"has-text-align-center\" data-align=\"center\"><strong>cintura (CM)<\/strong><\/td><td class=\"has-text-align-center\" data-align=\"center\"><strong>cintura (CM)<\/strong><\/td><td class=\"has-text-align-center\" data-align=\"center\"><strong>Comprimento das cal\u00e7as (cm)<\/strong><\/td><\/tr><tr><td class=\"has-text-align-center\" data-align=\"center\">S<\/td><td class=\"has-text-align-center\" data-align=\"center\">14<\/td><td class=\"has-text-align-center\" data-align=\"center\">64-84<\/td><td class=\"has-text-align-center\" data-align=\"center\">64-94<\/td><td class=\"has-text-align-center\" data-align=\"center\">60<\/td><td class=\"has-text-align-center\" data-align=\"center\">20<\/td><\/tr><tr><td class=\"has-text-align-center\" data-align=\"center\">M<\/td><td class=\"has-text-align-center\" data-align=\"center\">15<\/td><td class=\"has-text-align-center\" data-align=\"center\">68-88<\/td><td class=\"has-text-align-center\" data-align=\"center\">68-98<\/td><td class=\"has-text-align-center\" data-align=\"center\">64<\/td><td class=\"has-text-align-center\" data-align=\"center\">21<\/td><\/tr><tr><td class=\"has-text-align-center\" data-align=\"center\">eu<\/td><td class=\"has-text-align-center\" data-align=\"center\">16<\/td><td class=\"has-text-align-center\" data-align=\"center\">72-92<\/td><td class=\"has-text-align-center\" data-align=\"center\">72-102<\/td><td class=\"has-text-align-center\" data-align=\"center\">68<\/td><td class=\"has-text-align-center\" data-align=\"center\">22<\/td><\/tr><tr><td class=\"has-text-align-center\" data-align=\"center\" colspan=\"6\"><strong>Tabela de tamanhos (POLEGADAS)<\/strong><\/td><\/tr><tr><td class=\"has-text-align-center\" data-align=\"center\"><strong>Tamanho<\/strong><\/td><td class=\"has-text-align-center\" data-align=\"center\"><strong>Comprimento (pol.)<\/strong><\/td><td class=\"has-text-align-center\" data-align=\"center\"><strong>Sob o busto (em)<\/strong><\/td><td class=\"has-text-align-center\" data-align=\"center\"><strong>Cintura (dentro)<\/strong><\/td><td class=\"has-text-align-center\" data-align=\"center\"><strong>Cintura (dentro)<\/strong><\/td><td class=\"has-text-align-center\" data-align=\"center\"><strong>Comprimento das cal\u00e7as (pol.)<\/strong><\/td><\/tr><tr><td class=\"has-text-align-center\" data-align=\"center\">S<\/td><td class=\"has-text-align-center\" data-align=\"center\">5.51<\/td><td class=\"has-text-align-center\" data-align=\"center\">25.20-33.07<\/td><td class=\"has-text-align-center\" data-align=\"center\">25.20-37.01<\/td><td class=\"has-text-align-center\" data-align=\"center\">23.62<\/td><td class=\"has-text-align-center\" data-align=\"center\">7.87<\/td><\/tr><tr><td class=\"has-text-align-center\" data-align=\"center\">M<\/td><td class=\"has-text-align-center\" data-align=\"center\">5.91<\/td><td class=\"has-text-align-center\" data-align=\"center\">26.77-34.65<\/td><td class=\"has-text-align-center\" data-align=\"center\">26.77-38.58<\/td><td class=\"has-text-align-center\" data-align=\"center\">25.20<\/td><td class=\"has-text-align-center\" data-align=\"center\">8.27<\/td><\/tr><tr><td class=\"has-text-align-center\" data-align=\"center\">eu<\/td><td class=\"has-text-align-center\" data-align=\"center\">6.30<\/td><td class=\"has-text-align-center\" data-align=\"center\">28.35-36.22<\/td><td class=\"has-text-align-center\" data-align=\"center\">28.35-40.16<\/td><td class=\"has-text-align-center\" data-align=\"center\">26.77<\/td><td class=\"has-text-align-center\" data-align=\"center\">8.66<\/td><\/tr><\/tbody><\/table><\/figure>","protected":false},"excerpt":{"rendered":"<p>Delicie-se com o encanto do nosso <strong>calcinhas e suspens\u00f3rios combinando<\/strong> conjunto, apresentando tecido transparente com requintado bordado em grade em roxo claro e preto. Este conjunto \u00e9 uma prova de eleg\u00e2ncia e sensualidade.<\/p>","protected":false},"featured_media":47914,"template":"","meta":[],"product_brand":[],"product_cat":[368,367,375],"product_tag":[507,452,865,972],"class_list":{"0":"post-47922","1":"product","2":"type-product","3":"status-publish","4":"has-post-thumbnail","6":"product_cat-bra-panty-set","7":"product_cat-sexy-lingerie","8":"product_cat-whoelsale-sheer-bra-and-panty-sets","9":"product_tag-three-pcs-set","10":"product_tag-wholesale-boudoir-lingerie","11":"product_tag-sexy-skimpy-lingerie","12":"product_tag-valentines-day-lingerie","13":"pa_color-purple-women-sexy-lingerie","14":"pa_size-wholesale-large-size-women-sexy-lingerie","15":"pa_size-wholesale-medium-size-women-sexy-lingerie","16":"pa_size-wholesale-small-size-sexy-lingerie","18":"first","19":"instock","20":"taxable","21":"shipping-taxable","22":"purchasable","23":"product-type-variable"},"tiered_pricing_type":"fixed","tiered_pricing_fixed_rules":[],"tiered_pricing_product_settings":{"layout":"table","base_unit_name":{"singular":null,"plural":null},"default_variation":null},"tiered_pricing_minimum_quantity":null,"tiered_pricing_roles_data":[],"tiered_pricing_percentage_rules":[],"tiered_pricing_maximum_quantity":null,"tiered_pricing_quantity_step":null,"_links":{"self":[{"href":"https:\/\/gretasexylingerie.com\/pt\/wp-json\/wp\/v2\/product\/47922","targetHints":{"allow":["GET"]}}],"collection":[{"href":"https:\/\/gretasexylingerie.com\/pt\/wp-json\/wp\/v2\/product"}],"about":[{"href":"https:\/\/gretasexylingerie.com\/pt\/wp-json\/wp\/v2\/types\/product"}],"wp:featuredmedia":[{"embeddable":true,"href":"https:\/\/gretasexylingerie.com\/pt\/wp-json\/wp\/v2\/media\/47914"}],"wp:attachment":[{"href":"https:\/\/gretasexylingerie.com\/pt\/wp-json\/wp\/v2\/media?parent=47922"}],"wp:term":[{"taxonomy":"product_brand","embeddable":true,"href":"https:\/\/gretasexylingerie.com\/pt\/wp-json\/wp\/v2\/product_brand?post=47922"},{"taxonomy":"product_cat","embeddable":true,"href":"https:\/\/gretasexylingerie.com\/pt\/wp-json\/wp\/v2\/product_cat?post=47922"},{"taxonomy":"product_tag","embeddable":true,"href":"https:\/\/gretasexylingerie.com\/pt\/wp-json\/wp\/v2\/product_tag?post=47922"}],"curies":[{"name":"wp","href":"https:\/\/api.w.org\/{rel}","templated":true}]}}