{"id":47837,"date":"2024-01-23T10:10:40","date_gmt":"2024-01-23T02:10:40","guid":{"rendered":"https:\/\/gretasexylingerie.com\/?post_type=product&#038;p=47837"},"modified":"2024-02-20T13:06:46","modified_gmt":"2024-02-20T05:06:46","slug":"conjunto-de-sutia-e-calcinha-brancos-no-atacado","status":"publish","type":"product","link":"https:\/\/gretasexylingerie.com\/pt\/products\/wholesale-white-bra-and-knickers-set\/","title":{"rendered":"Conjunto de suti\u00e3 e calcinha brancos por atacado com bordado de flores"},"content":{"rendered":"<p><strong>Bordado requintado<\/strong>: O padr\u00e3o de bordado azul claro sobre malha transparente branca oferece um visual delicado e sofisticado, perfeito para o <strong>design de calcinha de suti\u00e3 l\u00edquido<\/strong> conhecedor.<\/p>\n\n\n\n<p><strong>Detalhe luxuoso de renda<\/strong>: Cada pe\u00e7a deste conjunto, incluindo suti\u00e3, calcinha, liga, legring e anel de pesco\u00e7o, \u00e9 aprimorada com rendas requintadas, adicionando um toque de luxo ao <strong>calcinha de suti\u00e3 chique<\/strong> cole\u00e7\u00e3o.<\/p>\n\n\n\n<p><strong>Conjunto completo de cinco pe\u00e7as<\/strong>: Este conjunto abrangente oferece um conjunto completo, garantindo um look harmonioso e completo para qualquer ocasi\u00e3o especial ou cole\u00e7\u00e3o de lingerie de luxo.<\/p>\n\n\n\n<p><strong>Variedade de tamanhos<\/strong>: Dispon\u00edvel nos tamanhos S, M, L, este conjunto atende a uma ampla variedade de tipos de corpo, tornando-o uma escolha vers\u00e1til para o seu <strong>suti\u00e3 e calcinha brancos<\/strong> cole\u00e7\u00e3o.<\/p>\n\n\n\n<p><strong>Combina\u00e7\u00e3o de cores elegante<\/strong>: O esquema de cores azul claro e branco exala uma vibra\u00e7\u00e3o serena e elegante, tornando este conjunto uma adi\u00e7\u00e3o \u00fanica e atraente a qualquer linha de lingerie sofisticada.<\/p>\n\n\n\n<p>Melhore a sua oferta de lingerie com este conjunto de suti\u00e3 lindamente bordado. Seu design intrincado e cole\u00e7\u00e3o abrangente de cinco pe\u00e7as certamente cativar\u00e3o e satisfar\u00e3o sua clientela exigente. Perfeito para quem busca uma mistura de eleg\u00e2ncia e sofistica\u00e7\u00e3o em suas escolhas de lingerie. Encomende agora e traga um toque de beleza requintada \u00e0 sua cole\u00e7\u00e3o!<\/p>\n\n\n\n<figure class=\"wp-block-table\"><table><tbody><tr><td class=\"has-text-align-center\" data-align=\"center\" colspan=\"6\"><strong>Tabela de tamanhos (CM)<\/strong><\/td><\/tr><tr><td class=\"has-text-align-center\" data-align=\"center\"><strong>Tamanho<\/strong><\/td><td class=\"has-text-align-center\" data-align=\"center\"><strong>Comprimento (cm)<\/strong><\/td><td class=\"has-text-align-center\" data-align=\"center\"><strong>Abaixo do busto (cm)<\/strong><\/td><td class=\"has-text-align-center\" data-align=\"center\"><strong>cintura (CM)<\/strong><\/td><td class=\"has-text-align-center\" data-align=\"center\"><strong>cintura (CM)<\/strong><\/td><td class=\"has-text-align-center\" data-align=\"center\"><strong>Comprimento (cm)<\/strong><\/td><\/tr><tr><td class=\"has-text-align-center\" data-align=\"center\">S<\/td><td class=\"has-text-align-center\" data-align=\"center\">14<\/td><td class=\"has-text-align-center\" data-align=\"center\">64-84<\/td><td class=\"has-text-align-center\" data-align=\"center\">68-98<\/td><td class=\"has-text-align-center\" data-align=\"center\">68-88<\/td><td class=\"has-text-align-center\" data-align=\"center\">19<\/td><\/tr><tr><td class=\"has-text-align-center\" data-align=\"center\">M<\/td><td class=\"has-text-align-center\" data-align=\"center\">15<\/td><td class=\"has-text-align-center\" data-align=\"center\">68-88<\/td><td class=\"has-text-align-center\" data-align=\"center\">72-102<\/td><td class=\"has-text-align-center\" data-align=\"center\">72-92<\/td><td class=\"has-text-align-center\" data-align=\"center\">20<\/td><\/tr><tr><td class=\"has-text-align-center\" data-align=\"center\">eu<\/td><td class=\"has-text-align-center\" data-align=\"center\">16<\/td><td class=\"has-text-align-center\" data-align=\"center\">72-92<\/td><td class=\"has-text-align-center\" data-align=\"center\">76-106<\/td><td class=\"has-text-align-center\" data-align=\"center\">76-96<\/td><td class=\"has-text-align-center\" data-align=\"center\">21<\/td><\/tr><tr><td class=\"has-text-align-center\" data-align=\"center\" colspan=\"6\"><strong>Tabela de tamanhos (POLEGADAS)<\/strong><\/td><\/tr><tr><td class=\"has-text-align-center\" data-align=\"center\"><strong>Tamanho<\/strong><\/td><td class=\"has-text-align-center\" data-align=\"center\"><strong>Comprimento (pol.)<\/strong><\/td><td class=\"has-text-align-center\" data-align=\"center\"><strong>Sob o busto (em)<\/strong><\/td><td class=\"has-text-align-center\" data-align=\"center\"><strong>Cintura (dentro)<\/strong><\/td><td class=\"has-text-align-center\" data-align=\"center\"><strong>Cintura (dentro)<\/strong><\/td><td class=\"has-text-align-center\" data-align=\"center\"><strong>Comprimento (pol.)<\/strong><\/td><\/tr><tr><td class=\"has-text-align-center\" data-align=\"center\">S<\/td><td class=\"has-text-align-center\" data-align=\"center\">5.51<\/td><td class=\"has-text-align-center\" data-align=\"center\">25.20-33.07<\/td><td class=\"has-text-align-center\" data-align=\"center\">26.77-38.58<\/td><td class=\"has-text-align-center\" data-align=\"center\">26.77-34.65<\/td><td class=\"has-text-align-center\" data-align=\"center\">7.48<\/td><\/tr><tr><td class=\"has-text-align-center\" data-align=\"center\">M<\/td><td class=\"has-text-align-center\" data-align=\"center\">5.91<\/td><td class=\"has-text-align-center\" data-align=\"center\">26.77-34.65<\/td><td class=\"has-text-align-center\" data-align=\"center\">28.35-40.16<\/td><td class=\"has-text-align-center\" data-align=\"center\">28.35-36.22<\/td><td class=\"has-text-align-center\" data-align=\"center\">7.87<\/td><\/tr><tr><td class=\"has-text-align-center\" data-align=\"center\">eu<\/td><td class=\"has-text-align-center\" data-align=\"center\">6.30<\/td><td class=\"has-text-align-center\" data-align=\"center\">28.35-36.22<\/td><td class=\"has-text-align-center\" data-align=\"center\">29.92-41.73<\/td><td class=\"has-text-align-center\" data-align=\"center\">29.92-37.80<\/td><td class=\"has-text-align-center\" data-align=\"center\">8.27<\/td><\/tr><\/tbody><\/table><\/figure>\n\n\n\n<p><\/p>","protected":false},"excerpt":{"rendered":"<p>Descubra o encanto do nosso <strong>suti\u00e3 e calcinha brancos<\/strong> conjunto, adornado com bordado azul claro sobre malha transparente branca. Esse <strong>calcinha de suti\u00e3 chique<\/strong> conjunto \u00e9 uma sinfonia de eleg\u00e2ncia e charme.<\/p>","protected":false},"featured_media":47828,"template":"","meta":[],"product_brand":[],"product_cat":[368,369,367],"product_tag":[505,454,875,518],"class_list":{"0":"post-47837","1":"product","2":"type-product","3":"status-publish","4":"has-post-thumbnail","6":"product_cat-bra-panty-set","7":"product_cat-wholesale-lace-bra-and-panty-sets","8":"product_cat-sexy-lingerie","9":"product_tag-5-piece-lingerie-set","10":"product_tag-wholesale-sexy-embroidered-lingerie","11":"product_tag-lace-sexy-lingerie","12":"product_tag-mesh-lingerie","13":"pa_color-white","14":"pa_size-wholesale-large-size-women-sexy-lingerie","15":"pa_size-wholesale-medium-size-women-sexy-lingerie","16":"pa_size-wholesale-small-size-sexy-lingerie","18":"first","19":"instock","20":"taxable","21":"shipping-taxable","22":"purchasable","23":"product-type-variable"},"tiered_pricing_type":"fixed","tiered_pricing_fixed_rules":[],"tiered_pricing_product_settings":{"layout":"table","base_unit_name":{"singular":null,"plural":null},"default_variation":{}},"tiered_pricing_minimum_quantity":null,"tiered_pricing_roles_data":[],"tiered_pricing_percentage_rules":[],"tiered_pricing_maximum_quantity":null,"tiered_pricing_quantity_step":null,"_links":{"self":[{"href":"https:\/\/gretasexylingerie.com\/pt\/wp-json\/wp\/v2\/product\/47837","targetHints":{"allow":["GET"]}}],"collection":[{"href":"https:\/\/gretasexylingerie.com\/pt\/wp-json\/wp\/v2\/product"}],"about":[{"href":"https:\/\/gretasexylingerie.com\/pt\/wp-json\/wp\/v2\/types\/product"}],"wp:featuredmedia":[{"embeddable":true,"href":"https:\/\/gretasexylingerie.com\/pt\/wp-json\/wp\/v2\/media\/47828"}],"wp:attachment":[{"href":"https:\/\/gretasexylingerie.com\/pt\/wp-json\/wp\/v2\/media?parent=47837"}],"wp:term":[{"taxonomy":"product_brand","embeddable":true,"href":"https:\/\/gretasexylingerie.com\/pt\/wp-json\/wp\/v2\/product_brand?post=47837"},{"taxonomy":"product_cat","embeddable":true,"href":"https:\/\/gretasexylingerie.com\/pt\/wp-json\/wp\/v2\/product_cat?post=47837"},{"taxonomy":"product_tag","embeddable":true,"href":"https:\/\/gretasexylingerie.com\/pt\/wp-json\/wp\/v2\/product_tag?post=47837"}],"curies":[{"name":"wp","href":"https:\/\/api.w.org\/{rel}","templated":true}]}}