{"id":46776,"date":"2023-11-21T01:31:21","date_gmt":"2023-11-20T17:31:21","guid":{"rendered":"https:\/\/gretasexylingerie.com\/?post_type=product&#038;p=46776"},"modified":"2024-04-04T16:22:52","modified_gmt":"2024-04-04T08:22:52","slug":"bustie-de-liga-no-atacado-com-decote-frente-unica-e-design-de-rede-arrastao","status":"publish","type":"product","link":"https:\/\/gretasexylingerie.com\/pt\/products\/wholesale-garter-bustier-with-halter-neck-and-fishnet-design\/","title":{"rendered":"Bustier de liga no atacado com decote halter e design de rede arrast\u00e3o"},"content":{"rendered":"<ol class=\"wp-block-list\">\n<li><strong>Busti\u00ea de liga<\/strong>: Experimente a mistura perfeita de estilo e sedu\u00e7\u00e3o com nosso busti\u00ea liga. Ele foi projetado para embelezar sua figura e adicionar um toque de eleg\u00e2ncia ousada \u00e0 sua cole\u00e7\u00e3o de lingerie.<\/li>\n\n\n\n<li><strong>Conjunto Busti\u00ea Preto<\/strong>: Este conjunto \u00e9 um complemento atemporal para qualquer guarda-roupa, oferecendo versatilidade e estilo. Ideal para quem aprecia a beleza cl\u00e1ssica com um toque contempor\u00e2neo.<\/li>\n\n\n\n<li><strong>Material de rede arrast\u00e3o<\/strong>: O material arrast\u00e3o deste conjunto busti\u00ea n\u00e3o \u00e9 apenas atraente; \u00e9 uma declara\u00e7\u00e3o de moda. Projetado para o indiv\u00edduo confiante e preocupado com o estilo.<\/li>\n\n\n\n<li><strong>Design de pesco\u00e7o halter<\/strong>: O decote frente \u00fanica adiciona um elemento chique e estiloso ao busti\u00ea, tornando-o uma pe\u00e7a de destaque. Perfeito para quem adora combinar moda com sensualidade.<\/li>\n\n\n\n<li><strong>Design sem costas<\/strong>: O recurso sem costas adiciona uma camada extra de fasc\u00ednio, ideal para ocasi\u00f5es especiais ou quando voc\u00ea deseja se sentir ainda mais confiante e cativante.<\/li>\n\n\n\n<li><strong>Conjunto de lingerie em malha<\/strong>: Este conjunto n\u00e3o \u00e9 apenas visualmente atraente, mas tamb\u00e9m confort\u00e1vel, sendo uma \u00f3tima op\u00e7\u00e3o para quem valoriza estilo e conforto.<\/li>\n<\/ol>\n\n\n\n<p>Eleve sua cole\u00e7\u00e3o de lingerie com nosso conjunto de busti\u00ea de liga no atacado. Esta pe\u00e7a requintada \u00e9 uma prova de eleg\u00e2ncia e conforto ousados. Ideal para quem gosta de se destacar, \u00e9 indispens\u00e1vel pelo seu design exclusivo e ajuste confort\u00e1vel. Fa\u00e7a seu pedido agora e abrace seu eu confiante e elegante!<\/p>\n\n\n\n<figure class=\"wp-block-table\"><table><tbody><tr><td colspan=\"7\"><strong>Tabela de tamanhos (CM)<\/strong><\/td><\/tr><tr><td><strong>Tamanho<\/strong><\/td><td><strong>Comprimento superior (cm)<\/strong><\/td><td><strong>Colarinho (cm)<\/strong><\/td><td><strong>Abaixo do busto (cm)<\/strong><\/td><td><strong>cintura (CM)<\/strong><\/td><td><strong>Cintura da calcinha (cm)<\/strong><\/td><td><strong>Cintura m\u00e9dia anterior (cm)<\/strong><\/td><\/tr><tr><td>S<\/td><td>66<\/td><td>35.5<\/td><td>70-86<\/td><td>64-84<\/td><td>62-102<\/td><td>15.5<\/td><\/tr><tr><td>M<\/td><td>67<\/td><td>37<\/td><td>74-90<\/td><td>68-88<\/td><td>66-106<\/td><td>16<\/td><\/tr><tr><td>eu<\/td><td>68<\/td><td>38.5<\/td><td>78-94<\/td><td>72-92<\/td><td>70-110<\/td><td>16.5<\/td><\/tr><\/tbody><\/table><\/figure>\n\n\n\n<figure class=\"wp-block-table\"><table><tbody><tr><td colspan=\"7\"><strong>Tabela de tamanhos (POLEGADAS)<\/strong><\/td><\/tr><tr><td><strong>Tamanho<\/strong><\/td><td><strong>Comprimento superior (pol.)<\/strong><\/td><td><strong>Colarinho (dentro)<\/strong><\/td><td><strong>Sob o busto (em)<\/strong><\/td><td><strong>Cintura (dentro)<\/strong><\/td><td><strong>Cintura da calcinha (dentro)<\/strong><\/td><td><strong>Cintura m\u00e9dia anterior (dentro)<\/strong><\/td><\/tr><tr><td>S<\/td><td>25.98<\/td><td>13.98<\/td><td>27.56-33.86<\/td><td>25.20-33.07<\/td><td>24.41-40.16<\/td><td>6.10<\/td><\/tr><tr><td>M<\/td><td>26.38<\/td><td>14.57<\/td><td>29.13-35.43<\/td><td>26.77-34.65<\/td><td>25.98-41.73<\/td><td>6.30<\/td><\/tr><tr><td>eu<\/td><td>26.77<\/td><td>15.16<\/td><td>30.71-37.01<\/td><td>28.35-36.22<\/td><td>27.56-43.31<\/td><td>6.50<\/td><\/tr><\/tbody><\/table><\/figure>","protected":false},"excerpt":{"rendered":"<p>Descubra o encanto do nosso <strong>Por atacado Garter Bustier Set<\/strong>, um conjunto deslumbrante que combina a ousadia de <strong>material de rede<\/strong> com a eleg\u00e2ncia de um <strong>busti\u00ea preto<\/strong>. Perfeito para quem ousa se destacar.<\/p>","protected":false},"featured_media":46786,"template":"","meta":[],"product_brand":[],"product_cat":[387,390,367],"product_tag":[541,528,518,446],"class_list":{"0":"post-46776","1":"product","2":"type-product","3":"status-publish","4":"has-post-thumbnail","6":"product_cat-wholesale-bustier-bra-set","7":"product_cat-wholesale-mesh-bustier","8":"product_cat-sexy-lingerie","9":"product_tag-fishnet-lingerie","10":"product_tag-halter-lingerie","11":"product_tag-mesh-lingerie","12":"product_tag-wholesale-sexy-see-through-lingerie","13":"pa_color-black","14":"pa_color-blue-women-sexy-lingerie","15":"pa_color-grey","16":"pa_size-wholesale-large-size-women-sexy-lingerie","17":"pa_size-wholesale-medium-size-women-sexy-lingerie","18":"pa_size-wholesale-small-size-sexy-lingerie","20":"first","21":"instock","22":"taxable","23":"shipping-taxable","24":"purchasable","25":"product-type-variable"},"tiered_pricing_type":"fixed","tiered_pricing_fixed_rules":[],"tiered_pricing_product_settings":{"layout":"table","base_unit_name":{"singular":null,"plural":null},"default_variation":null},"tiered_pricing_minimum_quantity":null,"tiered_pricing_roles_data":[],"tiered_pricing_percentage_rules":[],"tiered_pricing_maximum_quantity":null,"tiered_pricing_quantity_step":null,"_links":{"self":[{"href":"https:\/\/gretasexylingerie.com\/pt\/wp-json\/wp\/v2\/product\/46776","targetHints":{"allow":["GET"]}}],"collection":[{"href":"https:\/\/gretasexylingerie.com\/pt\/wp-json\/wp\/v2\/product"}],"about":[{"href":"https:\/\/gretasexylingerie.com\/pt\/wp-json\/wp\/v2\/types\/product"}],"wp:featuredmedia":[{"embeddable":true,"href":"https:\/\/gretasexylingerie.com\/pt\/wp-json\/wp\/v2\/media\/46786"}],"wp:attachment":[{"href":"https:\/\/gretasexylingerie.com\/pt\/wp-json\/wp\/v2\/media?parent=46776"}],"wp:term":[{"taxonomy":"product_brand","embeddable":true,"href":"https:\/\/gretasexylingerie.com\/pt\/wp-json\/wp\/v2\/product_brand?post=46776"},{"taxonomy":"product_cat","embeddable":true,"href":"https:\/\/gretasexylingerie.com\/pt\/wp-json\/wp\/v2\/product_cat?post=46776"},{"taxonomy":"product_tag","embeddable":true,"href":"https:\/\/gretasexylingerie.com\/pt\/wp-json\/wp\/v2\/product_tag?post=46776"}],"curies":[{"name":"wp","href":"https:\/\/api.w.org\/{rel}","templated":true}]}}