{"id":46526,"date":"2023-11-07T00:36:03","date_gmt":"2023-11-06T16:36:03","guid":{"rendered":"https:\/\/gretasexylingerie.com\/?post_type=product&#038;p=46526"},"modified":"2023-11-07T21:56:24","modified_gmt":"2023-11-07T13:56:24","slug":"atacado-requintado-halter-full-bodystocking","status":"publish","type":"product","link":"https:\/\/gretasexylingerie.com\/pt\/products\/wholesale-exquisite-halter-full-bodystocking\/","title":{"rendered":"Casa Halter Requintado Full Bodystocking"},"content":{"rendered":"<ol class=\"wp-block-list\">\n<li><strong>Pesco\u00e7o Halter Elegante<\/strong>: O design do decote frente \u00fanica deste body n\u00e3o s\u00f3 proporciona um visual atemporal, mas tamb\u00e9m garante um ajuste confort\u00e1vel que acentua o decote e os ombros.<\/li>\n\n\n\n<li><strong>Detalhe requintado em jacquard<\/strong>: Padr\u00f5es intrincados de jacquard entrela\u00e7am-se no bodystocking, oferecendo uma textura luxuosa e interesse visual que cativa e encanta.<\/li>\n\n\n\n<li><strong>Meia-cal\u00e7a arrast\u00e3o atraente<\/strong>: O cl\u00e1ssico elemento meia-cal\u00e7a arrast\u00e3o adiciona uma dimens\u00e3o ousada e sensual ao bodystocking, tornando-o uma adi\u00e7\u00e3o vers\u00e1til \u00e0 sua cole\u00e7\u00e3o de lingerie.<\/li>\n\n\n\n<li><strong>Ousada virilha aberta<\/strong>: Projetado para quem abra\u00e7a a sensualidade, o recurso de virilha aberta convida um elemento de surpresa e emo\u00e7\u00e3o aos seus momentos \u00edntimos.<\/li>\n\n\n\n<li><strong>Cobertura total de corpo inteiro<\/strong>: Como um <strong>meia pura de corpo inteiro<\/strong>, proporciona um contorno ininterrupto que embeleza cada curva, oferecendo uma exibi\u00e7\u00e3o perfeita e provocante do corpo.<\/li>\n<\/ol>\n\n\n\n<p>Descubra o fasc\u00ednio da nossa requintada meia-cal\u00e7a frente \u00fanica, onde a beleza e o desejo se entrela\u00e7am. Ideal para aquelas noites especiais ou como roupa \u00edntima ousada, \u00e9 hora de cativar e seduzir. N\u00e3o espere para adicionar esta pe\u00e7a deslumbrante \u00e0 sua cole\u00e7\u00e3o - experimente hoje mesmo o que h\u00e1 de mais moderno em lingerie sedutora.<\/p>","protected":false},"excerpt":{"rendered":"<p>Entre em um reino de sofistica\u00e7\u00e3o com nossos <strong>meia arrast\u00e3o de corpo inteiro<\/strong>. Confeccionada com uma atraente gola frente \u00fanica e adornada com requintados detalhes em jacquard, esta meia-cal\u00e7a de pe\u00e7a \u00fanica \u00e9 uma obra-prima de design, combinando eleg\u00e2ncia com um toque de ousadia atrav\u00e9s de sua caracter\u00edstica de virilha aberta.<\/p>","protected":false},"featured_media":46539,"template":"","meta":[],"product_brand":[],"product_cat":[405,407,404],"product_tag":[],"class_list":{"0":"post-46526","1":"product","2":"type-product","3":"status-publish","4":"has-post-thumbnail","6":"product_cat-wholesale-bodystocking","7":"product_cat-wholesale-full-body-stocking","8":"product_cat-sexy-stocking","9":"pa_color-black","10":"pa_size-free","12":"first","13":"instock","14":"taxable","15":"shipping-taxable","16":"purchasable","17":"product-type-variable"},"tiered_pricing_type":"fixed","tiered_pricing_fixed_rules":[],"tiered_pricing_product_settings":{"layout":"default","base_unit_name":{"singular":null,"plural":null},"default_variation":null},"tiered_pricing_minimum_quantity":null,"tiered_pricing_roles_data":[],"tiered_pricing_percentage_rules":[],"tiered_pricing_maximum_quantity":null,"tiered_pricing_quantity_step":null,"_links":{"self":[{"href":"https:\/\/gretasexylingerie.com\/pt\/wp-json\/wp\/v2\/product\/46526","targetHints":{"allow":["GET"]}}],"collection":[{"href":"https:\/\/gretasexylingerie.com\/pt\/wp-json\/wp\/v2\/product"}],"about":[{"href":"https:\/\/gretasexylingerie.com\/pt\/wp-json\/wp\/v2\/types\/product"}],"wp:featuredmedia":[{"embeddable":true,"href":"https:\/\/gretasexylingerie.com\/pt\/wp-json\/wp\/v2\/media\/46539"}],"wp:attachment":[{"href":"https:\/\/gretasexylingerie.com\/pt\/wp-json\/wp\/v2\/media?parent=46526"}],"wp:term":[{"taxonomy":"product_brand","embeddable":true,"href":"https:\/\/gretasexylingerie.com\/pt\/wp-json\/wp\/v2\/product_brand?post=46526"},{"taxonomy":"product_cat","embeddable":true,"href":"https:\/\/gretasexylingerie.com\/pt\/wp-json\/wp\/v2\/product_cat?post=46526"},{"taxonomy":"product_tag","embeddable":true,"href":"https:\/\/gretasexylingerie.com\/pt\/wp-json\/wp\/v2\/product_tag?post=46526"}],"curies":[{"name":"wp","href":"https:\/\/api.w.org\/{rel}","templated":true}]}}