{"id":46348,"date":"2023-11-01T21:26:01","date_gmt":"2023-11-01T13:26:01","guid":{"rendered":"https:\/\/gretasexylingerie.com\/?post_type=product&#038;p=46348"},"modified":"2023-11-01T21:29:41","modified_gmt":"2023-11-01T13:29:41","slug":"body-com-suspensorio-no-atacado-com-design-jacquard-requintado","status":"publish","type":"product","link":"https:\/\/gretasexylingerie.com\/pt\/products\/wholesale-suspender-bodystocking-with-exquisite-jacquard-design\/","title":{"rendered":"Bodystocking suspensor por atacado com design requintado de jacquard"},"content":{"rendered":"<ol class=\"wp-block-list\">\n<li><strong>Design elegante de gola redonda<\/strong>: O <strong>body com suspens\u00f3rio<\/strong> possui um design elegante de gola redonda, proporcionando um ajuste confort\u00e1vel enquanto real\u00e7a suas curvas naturais. Este design n\u00e3o s\u00f3 oferece suporte, mas tamb\u00e9m adiciona um toque de eleg\u00e2ncia \u00e0 sua apar\u00eancia geral.<\/li>\n\n\n\n<li><strong>Listras sexy para maior fasc\u00ednio<\/strong>: Adornado com listras sensuais, esse body com certeza vai chamar a aten\u00e7\u00e3o e deixar uma impress\u00e3o duradoura. As listras adicionam um elemento l\u00fadico e sedutor ao design, garantindo que voc\u00ea se sinta confiante e irresist\u00edvel.<\/li>\n\n\n\n<li><strong>Detalhe requintado em jacquard<\/strong>: Os intrincados detalhes em jacquard adicionam uma camada de sofistica\u00e7\u00e3o e luxo ao bodystocking, tornando-o a escolha perfeita para aquelas ocasi\u00f5es especiais. Os detalhes s\u00e3o meticulosamente elaborados, garantindo que cada cent\u00edmetro do tecido seja uma obra de arte.<\/li>\n\n\n\n<li><strong>Conforto e estilo combinados<\/strong>: Com sua mistura de conforto e estilo, este <strong>body de corpo inteiro<\/strong> foi projetado para fazer voc\u00ea se sentir t\u00e3o bem quanto parece. O tecido macio e el\u00e1stico garante um ajuste confort\u00e1vel, enquanto o design elegante garante que voc\u00ea se destaque.<\/li>\n\n\n\n<li><strong>Vers\u00e1til e atemporal<\/strong>: Esta pe\u00e7a \u00e9 vers\u00e1til o suficiente para ser usada sozinha ou combinada com outras pe\u00e7as de lingerie, tornando-se uma adi\u00e7\u00e3o atemporal ao seu guarda-roupa. O design cl\u00e1ssico garante que nunca sai de moda, enquanto os detalhes sexy o mant\u00eam moderno e na moda.<\/li>\n<\/ol>\n\n\n\n<p>Delicie-se com a combina\u00e7\u00e3o definitiva de eleg\u00e2ncia e sedu\u00e7\u00e3o com nosso requintado body com suspens\u00f3rio. Perfeita para quem aprecia o que h\u00e1 de bom na vida, essa pe\u00e7a promete elevar sua cole\u00e7\u00e3o de lingerie e deixar voc\u00ea se sentindo empoderada e irresist\u00edvel. N\u00e3o perca a oportunidade de possuir esta pe\u00e7a de luxo atemporal. Fa\u00e7a seu pedido agora e deixe a transforma\u00e7\u00e3o come\u00e7ar!<\/p>","protected":false},"excerpt":{"rendered":"<p>Mergulhe no mundo da eleg\u00e2ncia e da sedu\u00e7\u00e3o com nossos <strong>body com suspens\u00f3rio<\/strong>, com design de gola redonda e adornado com listras sensuais e jacquard requintado. Esta pe\u00e7a \u00e9 obrigat\u00f3ria para quem busca adicionar um toque de sofistica\u00e7\u00e3o \u00e0 sua cole\u00e7\u00e3o de roupas \u00edntimas.<\/p>","protected":false},"featured_media":46356,"template":"","meta":[],"product_brand":[],"product_cat":[405,404,410],"product_tag":[],"class_list":{"0":"post-46348","1":"product","2":"type-product","3":"status-publish","4":"has-post-thumbnail","6":"product_cat-wholesale-bodystocking","7":"product_cat-sexy-stocking","8":"product_cat-wholesale-suspender-bodystocking","9":"pa_color-black","10":"pa_size-free","12":"first","13":"instock","14":"taxable","15":"shipping-taxable","16":"purchasable","17":"product-type-variable"},"tiered_pricing_type":"fixed","tiered_pricing_fixed_rules":[],"tiered_pricing_product_settings":{"layout":"default","base_unit_name":{"singular":null,"plural":null},"default_variation":{}},"tiered_pricing_minimum_quantity":null,"tiered_pricing_roles_data":[],"tiered_pricing_percentage_rules":[],"tiered_pricing_maximum_quantity":null,"tiered_pricing_quantity_step":null,"_links":{"self":[{"href":"https:\/\/gretasexylingerie.com\/pt\/wp-json\/wp\/v2\/product\/46348","targetHints":{"allow":["GET"]}}],"collection":[{"href":"https:\/\/gretasexylingerie.com\/pt\/wp-json\/wp\/v2\/product"}],"about":[{"href":"https:\/\/gretasexylingerie.com\/pt\/wp-json\/wp\/v2\/types\/product"}],"wp:featuredmedia":[{"embeddable":true,"href":"https:\/\/gretasexylingerie.com\/pt\/wp-json\/wp\/v2\/media\/46356"}],"wp:attachment":[{"href":"https:\/\/gretasexylingerie.com\/pt\/wp-json\/wp\/v2\/media?parent=46348"}],"wp:term":[{"taxonomy":"product_brand","embeddable":true,"href":"https:\/\/gretasexylingerie.com\/pt\/wp-json\/wp\/v2\/product_brand?post=46348"},{"taxonomy":"product_cat","embeddable":true,"href":"https:\/\/gretasexylingerie.com\/pt\/wp-json\/wp\/v2\/product_cat?post=46348"},{"taxonomy":"product_tag","embeddable":true,"href":"https:\/\/gretasexylingerie.com\/pt\/wp-json\/wp\/v2\/product_tag?post=46348"}],"curies":[{"name":"wp","href":"https:\/\/api.w.org\/{rel}","templated":true}]}}