{"id":46328,"date":"2023-10-31T23:04:16","date_gmt":"2023-10-31T15:04:16","guid":{"rendered":"https:\/\/gretasexylingerie.com\/?post_type=product&#038;p=46328"},"modified":"2023-10-31T23:05:27","modified_gmt":"2023-10-31T15:05:27","slug":"meia-branca-transparente-no-atacado-com-design-profundo-em-v-sem-costas","status":"publish","type":"product","link":"https:\/\/gretasexylingerie.com\/pt\/products\/wholesale-sheer-white-stocking-with-deep-v-backless-design\/","title":{"rendered":"Meia branca transparente no atacado com design profundo em V sem costas"},"content":{"rendered":"<ol class=\"wp-block-list\">\n<li><strong>Eleg\u00e2ncia branca pura<\/strong>: A tonalidade branca imaculada exala um charme puro e et\u00e9reo, tornando-a uma pe\u00e7a vers\u00e1til para diversas ocasi\u00f5es. Sua natureza pura adiciona um toque de mist\u00e9rio e fasc\u00ednio, garantindo que quem o usa se destaque.<\/li>\n\n\n\n<li><strong>Sedu\u00e7\u00e3o Transparente<\/strong>: Feito para provocar e atormentar, o tecido transparente garante que o usu\u00e1rio se sinta atraente e irresist\u00edvel. \u00c9 a escolha ideal para quem quer fazer uma declara\u00e7\u00e3o ousada.<\/li>\n\n\n\n<li><strong>Design sem costas em V profundo<\/strong>: Este recurso sensual acentua as costas, oferecendo uma vis\u00e3o tentadora. \u00c9 a mistura perfeita de eleg\u00e2ncia e sedu\u00e7\u00e3o, tornando-se um must-have em qualquer cole\u00e7\u00e3o.<\/li>\n\n\n\n<li><strong>Design de al\u00e7a<\/strong>: O intrincado design da al\u00e7a n\u00e3o s\u00f3 oferece suporte, mas tamb\u00e9m adiciona um toque de sofistica\u00e7\u00e3o ao bodystocking. \u00c9 uma maneira sutil, mas eficaz de elevar o design geral.<\/li>\n\n\n\n<li><strong>N\u00e1ilon de alta qualidade<\/strong>: Feito com n\u00e1ilon premium, esta meia \u00e9 macia ao toque e confort\u00e1vel de usar. \u00c9 dur\u00e1vel e projetado para durar, garantindo que os clientes obtenham valor pelo seu dinheiro.<\/li>\n<\/ol>\n\n\n\n<p>Entre em um reino de eleg\u00e2ncia e sensualidade. Nossa meia n\u00e3o \u00e9 apenas uma pe\u00e7a de roupa; \u00e9 uma declara\u00e7\u00e3o. Com seu charme absoluto e design sem costas em V profundo, deixe sua clientela abra\u00e7ar sua diva interior. Eleve sua cole\u00e7\u00e3o e fa\u00e7a seu pedido agora!<\/p>","protected":false},"excerpt":{"rendered":"<p>Apresentando nosso <strong>body de n\u00e1ilon transparente<\/strong> em branco imaculado. Uma mistura cativante de eleg\u00e2ncia e fasc\u00ednio, este <strong>body sexy de n\u00e1ilon<\/strong> foi projetado para fazer uma declara\u00e7\u00e3o.<\/p>","protected":false},"featured_media":46337,"template":"","meta":[],"product_brand":[],"product_cat":[405,370,404,409],"product_tag":[],"class_list":{"0":"post-46328","1":"product","2":"type-product","3":"status-publish","4":"has-post-thumbnail","6":"product_cat-wholesale-bodystocking","7":"product_cat-bodysuit","8":"product_cat-sexy-stocking","9":"product_cat-wholesale-stocking-bodysuit","10":"pa_color-white","11":"pa_size-free","13":"first","14":"instock","15":"taxable","16":"shipping-taxable","17":"purchasable","18":"product-type-variable"},"tiered_pricing_type":"fixed","tiered_pricing_fixed_rules":[],"tiered_pricing_product_settings":{"layout":"default","base_unit_name":{"singular":null,"plural":null},"default_variation":{}},"tiered_pricing_minimum_quantity":null,"tiered_pricing_roles_data":[],"tiered_pricing_percentage_rules":[],"tiered_pricing_maximum_quantity":null,"tiered_pricing_quantity_step":null,"_links":{"self":[{"href":"https:\/\/gretasexylingerie.com\/pt\/wp-json\/wp\/v2\/product\/46328","targetHints":{"allow":["GET"]}}],"collection":[{"href":"https:\/\/gretasexylingerie.com\/pt\/wp-json\/wp\/v2\/product"}],"about":[{"href":"https:\/\/gretasexylingerie.com\/pt\/wp-json\/wp\/v2\/types\/product"}],"wp:featuredmedia":[{"embeddable":true,"href":"https:\/\/gretasexylingerie.com\/pt\/wp-json\/wp\/v2\/media\/46337"}],"wp:attachment":[{"href":"https:\/\/gretasexylingerie.com\/pt\/wp-json\/wp\/v2\/media?parent=46328"}],"wp:term":[{"taxonomy":"product_brand","embeddable":true,"href":"https:\/\/gretasexylingerie.com\/pt\/wp-json\/wp\/v2\/product_brand?post=46328"},{"taxonomy":"product_cat","embeddable":true,"href":"https:\/\/gretasexylingerie.com\/pt\/wp-json\/wp\/v2\/product_cat?post=46328"},{"taxonomy":"product_tag","embeddable":true,"href":"https:\/\/gretasexylingerie.com\/pt\/wp-json\/wp\/v2\/product_tag?post=46328"}],"curies":[{"name":"wp","href":"https:\/\/api.w.org\/{rel}","templated":true}]}}