{"id":46096,"date":"2023-10-23T00:31:26","date_gmt":"2023-10-22T16:31:26","guid":{"rendered":"https:\/\/gretasexylingerie.com\/?post_type=product&#038;p=46096"},"modified":"2023-10-23T00:33:03","modified_gmt":"2023-10-22T16:33:03","slug":"atacado-uniforme-de-empregada-preta-sexy-com-babados-brancos","status":"publish","type":"product","link":"https:\/\/gretasexylingerie.com\/pt\/products\/wholesale-sexy-black-maid-uniform-with-white-ruffles\/","title":{"rendered":"Uniforme de empregada preta sexy por atacado com babados brancos"},"content":{"rendered":"<ol class=\"wp-block-list\">\n<li>Pronto para boate: Nosso uniforme preto de empregada \u00e9 feito sob medida para a mulher moderna que busca se destacar. O design sexy da empregada francesa combina elementos cl\u00e1ssicos de servi\u00e7o com um toque contempor\u00e2neo de fasc\u00ednio de boate, tornando-o a melhor escolha para quem busca uma mistura de servi\u00e7o e sedu\u00e7\u00e3o.<\/li>\n\n\n\n<li>Babados brancos de celebridades da Internet: Os babados brancos, inspirados nas tend\u00eancias de celebridades da internet, oferecem um toque de charme l\u00fadico, diferenciando-os dos tradicionais trajes de empregada dom\u00e9stica. Seu design intrincado garante um apelo marcante para aqueles momentos especiais.<\/li>\n\n\n\n<li>Design transparente em V profundo: O design em V profundo adiciona um toque de sofistica\u00e7\u00e3o sensual, capturando a ess\u00eancia do visual cl\u00e1ssico de empregada dom\u00e9stica e adicionando um toque moderno.<\/li>\n\n\n\n<li>Saia curta com exposi\u00e7\u00e3o das n\u00e1degas: O design da saia curta, complementado pelo recurso de exposi\u00e7\u00e3o das n\u00e1degas, oferece conforto e estilo, garantindo que os usu\u00e1rios se sintam confiantes e atraentes.<\/li>\n\n\n\n<li>Conjunto completo: da saia e calcinha definidoras ao avental, tiara, gola, luvas e bast\u00e3o de penas complementares, cada pe\u00e7a deste conjunto complementa o visual geral, oferecendo aos clientes uma experi\u00eancia completa de encena\u00e7\u00e3o.<\/li>\n<\/ol>\n\n\n\n<p>Expanda sua cole\u00e7\u00e3o de varejo com nossa fantasia sexy de governanta, combinando eleg\u00e2ncia cl\u00e1ssica com materiais modernos. Mergulhe no mundo das roupas de limpeza sensuais com este conjunto. Contate-nos para consultas de atacado e aumente seu sortimento.<\/p>","protected":false},"excerpt":{"rendered":"<p>Entre no centro das aten\u00e7\u00f5es com nosso uniforme preto de empregada, perfeito para eventos em boates e festas tem\u00e1ticas. Adornada com babados brancos de celebridades da internet e um design transparente em V profundo, esta roupa \u00e9 o ep\u00edtome da eleg\u00e2ncia sensual. Mergulhe em uma narrativa de servi\u00e7o, fasc\u00ednio e charme l\u00fadico.<\/p>","protected":false},"featured_media":46104,"template":"","meta":[],"product_brand":[],"product_cat":[974],"product_tag":[989],"class_list":{"0":"post-46096","1":"product","2":"type-product","3":"status-publish","4":"has-post-thumbnail","6":"product_cat-wholesale-sexy-costumes","7":"product_tag-nurse-costume","8":"pa_color-black","9":"pa_size-free","11":"first","12":"instock","13":"taxable","14":"shipping-taxable","15":"purchasable","16":"product-type-variable"},"tiered_pricing_type":"fixed","tiered_pricing_fixed_rules":[],"tiered_pricing_product_settings":{"layout":"default","base_unit_name":{"singular":null,"plural":null},"default_variation":{}},"tiered_pricing_minimum_quantity":null,"tiered_pricing_roles_data":[],"tiered_pricing_percentage_rules":[],"tiered_pricing_maximum_quantity":null,"tiered_pricing_quantity_step":null,"_links":{"self":[{"href":"https:\/\/gretasexylingerie.com\/pt\/wp-json\/wp\/v2\/product\/46096","targetHints":{"allow":["GET"]}}],"collection":[{"href":"https:\/\/gretasexylingerie.com\/pt\/wp-json\/wp\/v2\/product"}],"about":[{"href":"https:\/\/gretasexylingerie.com\/pt\/wp-json\/wp\/v2\/types\/product"}],"wp:featuredmedia":[{"embeddable":true,"href":"https:\/\/gretasexylingerie.com\/pt\/wp-json\/wp\/v2\/media\/46104"}],"wp:attachment":[{"href":"https:\/\/gretasexylingerie.com\/pt\/wp-json\/wp\/v2\/media?parent=46096"}],"wp:term":[{"taxonomy":"product_brand","embeddable":true,"href":"https:\/\/gretasexylingerie.com\/pt\/wp-json\/wp\/v2\/product_brand?post=46096"},{"taxonomy":"product_cat","embeddable":true,"href":"https:\/\/gretasexylingerie.com\/pt\/wp-json\/wp\/v2\/product_cat?post=46096"},{"taxonomy":"product_tag","embeddable":true,"href":"https:\/\/gretasexylingerie.com\/pt\/wp-json\/wp\/v2\/product_tag?post=46096"}],"curies":[{"name":"wp","href":"https:\/\/api.w.org\/{rel}","templated":true}]}}