{"id":46023,"date":"2023-10-21T21:43:14","date_gmt":"2023-10-21T13:43:14","guid":{"rendered":"https:\/\/gretasexylingerie.com\/?post_type=product&#038;p=46023"},"modified":"2023-10-21T21:44:27","modified_gmt":"2023-10-21T13:44:27","slug":"atacado-uniforme-de-natal-sedutor-com-conjunto-de-body-de-cetim-vermelho","status":"publish","type":"product","link":"https:\/\/gretasexylingerie.com\/pt\/products\/wholesale-seductive-christma-uniform-with-red-satin-bodysuit-set\/","title":{"rendered":"Uniforme de Natal sedutor por atacado com conjunto de body de cetim vermelho"},"content":{"rendered":"<ol class=\"wp-block-list\">\n<li>Festivo e atraente: nosso uniforme sexy de Natal \u00e9 o ep\u00edtome do fasc\u00ednio do feriado. O design quente e sexy da fantasia de Halloween combina o esp\u00edrito festivo com um toque de sensualidade moderna, tornando-o a melhor escolha para quem busca uma mistura de celebra\u00e7\u00e3o e sedu\u00e7\u00e3o.<\/li>\n\n\n\n<li>Body luxuoso de cetim vermelho: O body de cetim vermelho oferece luxo, diferenciando-o dos trajes tradicionais de f\u00e9rias. Sua rica textura e brilho garantem um apelo marcante para aquelas noites especiais.<\/li>\n\n\n\n<li>Conjunto completo de acess\u00f3rios: desde a divertida faixa de chifre e anel de pesco\u00e7o at\u00e9 as luvas elegantes, todos os acess\u00f3rios deste conjunto complementam a apar\u00eancia geral, oferecendo aos clientes uma experi\u00eancia festiva completa.<\/li>\n\n\n\n<li>Pronto para atacado: Feito sob medida para atacado, este uniforme de Natal sedutor est\u00e1 definido para se tornar um item mais vendido durante a temporada de f\u00e9rias. \u00c9 mais do que apenas uma fantasia; incorpora fantasia festiva e explora\u00e7\u00e3o l\u00fadica.<\/li>\n\n\n\n<li>Perfeito para o Halloween e o Natal: embora feito sob medida para o Natal, o design sexy da fantasia vermelha de Halloween garante que seja vers\u00e1til o suficiente para as celebra\u00e7\u00f5es do Halloween, oferecendo aos varejistas um produto para duas esta\u00e7\u00f5es.<\/li>\n<\/ol>\n\n\n\n<p>Expanda sua cole\u00e7\u00e3o de varejo com nossas sedutoras fantasias de Halloween, combinando celebra\u00e7\u00e3o festiva com charme moderno. Mergulhe no mundo dos trajes de cosplay de f\u00e9rias com este conjunto. Contate-nos para consultas de atacado e aumente seu sortimento.<\/p>","protected":false},"excerpt":{"rendered":"<p>1. Festivo e atraente: nosso uniforme sexy de Natal \u00e9 o ep\u00edtome do fasc\u00ednio do feriado. O design quente e sexy da fantasia de Halloween combina o esp\u00edrito festivo com um toque de sensualidade moderna, tornando-o a melhor escolha para quem busca uma mistura de celebra\u00e7\u00e3o e sedu\u00e7\u00e3o. 2. Luxuoso Body de Cetim Vermelho: O body de cetim vermelho oferece luxo, diferenciando-o dos trajes tradicionais de f\u00e9rias. Sua rica textura e brilho garantem um apelo marcante para aquelas noites especiais. 3. Conjunto completo de acess\u00f3rios: desde a divertida faixa de chifre e anel de pesco\u00e7o at\u00e9 as luvas elegantes, cada acess\u00f3rio neste conjunto complementa a apar\u00eancia geral, oferecendo aos clientes uma experi\u00eancia festiva completa. 4. Pronto para atacado: Feito sob medida para atacado, este uniforme de Natal sedutor est\u00e1 definido para se tornar um item mais vendido durante a temporada de f\u00e9rias. \u00c9 mais do que apenas uma fantasia; incorpora fantasia festiva e explora\u00e7\u00e3o l\u00fadica. 5. Perfeito para Halloween e Natal: embora feito sob medida para o Natal, o design sexy da fantasia vermelha de Halloween garante que seja vers\u00e1til o suficiente para as celebra\u00e7\u00f5es do Halloween, oferecendo aos varejistas um produto de duas esta\u00e7\u00f5es. Expanda sua cole\u00e7\u00e3o de varejo com nossas sedutoras fantasias de Halloween, combinando celebra\u00e7\u00e3o festiva com charme moderno. Mergulhe no mundo dos trajes de cosplay de f\u00e9rias com este conjunto. Contate-nos para consultas de atacado e aumente seu sortimento.<\/p>","protected":false},"featured_media":46031,"template":"","meta":[],"product_brand":[],"product_cat":[974],"product_tag":[984],"class_list":{"0":"post-46023","1":"product","2":"type-product","3":"status-publish","4":"has-post-thumbnail","6":"product_cat-wholesale-sexy-costumes","7":"product_tag-halloween-costumes","8":"pa_color-red-women-sexy-lingerie","9":"pa_size-free","11":"first","12":"instock","13":"taxable","14":"shipping-taxable","15":"purchasable","16":"product-type-variable"},"tiered_pricing_type":"fixed","tiered_pricing_fixed_rules":[],"tiered_pricing_product_settings":{"layout":"default","base_unit_name":{"singular":null,"plural":null},"default_variation":{}},"tiered_pricing_minimum_quantity":null,"tiered_pricing_roles_data":[],"tiered_pricing_percentage_rules":[],"tiered_pricing_maximum_quantity":null,"tiered_pricing_quantity_step":null,"_links":{"self":[{"href":"https:\/\/gretasexylingerie.com\/pt\/wp-json\/wp\/v2\/product\/46023","targetHints":{"allow":["GET"]}}],"collection":[{"href":"https:\/\/gretasexylingerie.com\/pt\/wp-json\/wp\/v2\/product"}],"about":[{"href":"https:\/\/gretasexylingerie.com\/pt\/wp-json\/wp\/v2\/types\/product"}],"wp:featuredmedia":[{"embeddable":true,"href":"https:\/\/gretasexylingerie.com\/pt\/wp-json\/wp\/v2\/media\/46031"}],"wp:attachment":[{"href":"https:\/\/gretasexylingerie.com\/pt\/wp-json\/wp\/v2\/media?parent=46023"}],"wp:term":[{"taxonomy":"product_brand","embeddable":true,"href":"https:\/\/gretasexylingerie.com\/pt\/wp-json\/wp\/v2\/product_brand?post=46023"},{"taxonomy":"product_cat","embeddable":true,"href":"https:\/\/gretasexylingerie.com\/pt\/wp-json\/wp\/v2\/product_cat?post=46023"},{"taxonomy":"product_tag","embeddable":true,"href":"https:\/\/gretasexylingerie.com\/pt\/wp-json\/wp\/v2\/product_tag?post=46023"}],"curies":[{"name":"wp","href":"https:\/\/api.w.org\/{rel}","templated":true}]}}