{"id":45998,"date":"2023-10-21T00:04:45","date_gmt":"2023-10-20T16:04:45","guid":{"rendered":"https:\/\/gretasexylingerie.com\/?post_type=product&#038;p=45998"},"modified":"2023-10-21T00:05:46","modified_gmt":"2023-10-20T16:05:46","slug":"atacado-uniforme-de-empregada-excentrica-de-renda-branca-com-conjunto-de-gaze-transparente","status":"publish","type":"product","link":"https:\/\/gretasexylingerie.com\/pt\/products\/wholesale-white-lace-kinky-maid-uniform-with-transparent-gauze-set\/","title":{"rendered":"Uniforme de empregada exc\u00eantrica de renda branca por atacado com conjunto de gaze transparente"},"content":{"rendered":"<ol class=\"wp-block-list\">\n<li>Pronto para jogar: Nossa roupa Cosmaid simboliza eleg\u00e2ncia e fasc\u00ednio. O design de empregada francesa sem virilha combina tradi\u00e7\u00e3o com um toque de sensualidade moderna, tornando-o uma excelente escolha para quem procura uma mistura de servi\u00e7o e sedu\u00e7\u00e3o.<\/li>\n\n\n\n<li>Renda Floral Branca Elegante: A renda floral branca oferece um toque de inoc\u00eancia, diferenciando-se dos tradicionais trajes de empregada dom\u00e9stica. Seu design intrincado garante um apelo marcante para aquelas noites especiais.<\/li>\n\n\n\n<li>Design provocativo de calcinha aberta: O design de calcinha aberta captura o lado sedutor do visual cl\u00e1ssico de empregada dom\u00e9stica, oferecendo uma mistura de eleg\u00e2ncia e fasc\u00ednio que certamente chamar\u00e1 a aten\u00e7\u00e3o.<\/li>\n\n\n\n<li>Conjunto completo de acess\u00f3rios: desde a bandana de empregada e o anel de pesco\u00e7o at\u00e9 a calcinha aberta exclusiva, cada acess\u00f3rio neste conjunto complementa a apar\u00eancia geral, oferecendo aos clientes uma experi\u00eancia completa de dramatiza\u00e7\u00e3o.<\/li>\n\n\n\n<li>Pronto para atacado* Feito sob medida para atacado, este uniforme Kinky Maid est\u00e1 prestes a se tornar um item mais vendido. \u00c9 mais do que apenas uma fantasia; incorpora fantasia e explora\u00e7\u00e3o l\u00fadica.<\/li>\n<\/ol>\n\n\n\n<p>Expanda sua cole\u00e7\u00e3o de varejo com nossos trajes de empregada francesa sem virilha, combinando eleg\u00e2ncia cl\u00e1ssica com charme moderno. Mergulhe no mundo dos trajes de empregada dom\u00e9stica com este conjunto. Contate-nos para consultas de atacado e aumente seu sortimento.<\/p>","protected":false},"excerpt":{"rendered":"<p>Abrace o fasc\u00ednio do servi\u00e7o com nosso vestido de empregada francesa com babados, perfeito para ocasi\u00f5es especiais e eventos de dramatiza\u00e7\u00e3o. Esse conjunto de renda floral branca com gaze preta transparente e calcinha aberta capta a ess\u00eancia da empregada provocante. Mergulhe numa narrativa de eleg\u00e2ncia e tenta\u00e7\u00e3o.<\/p>","protected":false},"featured_media":46007,"template":"","meta":[],"product_brand":[],"product_cat":[974],"product_tag":[984,980],"class_list":{"0":"post-45998","1":"product","2":"type-product","3":"status-publish","4":"has-post-thumbnail","6":"product_cat-wholesale-sexy-costumes","7":"product_tag-halloween-costumes","8":"product_tag-maid-costumes","9":"pa_color-white","10":"pa_size-free","12":"first","13":"instock","14":"taxable","15":"shipping-taxable","16":"purchasable","17":"product-type-variable"},"tiered_pricing_type":"fixed","tiered_pricing_fixed_rules":[],"tiered_pricing_product_settings":{"layout":"default","base_unit_name":{"singular":null,"plural":null},"default_variation":{}},"tiered_pricing_minimum_quantity":null,"tiered_pricing_roles_data":[],"tiered_pricing_percentage_rules":[],"tiered_pricing_maximum_quantity":null,"tiered_pricing_quantity_step":null,"_links":{"self":[{"href":"https:\/\/gretasexylingerie.com\/pt\/wp-json\/wp\/v2\/product\/45998","targetHints":{"allow":["GET"]}}],"collection":[{"href":"https:\/\/gretasexylingerie.com\/pt\/wp-json\/wp\/v2\/product"}],"about":[{"href":"https:\/\/gretasexylingerie.com\/pt\/wp-json\/wp\/v2\/types\/product"}],"wp:featuredmedia":[{"embeddable":true,"href":"https:\/\/gretasexylingerie.com\/pt\/wp-json\/wp\/v2\/media\/46007"}],"wp:attachment":[{"href":"https:\/\/gretasexylingerie.com\/pt\/wp-json\/wp\/v2\/media?parent=45998"}],"wp:term":[{"taxonomy":"product_brand","embeddable":true,"href":"https:\/\/gretasexylingerie.com\/pt\/wp-json\/wp\/v2\/product_brand?post=45998"},{"taxonomy":"product_cat","embeddable":true,"href":"https:\/\/gretasexylingerie.com\/pt\/wp-json\/wp\/v2\/product_cat?post=45998"},{"taxonomy":"product_tag","embeddable":true,"href":"https:\/\/gretasexylingerie.com\/pt\/wp-json\/wp\/v2\/product_tag?post=45998"}],"curies":[{"name":"wp","href":"https:\/\/api.w.org\/{rel}","templated":true}]}}