{"id":45949,"date":"2023-10-20T22:21:22","date_gmt":"2023-10-20T14:21:22","guid":{"rendered":"https:\/\/gretasexylingerie.com\/?post_type=product&#038;p=45949"},"modified":"2023-10-20T22:22:36","modified_gmt":"2023-10-20T14:22:36","slug":"fantasia-de-empregada-francesa-de-renda-no-atacado-com-conjunto-superior-transparente","status":"publish","type":"product","link":"https:\/\/gretasexylingerie.com\/pt\/products\/wholesale-lace-french-maid-costume-with-transparent-top-set\/","title":{"rendered":"Fantasia de empregada francesa de renda por atacado com conjunto superior transparente"},"content":{"rendered":"<ol class=\"wp-block-list\">\n<li>Apelo cl\u00e1ssico da empregada dom\u00e9stica francesa: Nossa roupa incorpora o fasc\u00ednio atemporal da empregada francesa. O vestido preto de empregada francesa combina tradi\u00e7\u00e3o com sensualidade moderna, sendo a melhor escolha para quem busca uma mistura de servi\u00e7o e charme.<\/li>\n\n\n\n<li>Top Sensual de Renda Transparente: O top de renda transparente oferece um vislumbre do charme moderno, diferenciando-o dos tradicionais trajes de empregada dom\u00e9stica. Combinada com a saia decorada com renda branca, garante um apelo marcante.<\/li>\n\n\n\n<li>Decora\u00e7\u00f5es detalhadas de renda branca: Os detalhes de renda branca na saia capturam a ess\u00eancia do look cl\u00e1ssico de empregada dom\u00e9stica. Esta mistura de inoc\u00eancia e fasc\u00ednio oferece aos varejistas um produto \u00fanico que se destaca.<\/li>\n\n\n\n<li>Conjunto abrangente de acess\u00f3rios: desde a faixa definidora para a cabe\u00e7a e o anel de pesco\u00e7o at\u00e9 o elegante avental e as meias arrast\u00e3o, todos os acess\u00f3rios deste conjunto complementam a apar\u00eancia geral, oferecendo aos clientes uma experi\u00eancia completa de dramatiza\u00e7\u00e3o.<\/li>\n\n\n\n<li>Pronto para atacado: Feito sob medida para atacado, esta fantasia de empregada francesa de renda est\u00e1 prestes a se tornar um item mais vendido. \u00c9 mais do que apenas uma fantasia; incorpora fantasia e explora\u00e7\u00e3o l\u00fadica.<\/li>\n<\/ol>\n\n\n\n<p>Expanda sua cole\u00e7\u00e3o de varejo com nossa atrevida roupa de empregada, combinando charme cl\u00e1ssico com charme moderno. Mergulhe no mundo dos trajes de renda de empregada francesa com este conjunto. Contate-nos para consultas de atacado e aumente seu sortimento.<\/p>","protected":false},"excerpt":{"rendered":"<p>Revele eleg\u00e2ncia com nosso atrevido traje de empregada, perfeito para uma encena\u00e7\u00e3o envolvente. Este vestido preto de empregada francesa, adornado com um top de renda transparente e saia branca, captura o fasc\u00ednio cl\u00e1ssico. Mergulhe em uma narrativa de servi\u00e7o e sedu\u00e7\u00e3o.<\/p>","protected":false},"featured_media":45957,"template":"","meta":[],"product_brand":[],"product_cat":[974],"product_tag":[980],"class_list":{"0":"post-45949","1":"product","2":"type-product","3":"status-publish","4":"has-post-thumbnail","6":"product_cat-wholesale-sexy-costumes","7":"product_tag-maid-costumes","8":"pa_color-black","9":"pa_size-free","11":"first","12":"instock","13":"taxable","14":"shipping-taxable","15":"purchasable","16":"product-type-variable"},"tiered_pricing_type":"fixed","tiered_pricing_fixed_rules":[],"tiered_pricing_product_settings":{"layout":"default","base_unit_name":{"singular":null,"plural":null},"default_variation":{}},"tiered_pricing_minimum_quantity":null,"tiered_pricing_roles_data":[],"tiered_pricing_percentage_rules":[],"tiered_pricing_maximum_quantity":null,"tiered_pricing_quantity_step":null,"_links":{"self":[{"href":"https:\/\/gretasexylingerie.com\/pt\/wp-json\/wp\/v2\/product\/45949","targetHints":{"allow":["GET"]}}],"collection":[{"href":"https:\/\/gretasexylingerie.com\/pt\/wp-json\/wp\/v2\/product"}],"about":[{"href":"https:\/\/gretasexylingerie.com\/pt\/wp-json\/wp\/v2\/types\/product"}],"wp:featuredmedia":[{"embeddable":true,"href":"https:\/\/gretasexylingerie.com\/pt\/wp-json\/wp\/v2\/media\/45957"}],"wp:attachment":[{"href":"https:\/\/gretasexylingerie.com\/pt\/wp-json\/wp\/v2\/media?parent=45949"}],"wp:term":[{"taxonomy":"product_brand","embeddable":true,"href":"https:\/\/gretasexylingerie.com\/pt\/wp-json\/wp\/v2\/product_brand?post=45949"},{"taxonomy":"product_cat","embeddable":true,"href":"https:\/\/gretasexylingerie.com\/pt\/wp-json\/wp\/v2\/product_cat?post=45949"},{"taxonomy":"product_tag","embeddable":true,"href":"https:\/\/gretasexylingerie.com\/pt\/wp-json\/wp\/v2\/product_tag?post=45949"}],"curies":[{"name":"wp","href":"https:\/\/api.w.org\/{rel}","templated":true}]}}