{"id":45940,"date":"2023-10-20T22:01:16","date_gmt":"2023-10-20T14:01:16","guid":{"rendered":"https:\/\/gretasexylingerie.com\/?post_type=product&#038;p=45940"},"modified":"2023-10-20T22:01:28","modified_gmt":"2023-10-20T14:01:28","slug":"atacado-roupa-xadrez-colegial-body-de-renda-halterneck","status":"publish","type":"product","link":"https:\/\/gretasexylingerie.com\/pt\/products\/wholesale-plaid-schoolgirl-outfit-halterneck-lace-bodysuit\/","title":{"rendered":"Roupa de estudante xadrez por atacado Halterneck Lace Bodysuit"},"content":{"rendered":"<ol class=\"wp-block-list\">\n<li>Cosplay de colegial quente: abrace a ess\u00eancia do fasc\u00ednio juvenil com nosso conjunto de uniforme xadrez de estudante. O design captura o charme l\u00fadico dos temas escolares, tornando-o a melhor escolha para quem explora uma narrativa de inoc\u00eancia e sedu\u00e7\u00e3o.<\/li>\n\n\n\n<li>Body Sensual de Renda Halterneck: O body de renda halterneck oferece um visual \u00fanico e cativante, adicionando um toque de sensualidade moderna ao cl\u00e1ssico tema colegial. A perspectiva em V profundo garante um apelo marcante, perfeito para apresenta\u00e7\u00f5es noturnas.<\/li>\n\n\n\n<li>Saia Xadrez Cl\u00e1ssica: A saia xadrez \u00e9 uma pe\u00e7a atemporal, capturando a ess\u00eancia do look cl\u00e1ssico de colegial. Combinado com o body de renda, combina tradi\u00e7\u00e3o e estilo contempor\u00e2neo.<\/li>\n\n\n\n<li>Conjunto abrangente de acess\u00f3rios: desde a gravata e os \u00f3culos definidores at\u00e9 as elegantes meias arrast\u00e3o e ligas, todos os acess\u00f3rios deste conjunto foram meticulosamente escolhidos para elevar a apar\u00eancia geral, oferecendo aos clientes uma experi\u00eancia completa de fantasia.<\/li>\n\n\n\n<li>Pronto para atacado: feito sob medida para atacado, este conjunto de uniforme xadrez de estudante est\u00e1 preparado para se tornar um item mais vendido em sua cole\u00e7\u00e3o de varejo. \u00c9 mais do que apenas uma fantasia; incorpora fantasia e explora\u00e7\u00e3o l\u00fadica.<\/li>\n<\/ol>\n\n\n\n<p>Expanda sua cole\u00e7\u00e3o de varejo com nossa roupa xadrez de estudante por atacado, uma mistura perfeita de charme jovem e fasc\u00ednio de performance noturna. Mergulhe no mundo dos trajes reduzidos de colegial com este conjunto imaginativo. Contate-nos para consultas no atacado e infunda um toque de charme e carisma de colegial em sua variedade.<\/p>","protected":false},"excerpt":{"rendered":"<p>Revele uma mistura de inoc\u00eancia e fasc\u00ednio com nosso conjunto de uniforme xadrez de estudante, perfeito para apresenta\u00e7\u00f5es noturnas. Este body de renda frente \u00fanica com perspectiva em V profundo combina com uma saia xadrez cl\u00e1ssica. Mergulhe na narrativa do cosplay de uma colegial gostosa com este conjunto abrangente.<\/p>","protected":false},"featured_media":45948,"template":"","meta":[],"product_brand":[],"product_cat":[974],"product_tag":[976],"class_list":{"0":"post-45940","1":"product","2":"type-product","3":"status-publish","4":"has-post-thumbnail","6":"product_cat-wholesale-sexy-costumes","7":"product_tag-schoolgirl-costumes","8":"pa_color-black","9":"pa_size-free","11":"first","12":"instock","13":"taxable","14":"shipping-taxable","15":"purchasable","16":"product-type-variable"},"tiered_pricing_type":"fixed","tiered_pricing_fixed_rules":[],"tiered_pricing_product_settings":{"layout":"default","base_unit_name":{"singular":null,"plural":null},"default_variation":null},"tiered_pricing_minimum_quantity":null,"tiered_pricing_roles_data":[],"tiered_pricing_percentage_rules":[],"tiered_pricing_maximum_quantity":null,"tiered_pricing_quantity_step":null,"_links":{"self":[{"href":"https:\/\/gretasexylingerie.com\/pt\/wp-json\/wp\/v2\/product\/45940","targetHints":{"allow":["GET"]}}],"collection":[{"href":"https:\/\/gretasexylingerie.com\/pt\/wp-json\/wp\/v2\/product"}],"about":[{"href":"https:\/\/gretasexylingerie.com\/pt\/wp-json\/wp\/v2\/types\/product"}],"wp:featuredmedia":[{"embeddable":true,"href":"https:\/\/gretasexylingerie.com\/pt\/wp-json\/wp\/v2\/media\/45948"}],"wp:attachment":[{"href":"https:\/\/gretasexylingerie.com\/pt\/wp-json\/wp\/v2\/media?parent=45940"}],"wp:term":[{"taxonomy":"product_brand","embeddable":true,"href":"https:\/\/gretasexylingerie.com\/pt\/wp-json\/wp\/v2\/product_brand?post=45940"},{"taxonomy":"product_cat","embeddable":true,"href":"https:\/\/gretasexylingerie.com\/pt\/wp-json\/wp\/v2\/product_cat?post=45940"},{"taxonomy":"product_tag","embeddable":true,"href":"https:\/\/gretasexylingerie.com\/pt\/wp-json\/wp\/v2\/product_tag?post=45940"}],"curies":[{"name":"wp","href":"https:\/\/api.w.org\/{rel}","templated":true}]}}