{"id":45931,"date":"2023-10-19T00:08:57","date_gmt":"2023-10-18T16:08:57","guid":{"rendered":"https:\/\/gretasexylingerie.com\/?post_type=product&#038;p=45931"},"modified":"2023-10-19T00:10:23","modified_gmt":"2023-10-18T16:10:23","slug":"atacado-traje-de-camuflagem-do-exercito-de-halloween","status":"publish","type":"product","link":"https:\/\/gretasexylingerie.com\/pt\/products\/wholesale-halloween-army-camouflage-costume\/","title":{"rendered":"Fantasia de camuflagem do ex\u00e9rcito de Halloween por atacado com malha transparente"},"content":{"rendered":"<ol class=\"wp-block-list\">\n<li>Fasc\u00ednio militar com um toque especial: o tema Camuflagem do Ex\u00e9rcito captura a ess\u00eancia do fasc\u00ednio militar com um toque sensual, tornando-o uma escolha de destaque para os entusiastas do Halloween. O design camuflado garante um apelo duradouro em sua cole\u00e7\u00e3o de varejo, convidando a uma narrativa de for\u00e7a e sedu\u00e7\u00e3o.<\/li>\n\n\n\n<li>Design Sensual de Malha Transparente: A malha transparente oferece um visual \u00fanico e cativante, adicionando um toque de sensualidade moderna ao cl\u00e1ssico tema militar. \u00c9 uma excelente escolha para varejistas que buscam oferecer uma gama diversificada de trajes criativos.<\/li>\n\n\n\n<li>M\u00e1scara de olho bordada exclusiva: A m\u00e1scara de olho de chup\u00e3o bordado camuflado diferencia este traje, oferecendo um toque distinto e elevando a apar\u00eancia geral.<\/li>\n\n\n\n<li>Conjunto abrangente de acess\u00f3rios: desde o chap\u00e9u e as meias definidores at\u00e9 a elegante saia e calcinha, todos os acess\u00f3rios deste conjunto foram meticulosamente escolhidos para complementar o visual geral, oferecendo aos clientes uma experi\u00eancia completa de fantasia.<\/li>\n\n\n\n<li>Pronto para atacado: Feito sob medida para atacado, este traje de camuflagem do ex\u00e9rcito est\u00e1 preparado para se tornar um item mais vendido em sua cole\u00e7\u00e3o de varejo. \u00c9 mais do que apenas uma fantasia; incorpora fantasia e explora\u00e7\u00e3o autorit\u00e1ria.<\/li>\n<\/ol>\n\n\n\n<p>Expanda sua cole\u00e7\u00e3o de varejo com nossa fantasia de camuflagem militar de atacado, uma mistura perfeita de charme militar e festividade de Halloween. \u00c9 a escolha ideal para varejistas que oferecem uma variedade diversificada e criativa de trajes. Contate-nos para consultas de atacado e traga um toque de for\u00e7a e fasc\u00ednio ao seu sortimento nesta \u00e9poca festiva.<\/p>","protected":false},"excerpt":{"rendered":"<p>Mergulhe no esp\u00edrito festivo com nossa fantasia de camuflagem do ex\u00e9rcito para o Halloween no atacado. Feito com malha transparente e complementado por uma m\u00e1scara de chup\u00e3o bordada com camuflagem, este conjunto \u00e9 a escolha ideal para varejistas que desejam oferecer uma mistura de fasc\u00ednio militar e sensualidade contempor\u00e2nea.<\/p>","protected":false},"featured_media":45936,"template":"","meta":[],"product_brand":[],"product_cat":[974],"product_tag":[978],"class_list":{"0":"post-45931","1":"product","2":"type-product","3":"status-publish","4":"has-post-thumbnail","6":"product_cat-wholesale-sexy-costumes","7":"product_tag-policewoman-costume","8":"pa_color-camouflage","9":"pa_size-free","11":"first","12":"instock","13":"taxable","14":"shipping-taxable","15":"purchasable","16":"product-type-variable"},"tiered_pricing_type":"fixed","tiered_pricing_fixed_rules":[],"tiered_pricing_product_settings":{"layout":"default","base_unit_name":{"singular":null,"plural":null},"default_variation":{}},"tiered_pricing_minimum_quantity":null,"tiered_pricing_roles_data":[],"tiered_pricing_percentage_rules":[],"tiered_pricing_maximum_quantity":null,"tiered_pricing_quantity_step":null,"_links":{"self":[{"href":"https:\/\/gretasexylingerie.com\/pt\/wp-json\/wp\/v2\/product\/45931","targetHints":{"allow":["GET"]}}],"collection":[{"href":"https:\/\/gretasexylingerie.com\/pt\/wp-json\/wp\/v2\/product"}],"about":[{"href":"https:\/\/gretasexylingerie.com\/pt\/wp-json\/wp\/v2\/types\/product"}],"wp:featuredmedia":[{"embeddable":true,"href":"https:\/\/gretasexylingerie.com\/pt\/wp-json\/wp\/v2\/media\/45936"}],"wp:attachment":[{"href":"https:\/\/gretasexylingerie.com\/pt\/wp-json\/wp\/v2\/media?parent=45931"}],"wp:term":[{"taxonomy":"product_brand","embeddable":true,"href":"https:\/\/gretasexylingerie.com\/pt\/wp-json\/wp\/v2\/product_brand?post=45931"},{"taxonomy":"product_cat","embeddable":true,"href":"https:\/\/gretasexylingerie.com\/pt\/wp-json\/wp\/v2\/product_cat?post=45931"},{"taxonomy":"product_tag","embeddable":true,"href":"https:\/\/gretasexylingerie.com\/pt\/wp-json\/wp\/v2\/product_tag?post=45931"}],"curies":[{"name":"wp","href":"https:\/\/api.w.org\/{rel}","templated":true}]}}