{"id":45841,"date":"2023-10-18T00:35:59","date_gmt":"2023-10-17T16:35:59","guid":{"rendered":"https:\/\/gretasexylingerie.com\/?post_type=product&#038;p=45841"},"modified":"2023-10-18T00:37:10","modified_gmt":"2023-10-17T16:37:10","slug":"atacado-sexy-policial-halloween-bodysuit-com-conjunto-de-acessorios","status":"publish","type":"product","link":"https:\/\/gretasexylingerie.com\/pt\/products\/wholesale-sexy-policewoman-halloween-bodysuit-with-accessory-set\/","title":{"rendered":"Macac\u00e3o sexy de Halloween para policial por atacado com conjunto de acess\u00f3rios"},"content":{"rendered":"<ol class=\"wp-block-list\">\n<li>Charme autorit\u00e1rio: O tema Sexy Policewoman captura um fasc\u00ednio autorit\u00e1rio, tornando-o uma escolha de destaque para quem busca aten\u00e7\u00e3o. O design garante um apelo duradouro em sua cole\u00e7\u00e3o de varejo, convidando a uma narrativa de poder e explora\u00e7\u00e3o l\u00fadica.<\/li>\n\n\n\n<li>Design detalhado do body: o body de manga comprida com z\u00edper em V profundo oferece um visual \u00fanico e cativante. \u00c9 uma excelente escolha para varejistas que buscam oferecer uma gama diversificada de trajes criativos.<\/li>\n\n\n\n<li>Conjunto abrangente de acess\u00f3rios: desde o chap\u00e9u e algemas da pol\u00edcia at\u00e9 os elegantes \u00f3culos de sol e meias arrast\u00e3o, todos os acess\u00f3rios deste conjunto foram meticulosamente escolhidos para elevar a apar\u00eancia geral, oferecendo aos clientes uma experi\u00eancia completa de fantasia.<\/li>\n\n\n\n<li>Conjunto Vers\u00e1til: Os suspens\u00f3rios de cinto acrescentam um toque de versatilidade ao conjunto, diferenciando este traje e oferecendo m\u00faltiplas op\u00e7\u00f5es de estilo.<\/li>\n\n\n\n<li>Pronto para atacado: feito sob medida para atacado, este uniforme sexy de policial est\u00e1 preparado para se tornar um item mais vendido em sua cole\u00e7\u00e3o de varejo. \u00c9 mais do que apenas uma fantasia; incorpora fantasia e explora\u00e7\u00e3o l\u00fadica.<\/li>\n<\/ol>\n\n\n\n<p>Expanda sua cole\u00e7\u00e3o de varejo com nosso uniforme de policial sexy no atacado, uma mistura perfeita de charme autorit\u00e1rio e sensualidade moderna. \u00c9 a escolha ideal para varejistas que oferecem uma variedade diversificada e criativa de trajes. Contate-nos para consultas no atacado e traga um toque de legalidade e charme \u00e0 sua cole\u00e7\u00e3o neste Halloween.<\/p>","protected":false},"excerpt":{"rendered":"<p>Imponha o fasc\u00ednio com nosso uniforme sexy de policial para o Halloween. Este conjunto de mangas compridas com z\u00edper profundo em V vem com v\u00e1rios acess\u00f3rios, desde um chap\u00e9u de pol\u00edcia at\u00e9 algemas. Uma sele\u00e7\u00e3o privilegiada para varejistas que desejam oferecer uma mistura de charme autorit\u00e1rio e sensualidade contempor\u00e2nea.<\/p>","protected":false},"featured_media":45846,"template":"","meta":[],"product_brand":[],"product_cat":[974],"product_tag":[978],"class_list":{"0":"post-45841","1":"product","2":"type-product","3":"status-publish","4":"has-post-thumbnail","6":"product_cat-wholesale-sexy-costumes","7":"product_tag-policewoman-costume","8":"pa_color-black","9":"pa_size-free","11":"first","12":"instock","13":"taxable","14":"shipping-taxable","15":"purchasable","16":"product-type-variable"},"tiered_pricing_type":"fixed","tiered_pricing_fixed_rules":[],"tiered_pricing_product_settings":{"layout":"default","base_unit_name":{"singular":null,"plural":null},"default_variation":{}},"tiered_pricing_minimum_quantity":null,"tiered_pricing_roles_data":[],"tiered_pricing_percentage_rules":[],"tiered_pricing_maximum_quantity":null,"tiered_pricing_quantity_step":null,"_links":{"self":[{"href":"https:\/\/gretasexylingerie.com\/pt\/wp-json\/wp\/v2\/product\/45841","targetHints":{"allow":["GET"]}}],"collection":[{"href":"https:\/\/gretasexylingerie.com\/pt\/wp-json\/wp\/v2\/product"}],"about":[{"href":"https:\/\/gretasexylingerie.com\/pt\/wp-json\/wp\/v2\/types\/product"}],"wp:featuredmedia":[{"embeddable":true,"href":"https:\/\/gretasexylingerie.com\/pt\/wp-json\/wp\/v2\/media\/45846"}],"wp:attachment":[{"href":"https:\/\/gretasexylingerie.com\/pt\/wp-json\/wp\/v2\/media?parent=45841"}],"wp:term":[{"taxonomy":"product_brand","embeddable":true,"href":"https:\/\/gretasexylingerie.com\/pt\/wp-json\/wp\/v2\/product_brand?post=45841"},{"taxonomy":"product_cat","embeddable":true,"href":"https:\/\/gretasexylingerie.com\/pt\/wp-json\/wp\/v2\/product_cat?post=45841"},{"taxonomy":"product_tag","embeddable":true,"href":"https:\/\/gretasexylingerie.com\/pt\/wp-json\/wp\/v2\/product_tag?post=45841"}],"curies":[{"name":"wp","href":"https:\/\/api.w.org\/{rel}","templated":true}]}}