{"id":45826,"date":"2023-10-18T00:16:08","date_gmt":"2023-10-17T16:16:08","guid":{"rendered":"https:\/\/gretasexylingerie.com\/?post_type=product&#038;p=45826"},"modified":"2023-11-14T20:52:11","modified_gmt":"2023-11-14T12:52:11","slug":"fantasia-de-enfermeira-sexy-no-atacado-para-o-halloween-com-conjunto-completo-de-acessorios","status":"publish","type":"product","link":"https:\/\/gretasexylingerie.com\/pt\/products\/wholesale-sexy-nurse-costume-for-halloween-with-complete-accessory-set\/","title":{"rendered":"Fantasia de enfermeira sexy no atacado para Halloween com conjunto completo de acess\u00f3rios"},"content":{"rendered":"<ol class=\"wp-block-list\">\n<li>Charme m\u00e9dico com um toque especial: o tema Sexy Nurse captura um fasc\u00ednio m\u00e9dico com um toque sensual, tornando-o uma escolha cativante para os entusiastas do Halloween. As op\u00e7\u00f5es de duas cores garantem versatilidade e apelo duradouro em sua cole\u00e7\u00e3o de varejo.<\/li>\n\n\n\n<li>Conjunto abrangente de acess\u00f3rios: desde a faixa definidora e o fone de ouvido at\u00e9 as sedutoras meias arrast\u00e3o e luvas, todos os acess\u00f3rios deste conjunto foram meticulosamente escolhidos para elevar a apar\u00eancia geral, oferecendo aos clientes uma experi\u00eancia completa de fantasia.<\/li>\n\n\n\n<li>Op\u00e7\u00f5es vers\u00e1teis de cores: os clientes podem escolher seu estilo preferido com op\u00e7\u00f5es em preto e branco, garantindo um apelo mais amplo e maior potencial de vendas no varejo.<\/li>\n\n\n\n<li>Conjunto detalhado: Incluindo ligas, tiras e um cinto acrescenta profundidade ao conjunto, diferenciando este traje e oferecendo m\u00faltiplas op\u00e7\u00f5es de estilo.<\/li>\n\n\n\n<li>Pronto para atacado: feito sob medida para atacado, esta fantasia de enfermeira sexy est\u00e1 preparada para se tornar um item mais vendido em sua cole\u00e7\u00e3o de varejo. \u00c9 mais do que apenas uma fantasia; incorpora fantasia e explora\u00e7\u00e3o l\u00fadica.<\/li>\n<\/ol>\n\n\n\n<p>Expanda sua cole\u00e7\u00e3o de varejo com nossa fantasia de enfermeira sexy no atacado, uma mistura perfeita de charme m\u00e9dico e sensualidade moderna. \u00c9 a escolha ideal para varejistas que oferecem uma variedade diversificada e criativa de trajes. Contate-nos para consultas no atacado e infunda uma dose de fasc\u00ednio em sua cole\u00e7\u00e3o neste Halloween.<\/p>\n\n\n\n<figure class=\"wp-block-embed is-type-video is-provider-youtube wp-block-embed-youtube wp-embed-aspect-4-3 wp-has-aspect-ratio\"><div class=\"wp-block-embed__wrapper\">\n<div class=\"video-container\"><iframe title=\"Fantasia de enfermeira sexy no atacado para Halloween com conjunto completo de acess\u00f3rios\" width=\"1170\" height=\"878\" src=\"https:\/\/www.youtube.com\/embed\/-IC-flWHxrg?feature=oembed\" frameborder=\"0\" allow=\"accelerometer; autoplay; clipboard-write; encrypted-media; gyroscope; picture-in-picture; web-share\" allowfullscreen><\/iframe><\/div>\n<\/div><\/figure>","protected":false},"excerpt":{"rendered":"<p>Reviva o fasc\u00ednio com nossa fantasia de enfermeira sexy no atacado para o Halloween. Dispon\u00edvel em preto e branco, este conjunto inclui saia quadril, suti\u00e3 e uma infinidade de acess\u00f3rios. Uma sele\u00e7\u00e3o privilegiada para varejistas que desejam oferecer uma mistura de charme m\u00e9dico e sensualidade contempor\u00e2nea.<\/p>\n<p><iframe width=\"840\" height=\"630\" src=\"https:\/\/www.youtube.com\/embed\/-IC-flWHxrg\" title=\"Fantasia de enfermeira sexy no atacado para Halloween com conjunto completo de acess\u00f3rios\" frameborder=\"0\" allow=\"accelerometer; autoplay; clipboard-write; encrypted-media; gyroscope; picture-in-picture; web-share\" allowfullscreen><\/iframe><\/p>","protected":false},"featured_media":45837,"template":"","meta":[],"product_brand":[],"product_cat":[974],"product_tag":[984,989],"class_list":{"0":"post-45826","1":"product","2":"type-product","3":"status-publish","4":"has-post-thumbnail","6":"product_cat-wholesale-sexy-costumes","7":"product_tag-halloween-costumes","8":"product_tag-nurse-costume","9":"pa_color-black","10":"pa_color-white","11":"pa_size-free","13":"first","14":"instock","15":"taxable","16":"shipping-taxable","17":"purchasable","18":"product-type-variable"},"tiered_pricing_type":"fixed","tiered_pricing_fixed_rules":[],"tiered_pricing_product_settings":{"layout":"default","base_unit_name":{"singular":null,"plural":null},"default_variation":{}},"tiered_pricing_minimum_quantity":null,"tiered_pricing_roles_data":[],"tiered_pricing_percentage_rules":[],"tiered_pricing_maximum_quantity":null,"tiered_pricing_quantity_step":null,"_links":{"self":[{"href":"https:\/\/gretasexylingerie.com\/pt\/wp-json\/wp\/v2\/product\/45826","targetHints":{"allow":["GET"]}}],"collection":[{"href":"https:\/\/gretasexylingerie.com\/pt\/wp-json\/wp\/v2\/product"}],"about":[{"href":"https:\/\/gretasexylingerie.com\/pt\/wp-json\/wp\/v2\/types\/product"}],"wp:featuredmedia":[{"embeddable":true,"href":"https:\/\/gretasexylingerie.com\/pt\/wp-json\/wp\/v2\/media\/45837"}],"wp:attachment":[{"href":"https:\/\/gretasexylingerie.com\/pt\/wp-json\/wp\/v2\/media?parent=45826"}],"wp:term":[{"taxonomy":"product_brand","embeddable":true,"href":"https:\/\/gretasexylingerie.com\/pt\/wp-json\/wp\/v2\/product_brand?post=45826"},{"taxonomy":"product_cat","embeddable":true,"href":"https:\/\/gretasexylingerie.com\/pt\/wp-json\/wp\/v2\/product_cat?post=45826"},{"taxonomy":"product_tag","embeddable":true,"href":"https:\/\/gretasexylingerie.com\/pt\/wp-json\/wp\/v2\/product_tag?post=45826"}],"curies":[{"name":"wp","href":"https:\/\/api.w.org\/{rel}","templated":true}]}}