{"id":45787,"date":"2023-10-17T22:48:48","date_gmt":"2023-10-17T14:48:48","guid":{"rendered":"https:\/\/gretasexylingerie.com\/?post_type=product&#038;p=45787"},"modified":"2023-10-17T22:49:59","modified_gmt":"2023-10-17T14:49:59","slug":"atacado-uniforme-de-enfermeira-com-malha-transparente","status":"publish","type":"product","link":"https:\/\/gretasexylingerie.com\/pt\/products\/wholesale-nurse-uniform-bodysuit-with-see-through-mesh\/","title":{"rendered":"Body de uniforme de enfermeira por atacado com malha transparente"},"content":{"rendered":"<ol class=\"wp-block-list\">\n<li>Tema Enfermeira Nutritiva: O tema enfermeira captura um charme nutritivo, tornando-o uma escolha atemporal para quem busca uma mistura de cuidado e fasc\u00ednio. O design garante um apelo duradouro em sua cole\u00e7\u00e3o de varejo, convidando a uma narrativa de cuidado e explora\u00e7\u00e3o l\u00fadica.<\/li>\n\n\n\n<li>Malha transparente sensual: O body de malha transparente adiciona um toque de sensualidade e oferece uma silhueta lisonjeira, tornando-o uma escolha desej\u00e1vel para uma ampla gama de clientes. \u00c9 uma excelente escolha para varejistas que buscam oferecer uma gama diversificada de trajes criativos.<\/li>\n\n\n\n<li>Conjunto completo: cada pe\u00e7a deste conjunto foi meticulosamente projetada para complementar o visual geral, desde o chap\u00e9u profissional at\u00e9 as delicadas luvas de malha. O conjunto garante que os clientes tenham tudo o que precisam para um visual totalmente nutritivo.<\/li>\n\n\n\n<li>Destaque impressionante do cinto vermelho: O cinto vermelho adiciona cor ao conjunto, real\u00e7ando o tema da enfermeira. \u00c9 uma caracter\u00edstica marcante que diferencia este uniforme, tornando-o uma adi\u00e7\u00e3o \u00fanica \u00e0 sua cole\u00e7\u00e3o de varejo.<\/li>\n\n\n\n<li>Pronto para atacado: com foco no atacado, este uniforme de enfermeira est\u00e1 pronto para se tornar um item de grande venda em sua cole\u00e7\u00e3o de varejo. \u00c9 mais do que apenas uma fantasia; \u00e9 um convite para um reino de fantasia e explora\u00e7\u00e3o l\u00fadica.<\/li>\n<\/ol>\n\n\n\n<p>Expanda sua cole\u00e7\u00e3o de varejo com nosso terno de uniforme de enfermeira por atacado, uma mistura perfeita de charme nutritivo e sensualidade moderna. \u00c9 a escolha ideal para varejistas que oferecem uma variedade diversificada e criativa de trajes. Contate-nos para consultas de atacado e adicione um toque de eleg\u00e2ncia ao seu sortimento hoje mesmo.<\/p>","protected":false},"excerpt":{"rendered":"<p>Abrace o cuidado com fasc\u00ednio em nosso terno uniforme de enfermeira no atacado. Este body frente \u00fanica, confeccionado em malha transparente, \u00e9 acentuado com um cinto vermelho e vem completo com chap\u00e9u e luvas de malha. Uma sele\u00e7\u00e3o privilegiada para varejistas que desejam oferecer uma mistura de charme nutritivo e sensualidade contempor\u00e2nea.<\/p>","protected":false},"featured_media":45791,"template":"","meta":[],"product_brand":[],"product_cat":[974],"product_tag":[978],"class_list":{"0":"post-45787","1":"product","2":"type-product","3":"status-publish","4":"has-post-thumbnail","6":"product_cat-wholesale-sexy-costumes","7":"product_tag-policewoman-costume","8":"pa_color-black","9":"pa_size-free","11":"first","12":"instock","13":"taxable","14":"shipping-taxable","15":"purchasable","16":"product-type-variable"},"tiered_pricing_type":"fixed","tiered_pricing_fixed_rules":[],"tiered_pricing_product_settings":{"layout":"default","base_unit_name":{"singular":null,"plural":null},"default_variation":{}},"tiered_pricing_minimum_quantity":null,"tiered_pricing_roles_data":[],"tiered_pricing_percentage_rules":[],"tiered_pricing_maximum_quantity":null,"tiered_pricing_quantity_step":null,"_links":{"self":[{"href":"https:\/\/gretasexylingerie.com\/pt\/wp-json\/wp\/v2\/product\/45787","targetHints":{"allow":["GET"]}}],"collection":[{"href":"https:\/\/gretasexylingerie.com\/pt\/wp-json\/wp\/v2\/product"}],"about":[{"href":"https:\/\/gretasexylingerie.com\/pt\/wp-json\/wp\/v2\/types\/product"}],"wp:featuredmedia":[{"embeddable":true,"href":"https:\/\/gretasexylingerie.com\/pt\/wp-json\/wp\/v2\/media\/45791"}],"wp:attachment":[{"href":"https:\/\/gretasexylingerie.com\/pt\/wp-json\/wp\/v2\/media?parent=45787"}],"wp:term":[{"taxonomy":"product_brand","embeddable":true,"href":"https:\/\/gretasexylingerie.com\/pt\/wp-json\/wp\/v2\/product_brand?post=45787"},{"taxonomy":"product_cat","embeddable":true,"href":"https:\/\/gretasexylingerie.com\/pt\/wp-json\/wp\/v2\/product_cat?post=45787"},{"taxonomy":"product_tag","embeddable":true,"href":"https:\/\/gretasexylingerie.com\/pt\/wp-json\/wp\/v2\/product_tag?post=45787"}],"curies":[{"name":"wp","href":"https:\/\/api.w.org\/{rel}","templated":true}]}}