{"id":45725,"date":"2023-10-16T23:55:47","date_gmt":"2023-10-16T15:55:47","guid":{"rendered":"https:\/\/gretasexylingerie.com\/?post_type=product&#038;p=45725"},"modified":"2023-10-16T23:56:08","modified_gmt":"2023-10-16T15:56:08","slug":"atacado-conjunto-de-sutia-de-fantasia-de-natal-sexy-com-cocar-de-chifre","status":"publish","type":"product","link":"https:\/\/gretasexylingerie.com\/pt\/products\/wholesale-sexy-christmas-costume-bra-set-with-antler-headdress\/","title":{"rendered":"Conjunto de suti\u00e3 de fantasia de Natal sexy por atacado com cocar de chifre"},"content":{"rendered":"<ol class=\"wp-block-list\">\n<li>Amuleto festivo de f\u00e9rias: O tema de Natal captura o charme festivo do feriado, tornando-o uma escolha deliciosa para quem quer comemorar com estilo. A est\u00e9tica l\u00fadica garante um apelo duradouro em sua cole\u00e7\u00e3o de varejo, convidando a uma narrativa de fantasia de f\u00e9rias e explora\u00e7\u00e3o ativa.<\/li>\n\n\n\n<li>Design Sensual de Pel\u00facia Branca: A pel\u00facia branca adiciona um toque suave e oferece uma silhueta lisonjeira, tornando-a uma escolha desej\u00e1vel para uma ampla gama de clientes. \u00c9 uma excelente escolha para varejistas que buscam oferecer uma gama diversificada de trajes criativos.<\/li>\n\n\n\n<li>Cocar de chifre exclusivo: O cocar de chifre adiciona um toque \u00fanico ao conjunto, real\u00e7ando o tema natalino. Esse recurso de destaque diferencia essa fantasia, tornando-a uma adi\u00e7\u00e3o fant\u00e1stica \u00e0 sua cole\u00e7\u00e3o de varejo.<\/li>\n\n\n\n<li>Guarni\u00e7\u00e3o colorida vibrante: a guarni\u00e7\u00e3o colorida adiciona um toque festivo ao conjunto, real\u00e7ando o esp\u00edrito natalino. Esta caracter\u00edstica \u00fanica diferencia esta fantasia, tornando-a uma adi\u00e7\u00e3o fant\u00e1stica \u00e0 sua cole\u00e7\u00e3o de varejo.<\/li>\n\n\n\n<li>Pronto para atacado: com foco no atacado, este conjunto de suti\u00e3 sexy de fantasia de Natal est\u00e1 pronto para se tornar um item mais vendido em sua cole\u00e7\u00e3o de varejo. \u00c9 mais do que apenas uma fantasia; \u00e9 um convite para um reino de fantasia e explora\u00e7\u00e3o l\u00fadica.<\/li>\n<\/ol>\n\n\n\n<p>Expanda sua cole\u00e7\u00e3o de varejo com nosso conjunto de suti\u00e3 sexy de Natal para atacado, uma mistura perfeita de charme natalino e eleg\u00e2ncia moderna. \u00c9 a escolha ideal para varejistas que oferecem uma variedade diversificada e criativa de trajes. Contate-nos para consultas de atacado e adicione um toque de eleg\u00e2ncia festiva ao seu sortimento hoje mesmo.<\/p>","protected":false},"excerpt":{"rendered":"<p>Entre no esp\u00edrito festivo com nosso conjunto de suti\u00e3 sexy de fantasia de Natal no atacado. Adornado com pel\u00facia branca, cocar de chifre e detalhes coloridos, este conjunto incorpora o charme natalino e a sensualidade moderna. Uma sele\u00e7\u00e3o privilegiada para varejistas que desejam oferecer uma mistura de encanto festivo e eleg\u00e2ncia contempor\u00e2nea.<\/p>","protected":false},"featured_media":45733,"template":"","meta":[],"product_brand":[],"product_cat":[368,974,367],"product_tag":[964,984],"class_list":{"0":"post-45725","1":"product","2":"type-product","3":"status-publish","4":"has-post-thumbnail","6":"product_cat-bra-panty-set","7":"product_cat-wholesale-sexy-costumes","8":"product_cat-sexy-lingerie","9":"product_tag-christmas-lingerie","10":"product_tag-halloween-costumes","11":"pa_color-white","12":"pa_size-free","14":"first","15":"instock","16":"taxable","17":"shipping-taxable","18":"purchasable","19":"product-type-variable"},"tiered_pricing_type":"fixed","tiered_pricing_fixed_rules":[],"tiered_pricing_product_settings":{"layout":"default","base_unit_name":{"singular":null,"plural":null},"default_variation":null},"tiered_pricing_minimum_quantity":null,"tiered_pricing_roles_data":[],"tiered_pricing_percentage_rules":[],"tiered_pricing_maximum_quantity":null,"tiered_pricing_quantity_step":null,"_links":{"self":[{"href":"https:\/\/gretasexylingerie.com\/pt\/wp-json\/wp\/v2\/product\/45725","targetHints":{"allow":["GET"]}}],"collection":[{"href":"https:\/\/gretasexylingerie.com\/pt\/wp-json\/wp\/v2\/product"}],"about":[{"href":"https:\/\/gretasexylingerie.com\/pt\/wp-json\/wp\/v2\/types\/product"}],"wp:featuredmedia":[{"embeddable":true,"href":"https:\/\/gretasexylingerie.com\/pt\/wp-json\/wp\/v2\/media\/45733"}],"wp:attachment":[{"href":"https:\/\/gretasexylingerie.com\/pt\/wp-json\/wp\/v2\/media?parent=45725"}],"wp:term":[{"taxonomy":"product_brand","embeddable":true,"href":"https:\/\/gretasexylingerie.com\/pt\/wp-json\/wp\/v2\/product_brand?post=45725"},{"taxonomy":"product_cat","embeddable":true,"href":"https:\/\/gretasexylingerie.com\/pt\/wp-json\/wp\/v2\/product_cat?post=45725"},{"taxonomy":"product_tag","embeddable":true,"href":"https:\/\/gretasexylingerie.com\/pt\/wp-json\/wp\/v2\/product_tag?post=45725"}],"curies":[{"name":"wp","href":"https:\/\/api.w.org\/{rel}","templated":true}]}}