{"id":45702,"date":"2023-10-16T22:42:48","date_gmt":"2023-10-16T14:42:48","guid":{"rendered":"https:\/\/gretasexylingerie.com\/?post_type=product&#038;p=45702"},"modified":"2023-10-16T22:44:00","modified_gmt":"2023-10-16T14:44:00","slug":"conjunto-de-fantasias-de-bar-estilo-rock-de-metal-sexy-por-atacado","status":"publish","type":"product","link":"https:\/\/gretasexylingerie.com\/pt\/products\/wholesale-sexy-metal-rock-style-bar-costumes-set\/","title":{"rendered":"Conjunto de fantasias de bar estilo rock sexy de metal por atacado"},"content":{"rendered":"<ol class=\"wp-block-list\">\n<li>Tema Rebelde Heavy Metal: O estilo heavy metal rock oferece uma est\u00e9tica visual marcante com uma est\u00e9tica ousada e desafiadora, tornando-o uma op\u00e7\u00e3o emocionante para almas aventureiras. Esses designs atraentes fazem uma declara\u00e7\u00e3o impactante de charme rebelde e explora\u00e7\u00e3o divertida em sua cole\u00e7\u00e3o de varejo.<\/li>\n\n\n\n<li>Correntes sensuais de couro e metal: As correntes de couro e metal agregam modernidade e lisonja, tornando-as escolhas populares entre clientes de diversas idades e sexos. Os varejistas que buscam diversificar sua sele\u00e7\u00e3o de produtos podem se beneficiar ao oferecer essas pe\u00e7as como parte de um sortimento ecl\u00e9tico.<\/li>\n\n\n\n<li>Desempenho pronto para apresenta\u00e7\u00f5es em boates e bares: Feito para apresenta\u00e7\u00f5es em boates e bares, esta fantasia sexy incentiva os consumidores a se entregarem e explorarem suas fantasias livremente. Uma excelente op\u00e7\u00e3o para varejistas que buscam oferecer trajes criativos para a vida noturna!<\/li>\n\n\n\n<li>Conjunto de suti\u00e3 e calcinha ousado: Este conjunto de suti\u00e3 e calcinha adiciona um toque ousado a qualquer conjunto, adicionando ao seu tema heavy metal e fazendo com que este traje se destaque dos outros em sua cole\u00e7\u00e3o de varejo. \u00c9 um ativo de varejo fant\u00e1stico.<\/li>\n\n\n\n<li>Capacidade para atacado: criada especificamente com o atacado em mente, esta lingerie sexy para boate pode se tornar um best-seller instant\u00e2neo em sua cole\u00e7\u00e3o de varejo. Mais do que apenas uma roupa, esta pe\u00e7a abre as portas para um mundo imaginativo cheio de fantasia e explora\u00e7\u00e3o l\u00fadica.<\/li>\n<\/ol>\n\n\n\n<p>Expanda sua cole\u00e7\u00e3o de varejo com nossa Lingerie Sexy Nightclub por atacado - uma combina\u00e7\u00e3o requintada de charme rebelde e eleg\u00e2ncia contempor\u00e2nea! Ideal para varejistas que buscam oferecer aos clientes uma variedade de trajes ecl\u00e9ticos e imaginativos. Para consultas de atacado, entre em contato conosco e traga um pouco de eleg\u00e2ncia para sua cole\u00e7\u00e3o hoje mesmo.<\/p>","protected":false},"excerpt":{"rendered":"<p>Liberte seu fasc\u00ednio rebelde com nossa lingerie sexy para boate no atacado. Perfeito para fantasias de bar, este estilo rock heavy metal apresenta conjuntos de suti\u00e3s e calcinhas de couro e correntes de metal com charme rebelde e sensualidade contempor\u00e2nea personificada por tiras de couro e correntes de metal \u2013 criando a mistura perfeita entre rebeldia e sensualidade moderna!<\/p>","protected":false},"featured_media":45708,"template":"","meta":[],"product_brand":[],"product_cat":[368,367,376],"product_tag":[],"class_list":{"0":"post-45702","1":"product","2":"type-product","3":"status-publish","4":"has-post-thumbnail","6":"product_cat-bra-panty-set","7":"product_cat-sexy-lingerie","8":"product_cat-wholesale-ultra-sexy-bra-panty-set","9":"pa_color-black","10":"pa_size-free","12":"first","13":"instock","14":"taxable","15":"shipping-taxable","16":"purchasable","17":"product-type-variable"},"tiered_pricing_type":"fixed","tiered_pricing_fixed_rules":[],"tiered_pricing_product_settings":{"layout":"default","base_unit_name":{"singular":null,"plural":null},"default_variation":{}},"tiered_pricing_minimum_quantity":null,"tiered_pricing_roles_data":[],"tiered_pricing_percentage_rules":[],"tiered_pricing_maximum_quantity":null,"tiered_pricing_quantity_step":null,"_links":{"self":[{"href":"https:\/\/gretasexylingerie.com\/pt\/wp-json\/wp\/v2\/product\/45702","targetHints":{"allow":["GET"]}}],"collection":[{"href":"https:\/\/gretasexylingerie.com\/pt\/wp-json\/wp\/v2\/product"}],"about":[{"href":"https:\/\/gretasexylingerie.com\/pt\/wp-json\/wp\/v2\/types\/product"}],"wp:featuredmedia":[{"embeddable":true,"href":"https:\/\/gretasexylingerie.com\/pt\/wp-json\/wp\/v2\/media\/45708"}],"wp:attachment":[{"href":"https:\/\/gretasexylingerie.com\/pt\/wp-json\/wp\/v2\/media?parent=45702"}],"wp:term":[{"taxonomy":"product_brand","embeddable":true,"href":"https:\/\/gretasexylingerie.com\/pt\/wp-json\/wp\/v2\/product_brand?post=45702"},{"taxonomy":"product_cat","embeddable":true,"href":"https:\/\/gretasexylingerie.com\/pt\/wp-json\/wp\/v2\/product_cat?post=45702"},{"taxonomy":"product_tag","embeddable":true,"href":"https:\/\/gretasexylingerie.com\/pt\/wp-json\/wp\/v2\/product_tag?post=45702"}],"curies":[{"name":"wp","href":"https:\/\/api.w.org\/{rel}","templated":true}]}}