{"id":45691,"date":"2023-10-16T22:27:01","date_gmt":"2023-10-16T14:27:01","guid":{"rendered":"https:\/\/gretasexylingerie.com\/?post_type=product&#038;p=45691"},"modified":"2023-10-16T22:28:29","modified_gmt":"2023-10-16T14:28:29","slug":"atacado-sexy-tentacao-bodysuit-branco-sem-costas","status":"publish","type":"product","link":"https:\/\/gretasexylingerie.com\/pt\/products\/wholesale-sexy-temptation-backless-white-bodysuit\/","title":{"rendered":"Por atacado Sexy Tenta\u00e7\u00e3o Backless Bodysuit Branco"},"content":{"rendered":"<ol class=\"wp-block-list\">\n<li>Eleg\u00e2ncia Branca Cl\u00e1ssica: Os esquemas de cores brancas capturam a eleg\u00e2ncia cl\u00e1ssica, tornando-os escolhas atemporais para clientes que apreciam um design de qualidade. A sua est\u00e9tica limpa garante um apelo duradouro \u00e0s cole\u00e7\u00f5es de varejo, ao mesmo tempo que cria uma hist\u00f3ria de pureza e sofistica\u00e7\u00e3o moderna.<\/li>\n\n\n\n<li>Apelo sexy transparente: Este design transparente adiciona modernidade e \u00e9 muito lisonjeiro para a maioria dos tipos de corpo - tornando-o atraente para clientes de todas as faixas et\u00e1rias e tamanhos. \u00c0 medida que os varejistas procuram oferecer diversas ofertas para as necessidades de roupas dos clientes, esse visual transparente pode oferecer muita variedade!<\/li>\n\n\n\n<li>Material da faixa el\u00e1stica: nosso material da faixa el\u00e1stica garante um ajuste confort\u00e1vel e sexy, mostrando nosso compromisso em oferecer produtos no atacado sem comprometer a qualidade ou o conforto.<\/li>\n\n\n\n<li>Design de frente \u00fanica: o design de frente \u00fanica deste body exala eleg\u00e2ncia moderna enquanto permanece sensual, tornando-o um recurso de destaque em sua cole\u00e7\u00e3o de varejo.<\/li>\n\n\n\n<li>Pronto para atacado: Criado especificamente pensando no atacado, o Body Branco \u00e9 essencial em qualquer cole\u00e7\u00e3o de varejo. Al\u00e9m de apenas uma fantasia, este body oferece acesso a um mundo imaginativo de explora\u00e7\u00e3o m\u00e1gica e divertida!<\/li>\n<\/ol>\n\n\n\n<p>Fa\u00e7a uma declara\u00e7\u00e3o impactante em sua cole\u00e7\u00e3o de varejo com nosso Body Branco Atacado, uma combina\u00e7\u00e3o requintada de charme cl\u00e1ssico e sofistica\u00e7\u00e3o moderna. Perfeito para varejistas que buscam oferecer diversas op\u00e7\u00f5es de vestu\u00e1rio. Entre em contato hoje mesmo com qualquer consulta no atacado para obter eleg\u00e2ncia l\u00fadica adicional em sua cole\u00e7\u00e3o.<\/p>","protected":false},"excerpt":{"rendered":"<p>nosso Body Branco no atacado \u00e9 perfeito para varejistas que buscam combinar charme cl\u00e1ssico e sensualidade contempor\u00e2nea em uma linha de produtos. Seu sedutor material transparente combina bem com material el\u00e1stico e design frente \u00fanica para um fasc\u00ednio moderno, criando uma experi\u00eancia de compra memor\u00e1vel.<\/p>","protected":false},"featured_media":45700,"template":"","meta":[],"product_brand":[],"product_cat":[370,379,367],"product_tag":[],"class_list":{"0":"post-45691","1":"product","2":"type-product","3":"status-publish","4":"has-post-thumbnail","6":"product_cat-bodysuit","7":"product_cat-wholesale-harness-bodysuit","8":"product_cat-sexy-lingerie","9":"pa_color-white","10":"pa_size-free","12":"first","13":"instock","14":"taxable","15":"shipping-taxable","16":"purchasable","17":"product-type-variable"},"tiered_pricing_type":"fixed","tiered_pricing_fixed_rules":[],"tiered_pricing_product_settings":{"layout":"default","base_unit_name":{"singular":null,"plural":null},"default_variation":{}},"tiered_pricing_minimum_quantity":null,"tiered_pricing_roles_data":[],"tiered_pricing_percentage_rules":[],"tiered_pricing_maximum_quantity":null,"tiered_pricing_quantity_step":null,"_links":{"self":[{"href":"https:\/\/gretasexylingerie.com\/pt\/wp-json\/wp\/v2\/product\/45691","targetHints":{"allow":["GET"]}}],"collection":[{"href":"https:\/\/gretasexylingerie.com\/pt\/wp-json\/wp\/v2\/product"}],"about":[{"href":"https:\/\/gretasexylingerie.com\/pt\/wp-json\/wp\/v2\/types\/product"}],"wp:featuredmedia":[{"embeddable":true,"href":"https:\/\/gretasexylingerie.com\/pt\/wp-json\/wp\/v2\/media\/45700"}],"wp:attachment":[{"href":"https:\/\/gretasexylingerie.com\/pt\/wp-json\/wp\/v2\/media?parent=45691"}],"wp:term":[{"taxonomy":"product_brand","embeddable":true,"href":"https:\/\/gretasexylingerie.com\/pt\/wp-json\/wp\/v2\/product_brand?post=45691"},{"taxonomy":"product_cat","embeddable":true,"href":"https:\/\/gretasexylingerie.com\/pt\/wp-json\/wp\/v2\/product_cat?post=45691"},{"taxonomy":"product_tag","embeddable":true,"href":"https:\/\/gretasexylingerie.com\/pt\/wp-json\/wp\/v2\/product_tag?post=45691"}],"curies":[{"name":"wp","href":"https:\/\/api.w.org\/{rel}","templated":true}]}}