{"id":45682,"date":"2023-10-16T22:15:54","date_gmt":"2023-10-16T14:15:54","guid":{"rendered":"https:\/\/gretasexylingerie.com\/?post_type=product&#038;p=45682"},"modified":"2023-10-16T22:17:32","modified_gmt":"2023-10-16T14:17:32","slug":"atacado-ver-atraves-do-body-sexy-da-menina-do-gato","status":"publish","type":"product","link":"https:\/\/gretasexylingerie.com\/pt\/products\/wholesale-see-through-sexy-cat-girl-bodysuit\/","title":{"rendered":"Por atacado Bodysuit Sexy Cat Girl Transparente"},"content":{"rendered":"<ol class=\"wp-block-list\">\n<li>Charme felino: Os temas da menina gato exalam um charme felino l\u00fadico, tornando-os uma op\u00e7\u00e3o emocionante para almas aventureiras. Sua est\u00e9tica agrad\u00e1vel garante uma cole\u00e7\u00e3o de varejo atraente, ao mesmo tempo que invoca hist\u00f3rias de fantasia felina e explora\u00e7\u00e3o ativa.<\/li>\n\n\n\n<li>Design transparente atraente: O design transparente adiciona modernidade e fornece uma silhueta atraente. Como tal, atrai clientes de diferentes grupos demogr\u00e1ficos \u2013 tornando esta op\u00e7\u00e3o perfeita para retalhistas que procuram diversas op\u00e7\u00f5es de vestu\u00e1rio.<\/li>\n\n\n\n<li>Cabresto e cauda peludo: O cabresto e cauda peludo adicionam um elemento atraente que complementa o tema felino, criando uma pe\u00e7a excepcional para exibi\u00e7\u00e3o no varejo. Com detalhes t\u00e3o chamativos, esse body se destaca na sua cole\u00e7\u00e3o de varejo. \u00c9 uma vantagem adicional sobre os concorrentes.<\/li>\n\n\n\n<li>Al\u00e7a Abdominal Ajust\u00e1vel: Nossa al\u00e7a abdominal ajust\u00e1vel garante um ajuste confort\u00e1vel, mas sedutor \u2013 prova de nossa dedica\u00e7\u00e3o em fornecer produtos no atacado sem comprometer a qualidade ou o conforto.<\/li>\n\n\n\n<li>Pronto para atacado: Feito para distribui\u00e7\u00e3o no atacado, o body transparente sexy Cat Girl se tornar\u00e1 uma adi\u00e7\u00e3o muito procurada ao seu sortimento de varejo. N\u00e3o apenas uma fantasia; esta roupa convida seu p\u00fablico a um reino imagin\u00e1rio para brincadeiras imaginativas!<\/li>\n<\/ol>\n\n\n\n<p>Distribua nosso Body Sexy Cat Girl Transparente no atacado para expandir sua cole\u00e7\u00e3o de varejo hoje com eleg\u00e2ncia divertida! Combina charme felino e sofistica\u00e7\u00e3o moderna, perfeito para varejistas que buscam uma variedade interessante de trajes. Entre em contato para consultas de atacado e adicione eleg\u00e2ncia divertida \u00e0 sua sele\u00e7\u00e3o!<\/p>","protected":false},"excerpt":{"rendered":"<p>Liberte o seu charme de gato com nosso body transparente sexy para garotas de gato no atacado. Apresentando um cabresto e cauda peludo para um deleite felino extra, este body preto \u00e9 uma pe\u00e7a divertida de role-playing ideal para varejistas que desejam unir o carisma felino com a sensualidade moderna.<\/p>","protected":false},"featured_media":45688,"template":"","meta":[],"product_brand":[],"product_cat":[974],"product_tag":[984,980],"class_list":{"0":"post-45682","1":"product","2":"type-product","3":"status-publish","4":"has-post-thumbnail","6":"product_cat-wholesale-sexy-costumes","7":"product_tag-halloween-costumes","8":"product_tag-maid-costumes","9":"pa_color-leopard","10":"pa_size-free","12":"first","13":"instock","14":"taxable","15":"shipping-taxable","16":"purchasable","17":"product-type-variable"},"tiered_pricing_type":"fixed","tiered_pricing_fixed_rules":[],"tiered_pricing_product_settings":{"layout":"default","base_unit_name":{"singular":null,"plural":null},"default_variation":{}},"tiered_pricing_minimum_quantity":null,"tiered_pricing_roles_data":[],"tiered_pricing_percentage_rules":[],"tiered_pricing_maximum_quantity":null,"tiered_pricing_quantity_step":null,"_links":{"self":[{"href":"https:\/\/gretasexylingerie.com\/pt\/wp-json\/wp\/v2\/product\/45682","targetHints":{"allow":["GET"]}}],"collection":[{"href":"https:\/\/gretasexylingerie.com\/pt\/wp-json\/wp\/v2\/product"}],"about":[{"href":"https:\/\/gretasexylingerie.com\/pt\/wp-json\/wp\/v2\/types\/product"}],"wp:featuredmedia":[{"embeddable":true,"href":"https:\/\/gretasexylingerie.com\/pt\/wp-json\/wp\/v2\/media\/45688"}],"wp:attachment":[{"href":"https:\/\/gretasexylingerie.com\/pt\/wp-json\/wp\/v2\/media?parent=45682"}],"wp:term":[{"taxonomy":"product_brand","embeddable":true,"href":"https:\/\/gretasexylingerie.com\/pt\/wp-json\/wp\/v2\/product_brand?post=45682"},{"taxonomy":"product_cat","embeddable":true,"href":"https:\/\/gretasexylingerie.com\/pt\/wp-json\/wp\/v2\/product_cat?post=45682"},{"taxonomy":"product_tag","embeddable":true,"href":"https:\/\/gretasexylingerie.com\/pt\/wp-json\/wp\/v2\/product_tag?post=45682"}],"curies":[{"name":"wp","href":"https:\/\/api.w.org\/{rel}","templated":true}]}}