{"id":45546,"date":"2023-10-13T23:59:04","date_gmt":"2023-10-13T15:59:04","guid":{"rendered":"https:\/\/gretasexylingerie.com\/?post_type=product&#038;p=45546"},"modified":"2024-01-17T21:43:19","modified_gmt":"2024-01-17T13:43:19","slug":"atacado-traje-sexy-de-natal-body-v-profundo","status":"publish","type":"product","link":"https:\/\/gretasexylingerie.com\/pt\/products\/wholesale-sexy-christmas-costume-deep-v-bodysuit\/","title":{"rendered":"Por atacado Sexy Christmas Costume Deep V Bodysuit"},"content":{"rendered":"<ol class=\"wp-block-list\">\n<li>Fasc\u00ednio festivo: A beleza festiva da fantasia de Natal a torna uma escolha emocionante para apresenta\u00e7\u00f5es festivas e apresenta\u00e7\u00f5es de qualquer tipo. Com uma est\u00e9tica l\u00fadica que garante um apelo a longo prazo nas cole\u00e7\u00f5es de retalho, ajudam a contar hist\u00f3rias de celebra\u00e7\u00e3o e charme, ao mesmo tempo que convidam a uma narrativa baseada na experi\u00eancia para celebrar esta \u00e9poca do ano.<\/li>\n\n\n\n<li>Body Sensual em V Profundo: Este body sensual em V profundo n\u00e3o apenas adiciona um apelo sedutor, mas tamb\u00e9m \u00e9 lisonjeiro para quase todas as figuras - tornando-o uma op\u00e7\u00e3o popular entre clientes de v\u00e1rias idades e origens. Destaca-se como uma oferta exclusiva em sua cole\u00e7\u00e3o de varejo e garante uma experi\u00eancia ideal ao cliente!<\/li>\n\n\n\n<li>Artesanato superior: nosso artesanato de alta qualidade garante um ajuste eficaz, mas confort\u00e1vel, sem comprometer o apelo sexy, o que diz muito sobre nosso compromisso em oferecer produtos no atacado que n\u00e3o comprometem o conforto ou a qualidade.<\/li>\n\n\n\n<li>Roupa para apresenta\u00e7\u00f5es de Natal: Perfeita tanto para festas tem\u00e1ticas quanto para apresenta\u00e7\u00f5es, esta fantasia de Natal pode se adaptar a uma ampla variedade de ocasi\u00f5es festivas - tornando-a a solu\u00e7\u00e3o ideal para varejistas que buscam oferecer uma sele\u00e7\u00e3o diversificada de roupas de Natal.<\/li>\n\n\n\n<li>Pronto para atacado: Feito para vendas no atacado, esta fantasia de Natal pode rapidamente se tornar um dos itens mais vendidos em sua cole\u00e7\u00e3o de varejo. Al\u00e9m de ser apenas um item para se vestir, abre um reino de fantasia e explora\u00e7\u00e3o festiva que aguarda descoberta!<\/li>\n<\/ol>\n\n\n\n<p>Adicione nossa fantasia sexy de Natal por atacado \u00e0 sua cole\u00e7\u00e3o de varejo para adicionar fasc\u00ednio festivo e eleg\u00e2ncia sensual. \u00c9 ideal para varejistas que desejam oferecer uma sele\u00e7\u00e3o variada e criativa de trajes de f\u00e9rias. Contate-nos agora para consultas no atacado e adicione eleg\u00e2ncia divertida ao seu invent\u00e1rio hoje mesmo.<\/p>\n\n\n\n<figure class=\"wp-block-table is-style-stripes\"><table class=\"has-fixed-layout\"><tbody><tr><td>Gr\u00e1fico do local (CM)<\/td><td><\/td><td><\/td><td><\/td><\/tr><tr><td>Tamanho<\/td><td>Comprimento<\/td><td>Busto Inferior<\/td><td>Cintura<\/td><\/tr><tr><td>S<\/td><td>67.5<\/td><td>86-90<\/td><td>62-66<\/td><\/tr><tr><td>M<\/td><td>69.5<\/td><td>90-94<\/td><td>66-70<\/td><\/tr><tr><td>eu<\/td><td>71.5<\/td><td>94-98<\/td><td>70-74<\/td><\/tr><tr><td>GG<\/td><td>73.5<\/td><td>98-102<\/td><td>74-78<\/td><\/tr><tr><td>Gr\u00e1fico do Local (POLEGADAS)<\/td><td><\/td><td><\/td><td><\/td><\/tr><tr><td>Tamanho<\/td><td>Comprimento<\/td><td>Busto Inferior<\/td><td>Cintura<\/td><\/tr><tr><td>S<\/td><td>26.57<\/td><td>33.86-35.43<\/td><td>24.41-25.98<\/td><\/tr><tr><td>M<\/td><td>27.36<\/td><td>35.43-37.01<\/td><td>25.98-27.56<\/td><\/tr><tr><td>eu<\/td><td>28.15<\/td><td>37.01-38.58<\/td><td>27.56-29.13<\/td><\/tr><tr><td>GG<\/td><td>28.94<\/td><td>38.58-40.16<\/td><td>29.13-30.71<\/td><\/tr><\/tbody><\/table><\/figure>","protected":false},"excerpt":{"rendered":"<p>Liberte a magia do Natal com nossa fantasia sexy de Natal no atacado. Criado para aprimorar apresenta\u00e7\u00f5es e eventos de f\u00e9rias, seu macac\u00e3o em V profundo torna cada celebra\u00e7\u00e3o importante m\u00e1gica! Uma escolha privilegiada para retalhistas que procuram proporcionar um encanto festivo combinado com uma eleg\u00e2ncia sensual.<\/p>","protected":false},"featured_media":45554,"template":"","meta":[],"product_brand":[],"product_cat":[370,974,367,373],"product_tag":[964,984],"class_list":{"0":"post-45546","1":"product","2":"type-product","3":"status-publish","4":"has-post-thumbnail","6":"product_cat-bodysuit","7":"product_cat-wholesale-sexy-costumes","8":"product_cat-sexy-lingerie","9":"product_cat-wholesale-sexy-mesh-bodysuit","10":"product_tag-christmas-lingerie","11":"product_tag-halloween-costumes","12":"pa_color-red-women-sexy-lingerie","13":"pa_size-wholesale-large-size-women-sexy-lingerie","14":"pa_size-wholesale-medium-size-women-sexy-lingerie","15":"pa_size-wholesale-small-size-sexy-lingerie","16":"pa_size-wholesale-extra-large-sexy-lingerie","18":"first","19":"instock","20":"taxable","21":"shipping-taxable","22":"purchasable","23":"product-type-variable"},"tiered_pricing_type":"fixed","tiered_pricing_fixed_rules":[],"tiered_pricing_product_settings":{"layout":"default","base_unit_name":{"singular":null,"plural":null},"default_variation":null},"tiered_pricing_minimum_quantity":null,"tiered_pricing_roles_data":[],"tiered_pricing_percentage_rules":[],"tiered_pricing_maximum_quantity":null,"tiered_pricing_quantity_step":null,"_links":{"self":[{"href":"https:\/\/gretasexylingerie.com\/pt\/wp-json\/wp\/v2\/product\/45546","targetHints":{"allow":["GET"]}}],"collection":[{"href":"https:\/\/gretasexylingerie.com\/pt\/wp-json\/wp\/v2\/product"}],"about":[{"href":"https:\/\/gretasexylingerie.com\/pt\/wp-json\/wp\/v2\/types\/product"}],"wp:featuredmedia":[{"embeddable":true,"href":"https:\/\/gretasexylingerie.com\/pt\/wp-json\/wp\/v2\/media\/45554"}],"wp:attachment":[{"href":"https:\/\/gretasexylingerie.com\/pt\/wp-json\/wp\/v2\/media?parent=45546"}],"wp:term":[{"taxonomy":"product_brand","embeddable":true,"href":"https:\/\/gretasexylingerie.com\/pt\/wp-json\/wp\/v2\/product_brand?post=45546"},{"taxonomy":"product_cat","embeddable":true,"href":"https:\/\/gretasexylingerie.com\/pt\/wp-json\/wp\/v2\/product_cat?post=45546"},{"taxonomy":"product_tag","embeddable":true,"href":"https:\/\/gretasexylingerie.com\/pt\/wp-json\/wp\/v2\/product_tag?post=45546"}],"curies":[{"name":"wp","href":"https:\/\/api.w.org\/{rel}","templated":true}]}}