{"id":45489,"date":"2023-10-13T01:11:57","date_gmt":"2023-10-12T17:11:57","guid":{"rendered":"https:\/\/gretasexylingerie.com\/?post_type=product&#038;p=45489"},"modified":"2023-10-13T01:13:23","modified_gmt":"2023-10-12T17:13:23","slug":"atacado-sexy-policial-traje-cosplay-terno-feminino","status":"publish","type":"product","link":"https:\/\/gretasexylingerie.com\/pt\/products\/wholesale-sexy-policewoman-costume-cosplay-womens-suit\/","title":{"rendered":"Venda por atacado de fantasia de policial sexy cosplay terno feminino"},"content":{"rendered":"<ol class=\"wp-block-list\">\n<li>Apelo de comando: Nosso sedutor traje de policial exala um apelo de comando, tornando-o uma op\u00e7\u00e3o tentadora para almas aventureiras. Ela incorpora uma aura autorit\u00e1ria e um fasc\u00ednio sensual, fazendo com que esta pe\u00e7a se destaque em sua cole\u00e7\u00e3o de varejo.<\/li>\n\n\n\n<li>Uma experi\u00eancia de cosplay envolvente: Este conjunto foi projetado para uma experi\u00eancia de cosplay policial envolvente, permitindo que os consumidores finais entreguem suas fantasias. \u00c9 um excelente complemento para varejistas que desejam oferecer uma variedade de trajes de dramatiza\u00e7\u00e3o.<\/li>\n\n\n\n<li>Fabrica\u00e7\u00e3o de alta qualidade: Nosso compromisso com a fabrica\u00e7\u00e3o de alta qualidade garante um uso confort\u00e1vel para divers\u00e3o prolongada, mostrando nossa dedica\u00e7\u00e3o em oferecer apenas produtos de alta qualidade aos seus clientes.<\/li>\n\n\n\n<li>Estilo vers\u00e1til: Este conjunto oferece op\u00e7\u00f5es de estilo vers\u00e1teis, tornando-o adequado para v\u00e1rios eventos tem\u00e1ticos ou aventuras privadas. Os varejistas que desejam fornecer roupas criativas podem se beneficiar com a oferta desse conjunto diversificado.<\/li>\n\n\n\n<li>Pronto para atacado: com seu foco no atacado em mente, esta fantasia sexy de policial pode se esgotar instantaneamente no varejo. Mais do que apenas uma fantasia; esta pe\u00e7a de moda convida os usu\u00e1rios a entrar em um mundo de fantasia e autoridade l\u00fadica.<\/li>\n<\/ol>\n\n\n\n<p>Adicione nossa fantasia de policial sexy no atacado \u00e0 sua sele\u00e7\u00e3o de varejo e expanda-a com apelo imponente e fantasia l\u00fadica! \u00c9 ideal para varejistas que buscam oferecer aos clientes op\u00e7\u00f5es de trajes diversificadas e criativas. Entre em contato conosco agora com consultas no atacado para que voc\u00ea possa adicionar eleg\u00e2ncia ousada ao seu sortimento hoje mesmo.<\/p>\n\n\n\n<figure class=\"wp-block-table is-style-stripes\"><table class=\"has-fixed-layout\"><tbody><tr><td>Gr\u00e1fico do local (CM)<\/td><td><\/td><td><\/td><td><\/td><\/tr><tr><td>Tamanho<\/td><td>Comprimento<\/td><td>Busto Inferior<\/td><td>Cintura<\/td><\/tr><tr><td>M<\/td><td>56<\/td><td>90<\/td><td>68&nbsp;<\/td><\/tr><tr><td>eu<\/td><td>56<\/td><td>95<\/td><td>73<\/td><\/tr><tr><td>Gr\u00e1fico do Local (POLEGADAS)<\/td><td><\/td><td><\/td><td><\/td><\/tr><tr><td>Tamanho<\/td><td>Comprimento<\/td><td>Busto Inferior<\/td><td>Cintura<\/td><\/tr><tr><td>M<\/td><td>22.05<\/td><td>35.43<\/td><td>26.77<\/td><\/tr><tr><td>eu<\/td><td>22.05<\/td><td>37.4<\/td><td>28.74<\/td><\/tr><\/tbody><\/table><\/figure>","protected":false},"excerpt":{"rendered":"<p>Liberte um mundo de fantasia com nossa fantasia de policial sexy no atacado! Perfeito para noites de cosplay e eventos com cosplayers policiais, este traje feminino exala autoridade enquanto permanece atraente; perfeito para varejistas que desejam expandir sua cole\u00e7\u00e3o com trajes cativantes!<\/p>","protected":false},"featured_media":45503,"template":"","meta":[],"product_brand":[],"product_cat":[974],"product_tag":[978],"class_list":{"0":"post-45489","1":"product","2":"type-product","3":"status-publish","4":"has-post-thumbnail","6":"product_cat-wholesale-sexy-costumes","7":"product_tag-policewoman-costume","8":"pa_color-black","9":"pa_size-wholesale-large-size-women-sexy-lingerie","10":"pa_size-wholesale-medium-size-women-sexy-lingerie","12":"first","13":"instock","14":"taxable","15":"shipping-taxable","16":"purchasable","17":"product-type-variable"},"tiered_pricing_type":"fixed","tiered_pricing_fixed_rules":[],"tiered_pricing_product_settings":{"layout":"default","base_unit_name":{"singular":null,"plural":null},"default_variation":{}},"tiered_pricing_minimum_quantity":null,"tiered_pricing_roles_data":[],"tiered_pricing_percentage_rules":[],"tiered_pricing_maximum_quantity":null,"tiered_pricing_quantity_step":null,"_links":{"self":[{"href":"https:\/\/gretasexylingerie.com\/pt\/wp-json\/wp\/v2\/product\/45489","targetHints":{"allow":["GET"]}}],"collection":[{"href":"https:\/\/gretasexylingerie.com\/pt\/wp-json\/wp\/v2\/product"}],"about":[{"href":"https:\/\/gretasexylingerie.com\/pt\/wp-json\/wp\/v2\/types\/product"}],"wp:featuredmedia":[{"embeddable":true,"href":"https:\/\/gretasexylingerie.com\/pt\/wp-json\/wp\/v2\/media\/45503"}],"wp:attachment":[{"href":"https:\/\/gretasexylingerie.com\/pt\/wp-json\/wp\/v2\/media?parent=45489"}],"wp:term":[{"taxonomy":"product_brand","embeddable":true,"href":"https:\/\/gretasexylingerie.com\/pt\/wp-json\/wp\/v2\/product_brand?post=45489"},{"taxonomy":"product_cat","embeddable":true,"href":"https:\/\/gretasexylingerie.com\/pt\/wp-json\/wp\/v2\/product_cat?post=45489"},{"taxonomy":"product_tag","embeddable":true,"href":"https:\/\/gretasexylingerie.com\/pt\/wp-json\/wp\/v2\/product_tag?post=45489"}],"curies":[{"name":"wp","href":"https:\/\/api.w.org\/{rel}","templated":true}]}}