{"id":45384,"date":"2023-09-20T00:27:16","date_gmt":"2023-09-19T16:27:16","guid":{"rendered":"https:\/\/gretasexylingerie.com\/?post_type=product&#038;p=45384"},"modified":"2024-04-04T14:56:20","modified_gmt":"2024-04-04T06:56:20","slug":"conjunto-de-sutia-e-calcinha-de-renda-e-cilios-no-atacado-com-bordado-de-amor","status":"publish","type":"product","link":"https:\/\/gretasexylingerie.com\/pt\/products\/wholesale-lace-and-eyelash-bra-and-panty-set-with-love-embroidery\/","title":{"rendered":"Conjunto de suti\u00e3 e calcinha de renda e c\u00edlios no atacado com bordado de amor"},"content":{"rendered":"<ol class=\"wp-block-list\">\n<li>Nosso conjunto de suti\u00e3 e calcinha Love bordado apresenta materiais premium para fornecer um produto top de linha em sua cole\u00e7\u00e3o. Apresentando bordados elegantes que acrescentam romance e sofistica\u00e7\u00e3o, nosso conjunto Love Bordados resistir\u00e1 ao teste do tempo em qualquer ambiente.<\/li>\n\n\n\n<li>Este conjunto incorpora est\u00e9tica e sentimentalismo, desde o seu atraente design de rendas e c\u00edlios at\u00e9 o bordado de cora\u00e7\u00e3o que acrescenta uma comovente nostalgia que o torna uma escolha encantadora para qualquer evento rom\u00e2ntico.<\/li>\n\n\n\n<li>Nosso conjunto de lingerie bordada Romantic Love \u00e9 uma prova de artesanato impec\u00e1vel. Com detalhes de renda requintados combinados com detalhes em c\u00edlios, este conjunto de suti\u00e3 e calcinha d\u00e1 uma apar\u00eancia atraente para um visual verdadeiramente cativante.<\/li>\n<\/ol>\n\n\n\n<p>Entre no romance com nosso Conjunto de Suti\u00e3 e Calcinha Bordados Love, com rendas e c\u00edlios delicados para adicionar romance. N\u00e3o perca esta pe\u00e7a premium pensada para momentos especiais; entre em contato conosco agora para fazer seu pedido ou obter mais informa\u00e7\u00f5es! Vamos tornar cada ocasi\u00e3o importante inesquec\u00edvel juntos!<\/p>\n\n\n\n<figure class=\"wp-block-table is-style-stripes\"><table class=\"has-fixed-layout\"><tbody><tr><td>Gr\u00e1fico do local (CM)<\/td><td><\/td><td><\/td><td><\/td><td><\/td><\/tr><tr><td>Tamanho<\/td><td>Comprimento<\/td><td>Busto Inferior<\/td><td>Cintura<\/td><td>Cintura de liga<\/td><\/tr><tr><td>S<\/td><td>20<\/td><td>66<\/td><td>62<\/td><td>66<\/td><\/tr><tr><td>M<\/td><td>21<\/td><td>70<\/td><td>66&nbsp;<\/td><td>70<\/td><\/tr><tr><td>eu<\/td><td>22<\/td><td>74<\/td><td>70<\/td><td>74<\/td><\/tr><tr><td>Gr\u00e1fico do Local (POLEGADAS)<\/td><td><\/td><td><\/td><td><\/td><td><\/td><\/tr><tr><td>Tamanho<\/td><td>Comprimento<\/td><td>Busto Inferior<\/td><td>Cintura<\/td><td>cintura de liga<\/td><\/tr><tr><td>S<\/td><td>7.87<\/td><td>25.98<\/td><td>24.41<\/td><td>25.98<\/td><\/tr><tr><td>M<\/td><td>8.27<\/td><td>27.56<\/td><td>25.98<\/td><td>27.56<\/td><\/tr><tr><td>eu<\/td><td>8.66<\/td><td>29.13<\/td><td>27.56<\/td><td>29.13<\/td><\/tr><\/tbody><\/table><\/figure>","protected":false},"excerpt":{"rendered":"<p>Celebre o amor com nosso conjunto de lingerie bordada Romantic Love, completo com rendas intrincadas e detalhes de c\u00edlios para maior estilo, conforto e fasc\u00ednio. Uma maneira fabulosa de marcar este marco rom\u00e2ntico.<\/p>","protected":false},"featured_media":45395,"template":"","meta":[],"product_brand":[],"product_cat":[368,367,375],"product_tag":[448,454,518,864,972],"class_list":{"0":"post-45384","1":"product","2":"type-product","3":"status-publish","4":"has-post-thumbnail","6":"product_cat-bra-panty-set","7":"product_cat-sexy-lingerie","8":"product_cat-whoelsale-sheer-bra-and-panty-sets","9":"product_tag-wholesale-elegant-sexy-lingerie","10":"product_tag-wholesale-sexy-embroidered-lingerie","11":"product_tag-mesh-lingerie","12":"product_tag-sexy-petite-lingerie","13":"product_tag-valentines-day-lingerie","14":"pa_color-yellow","15":"pa_size-wholesale-large-size-women-sexy-lingerie","16":"pa_size-wholesale-medium-size-women-sexy-lingerie","17":"pa_size-wholesale-small-size-sexy-lingerie","19":"first","20":"instock","21":"taxable","22":"shipping-taxable","23":"purchasable","24":"product-type-variable"},"tiered_pricing_type":"fixed","tiered_pricing_fixed_rules":[],"tiered_pricing_product_settings":{"layout":"table","base_unit_name":{"singular":null,"plural":null},"default_variation":{}},"tiered_pricing_minimum_quantity":null,"tiered_pricing_roles_data":[],"tiered_pricing_percentage_rules":[],"tiered_pricing_maximum_quantity":null,"tiered_pricing_quantity_step":null,"_links":{"self":[{"href":"https:\/\/gretasexylingerie.com\/pt\/wp-json\/wp\/v2\/product\/45384","targetHints":{"allow":["GET"]}}],"collection":[{"href":"https:\/\/gretasexylingerie.com\/pt\/wp-json\/wp\/v2\/product"}],"about":[{"href":"https:\/\/gretasexylingerie.com\/pt\/wp-json\/wp\/v2\/types\/product"}],"wp:featuredmedia":[{"embeddable":true,"href":"https:\/\/gretasexylingerie.com\/pt\/wp-json\/wp\/v2\/media\/45395"}],"wp:attachment":[{"href":"https:\/\/gretasexylingerie.com\/pt\/wp-json\/wp\/v2\/media?parent=45384"}],"wp:term":[{"taxonomy":"product_brand","embeddable":true,"href":"https:\/\/gretasexylingerie.com\/pt\/wp-json\/wp\/v2\/product_brand?post=45384"},{"taxonomy":"product_cat","embeddable":true,"href":"https:\/\/gretasexylingerie.com\/pt\/wp-json\/wp\/v2\/product_cat?post=45384"},{"taxonomy":"product_tag","embeddable":true,"href":"https:\/\/gretasexylingerie.com\/pt\/wp-json\/wp\/v2\/product_tag?post=45384"}],"curies":[{"name":"wp","href":"https:\/\/api.w.org\/{rel}","templated":true}]}}