{"id":45298,"date":"2023-09-18T01:15:14","date_gmt":"2023-09-17T17:15:14","guid":{"rendered":"https:\/\/gretasexylingerie.com\/?post_type=product&#038;p=45298"},"modified":"2023-09-18T01:16:54","modified_gmt":"2023-09-17T17:16:54","slug":"atacado-elegante-conjunto-de-sutia-liga-de-malha-transparente-com-tasse-sexy","status":"publish","type":"product","link":"https:\/\/gretasexylingerie.com\/pt\/products\/wholesale-elegant-see-through-mesh-garter-bra-set-with-sexy-tasse\/","title":{"rendered":"Conjunto de suti\u00e3 liga de malha transparente elegante por atacado com Tasse Sexy"},"content":{"rendered":"<ol class=\"wp-block-list\">\n<li>Nosso conjunto de tr\u00eas pe\u00e7as de roupa \u00edntima sexy com borla e novo estilo foi feito \u00e0 m\u00e3o meticulosamente para garantir um produto de primeira linha para sua cole\u00e7\u00e3o. O requintado detalhe da borla adiciona um ar de sofistica\u00e7\u00e3o e eleg\u00e2ncia que diferencia este conjunto.<\/li>\n\n\n\n<li>Este elegante conjunto de roupa \u00edntima de malha transparente com borla sexy \u00e9 lindo e confort\u00e1vel! Apresentando material em mesh para um conforto delicado contra a pele e detalhes sofisticados de borla, agregando outro n\u00edvel de sofistica\u00e7\u00e3o, perfeito para quem busca a combina\u00e7\u00e3o ideal entre moda e conforto!<\/li>\n\n\n\n<li>Nosso conjunto de liga de lingerie sexy moderno com detalhes de borla exemplifica o artesanato requintado. Com detalhes em malha transparente e borlas, este conjunto de tr\u00eas pe\u00e7as \u00e9 uma afirma\u00e7\u00e3o impressionante em qualquer cole\u00e7\u00e3o de lingerie.<\/li>\n<\/ol>\n\n\n\n<p>Junte-se ao mundo da eleg\u00e2ncia e do fasc\u00ednio com nosso conjunto de tr\u00eas pe\u00e7as de roupa \u00edntima sexy com borla e novo estilo. N\u00e3o apenas qualquer pe\u00e7a de lingerie velha; esta declara\u00e7\u00e3o de estilo \u00e9 uma declara\u00e7\u00e3o ousada! N\u00e3o perca esta pe\u00e7a requintada \u2013 contacte-nos agora para encomendar ou consultar \u2013 juntos, vamos redefinir a moda lingerie!<\/p>\n\n\n\n<figure class=\"wp-block-table is-style-stripes\"><table class=\"has-fixed-layout\"><tbody><tr><td>Gr\u00e1fico do local (CM)<\/td><td><\/td><td><\/td><td><\/td><td><\/td><\/tr><tr><td>Tamanho<\/td><td>Comprimento<\/td><td>Busto Inferior<\/td><td>Cintura<\/td><td>Cintura de liga<\/td><\/tr><tr><td>S<\/td><td>16<\/td><td>61-88<\/td><td>67-96<\/td><td>60-92<\/td><\/tr><tr><td>M<\/td><td>17<\/td><td>65-92<\/td><td>71-100<\/td><td>60-92<\/td><\/tr><tr><td>eu<\/td><td>18<\/td><td>69-96<\/td><td>75-104<\/td><td>60-92<\/td><\/tr><tr><td>Gr\u00e1fico do Local (POLEGADAS)<\/td><td><\/td><td><\/td><td><\/td><td><\/td><\/tr><tr><td>Tamanho<\/td><td>Comprimento<\/td><td>Busto Inferior<\/td><td>Cintura<\/td><td>cintura de liga<\/td><\/tr><tr><td>S<\/td><td>6.3<\/td><td>24.02-34.65<\/td><td>26.38-37.80<\/td><td>23.62-36.22<\/td><\/tr><tr><td>M<\/td><td>6.69<\/td><td>25.59-36.22<\/td><td>27.95-39.37<\/td><td>23.62-36.22<\/td><\/tr><tr><td>eu<\/td><td>7.09<\/td><td>27.17-37.80<\/td><td>29.53-40.94<\/td><td>23.62-36.22<\/td><\/tr><\/tbody><\/table><\/figure>","protected":false},"excerpt":{"rendered":"<p>Com seu atraente design de malha transparente, este conjunto atinge o equil\u00edbrio ideal entre fasc\u00ednio e eleg\u00e2ncia \u2013 uma pe\u00e7a essencial para qualquer cole\u00e7\u00e3o de lingerie moderna. Os detalhes em borla adicionam sofistica\u00e7\u00e3o e elementos l\u00fadicos que certamente encantar\u00e3o.<\/p>","protected":false},"featured_media":45311,"template":"","meta":[],"product_brand":[],"product_cat":[368,367,375,376],"product_tag":[446,864,865,531],"class_list":{"0":"post-45298","1":"product","2":"type-product","3":"status-publish","4":"has-post-thumbnail","6":"product_cat-bra-panty-set","7":"product_cat-sexy-lingerie","8":"product_cat-whoelsale-sheer-bra-and-panty-sets","9":"product_cat-wholesale-ultra-sexy-bra-panty-set","10":"product_tag-wholesale-sexy-see-through-lingerie","11":"product_tag-sexy-petite-lingerie","12":"product_tag-sexy-skimpy-lingerie","13":"product_tag-tassel-lingerie","14":"pa_color-black","15":"pa_size-wholesale-large-size-women-sexy-lingerie","16":"pa_size-wholesale-medium-size-women-sexy-lingerie","17":"pa_size-wholesale-small-size-sexy-lingerie","19":"first","20":"instock","21":"taxable","22":"shipping-taxable","23":"purchasable","24":"product-type-variable"},"tiered_pricing_type":"fixed","tiered_pricing_fixed_rules":[],"tiered_pricing_product_settings":{"layout":"default","base_unit_name":{"singular":null,"plural":null},"default_variation":{}},"tiered_pricing_minimum_quantity":null,"tiered_pricing_roles_data":[],"tiered_pricing_percentage_rules":[],"tiered_pricing_maximum_quantity":null,"tiered_pricing_quantity_step":null,"_links":{"self":[{"href":"https:\/\/gretasexylingerie.com\/pt\/wp-json\/wp\/v2\/product\/45298","targetHints":{"allow":["GET"]}}],"collection":[{"href":"https:\/\/gretasexylingerie.com\/pt\/wp-json\/wp\/v2\/product"}],"about":[{"href":"https:\/\/gretasexylingerie.com\/pt\/wp-json\/wp\/v2\/types\/product"}],"wp:featuredmedia":[{"embeddable":true,"href":"https:\/\/gretasexylingerie.com\/pt\/wp-json\/wp\/v2\/media\/45311"}],"wp:attachment":[{"href":"https:\/\/gretasexylingerie.com\/pt\/wp-json\/wp\/v2\/media?parent=45298"}],"wp:term":[{"taxonomy":"product_brand","embeddable":true,"href":"https:\/\/gretasexylingerie.com\/pt\/wp-json\/wp\/v2\/product_brand?post=45298"},{"taxonomy":"product_cat","embeddable":true,"href":"https:\/\/gretasexylingerie.com\/pt\/wp-json\/wp\/v2\/product_cat?post=45298"},{"taxonomy":"product_tag","embeddable":true,"href":"https:\/\/gretasexylingerie.com\/pt\/wp-json\/wp\/v2\/product_tag?post=45298"}],"curies":[{"name":"wp","href":"https:\/\/api.w.org\/{rel}","templated":true}]}}