{"id":45244,"date":"2023-09-17T23:13:38","date_gmt":"2023-09-17T15:13:38","guid":{"rendered":"https:\/\/gretasexylingerie.com\/?post_type=product&#038;p=45244"},"modified":"2023-09-17T23:15:34","modified_gmt":"2023-09-17T15:15:34","slug":"conjunto-de-sutia-sexy-oco-elegante-no-atacado-com-detalhes-em-rede-arrastao","status":"publish","type":"product","link":"https:\/\/gretasexylingerie.com\/pt\/products\/wholesale-fashionable-hollow-sexy-bra-set-with-fishnet-detailing\/","title":{"rendered":"Conjunto de suti\u00e3 sexy oco elegante por atacado com detalhes em rede arrast\u00e3o"},"content":{"rendered":"<ol class=\"wp-block-list\">\n<li>Nosso conjunto de quatro pe\u00e7as de lingerie sexy arrast\u00e3o novo estilo foi cuidadosamente elaborado com cuidado meticuloso para entregar a voc\u00ea um produto requintado para sua cole\u00e7\u00e3o. Apresentando seu design vazado exclusivo e detalhes em rede arrast\u00e3o, cada pe\u00e7a exemplifica qualidade e dedica\u00e7\u00e3o em design e fabrica\u00e7\u00e3o.<\/li>\n\n\n\n<li>Este elegante conjunto de suti\u00e3 sexy oco com detalhes em rede arrast\u00e3o \u00e9 chique e confort\u00e1vel. Sua rede arrast\u00e3o proporciona toques delicados na pele enquanto o design vazado acrescenta um toque especial - ideal para quem busca estilo e conforto!<\/li>\n\n\n\n<li>Nosso conjunto de lingerie sexy estilo quente com rede arrast\u00e3o e recursos ocos \u00e9 um exemplo requintado de artesanato, apresentando designs de rede arrast\u00e3o e oco para uma borda que se destaca em qualquer cole\u00e7\u00e3o de lingerie. Este conjunto de quatro pe\u00e7as se destacar\u00e1 em qualquer cole\u00e7\u00e3o.<\/li>\n<\/ol>\n\n\n\n<p>Entre em um mundo de eleg\u00e2ncia e fasc\u00ednio com nosso conjunto de quatro pe\u00e7as de lingerie sexy arrast\u00e3o New Style, ostentando seu design oco distinto. N\u00e3o perca esta pe\u00e7a premium; entre em contato conosco agora para fazer pedidos ou tirar d\u00favidas \u2013 juntos vamos redefinir a moda de lingerie!<\/p>\n\n\n\n<figure class=\"wp-block-table is-style-stripes\"><table class=\"has-fixed-layout\"><tbody><tr><td>Gr\u00e1fico do local (CM)<\/td><td><\/td><td><\/td><td><\/td><td><\/td><\/tr><tr><td>Tamanho<\/td><td>Comprimento<\/td><td>Busto Inferior<\/td><td>Cintura<\/td><td>Cintura de liga<\/td><\/tr><tr><td>S<\/td><td>22<\/td><td>65-88<\/td><td>60-96<\/td><td>60-92<\/td><\/tr><tr><td>M<\/td><td>23<\/td><td>69-92<\/td><td>64-100<\/td><td>64-96<\/td><\/tr><tr><td>eu<\/td><td>24<\/td><td>73-96<\/td><td>68-104<\/td><td>68-100<\/td><\/tr><tr><td>Gr\u00e1fico do Local (POLEGADAS)<\/td><td><\/td><td><\/td><td><\/td><td><\/td><\/tr><tr><td>Tamanho<\/td><td>Comprimento<\/td><td>Busto Inferior<\/td><td>Cintura<\/td><td>cintura de liga<\/td><\/tr><tr><td>S<\/td><td>8.66<\/td><td>25.59-34.65<\/td><td>23.62-37.80<\/td><td>23.62-36.22<\/td><\/tr><tr><td>M<\/td><td>9.06<\/td><td>27.17-36.22<\/td><td>25.20-39.37<\/td><td>25.20-37.80<\/td><\/tr><tr><td>eu<\/td><td>9.45<\/td><td>28.74-37.80<\/td><td>26.77-40.94<\/td><td>26.77-39.37<\/td><\/tr><\/tbody><\/table><\/figure>","protected":false},"excerpt":{"rendered":"<p>Adicione o melhor da moda lingerie com nosso conjunto de lingerie sexy estilo quente com rede arrast\u00e3o e recursos ocos. Uma combina\u00e7\u00e3o \u00fanica de estilo, conforto e charme, este conjunto de quatro pe\u00e7as se destacar\u00e1 em qualquer cole\u00e7\u00e3o de lingerie.<\/p>","protected":false},"featured_media":45255,"template":"","meta":[],"product_brand":[],"product_cat":[368,367,375],"product_tag":[868,448,541,446,972],"class_list":{"0":"post-45244","1":"product","2":"type-product","3":"status-publish","4":"has-post-thumbnail","6":"product_cat-bra-panty-set","7":"product_cat-sexy-lingerie","8":"product_cat-whoelsale-sheer-bra-and-panty-sets","9":"product_tag-4-piece-lingerie-set","10":"product_tag-wholesale-elegant-sexy-lingerie","11":"product_tag-fishnet-lingerie","12":"product_tag-wholesale-sexy-see-through-lingerie","13":"product_tag-valentines-day-lingerie","14":"pa_color-black","15":"pa_size-wholesale-large-size-women-sexy-lingerie","16":"pa_size-wholesale-medium-size-women-sexy-lingerie","17":"pa_size-wholesale-small-size-sexy-lingerie","19":"first","20":"instock","21":"taxable","22":"shipping-taxable","23":"purchasable","24":"product-type-variable"},"tiered_pricing_type":"fixed","tiered_pricing_fixed_rules":[],"tiered_pricing_product_settings":{"layout":"default","base_unit_name":{"singular":null,"plural":null},"default_variation":{}},"tiered_pricing_minimum_quantity":null,"tiered_pricing_roles_data":[],"tiered_pricing_percentage_rules":[],"tiered_pricing_maximum_quantity":null,"tiered_pricing_quantity_step":null,"_links":{"self":[{"href":"https:\/\/gretasexylingerie.com\/pt\/wp-json\/wp\/v2\/product\/45244","targetHints":{"allow":["GET"]}}],"collection":[{"href":"https:\/\/gretasexylingerie.com\/pt\/wp-json\/wp\/v2\/product"}],"about":[{"href":"https:\/\/gretasexylingerie.com\/pt\/wp-json\/wp\/v2\/types\/product"}],"wp:featuredmedia":[{"embeddable":true,"href":"https:\/\/gretasexylingerie.com\/pt\/wp-json\/wp\/v2\/media\/45255"}],"wp:attachment":[{"href":"https:\/\/gretasexylingerie.com\/pt\/wp-json\/wp\/v2\/media?parent=45244"}],"wp:term":[{"taxonomy":"product_brand","embeddable":true,"href":"https:\/\/gretasexylingerie.com\/pt\/wp-json\/wp\/v2\/product_brand?post=45244"},{"taxonomy":"product_cat","embeddable":true,"href":"https:\/\/gretasexylingerie.com\/pt\/wp-json\/wp\/v2\/product_cat?post=45244"},{"taxonomy":"product_tag","embeddable":true,"href":"https:\/\/gretasexylingerie.com\/pt\/wp-json\/wp\/v2\/product_tag?post=45244"}],"curies":[{"name":"wp","href":"https:\/\/api.w.org\/{rel}","templated":true}]}}