{"id":45225,"date":"2023-09-17T22:18:21","date_gmt":"2023-09-17T14:18:21","guid":{"rendered":"https:\/\/gretasexylingerie.com\/?post_type=product&#038;p=45225"},"modified":"2023-09-17T22:20:00","modified_gmt":"2023-09-17T14:20:00","slug":"conjunto-de-lingerie-elegante-de-quatro-pecas-no-atacado-com-saia-cobrindo-o-quadril","status":"publish","type":"product","link":"https:\/\/gretasexylingerie.com\/pt\/products\/wholesale-elegant-four-piece-lingerie-set-with-hip-covering-skirt\/","title":{"rendered":"Conjunto de lingerie elegante de quatro pe\u00e7as por atacado com saia que cobre o quadril"},"content":{"rendered":"<ol class=\"wp-block-list\">\n<li>Nosso conjunto de quatro pe\u00e7as de suti\u00e3 sexy com al\u00e7as cruzadas foi cuidadosamente elaborado com cuidado meticuloso para oferecer produtos de primeira linha para sua cole\u00e7\u00e3o. Apresentando nosso exclusivo design de al\u00e7as cruzadas e saia que cobre o quadril, cada pe\u00e7a demonstra nossa qualidade e comprometimento.<\/li>\n\n\n\n<li>O elegante conjunto de lingerie de quatro pe\u00e7as combina estilo e conforto em um conjunto perfeito. Apresentando delicadas tiras cruzadas contra a pele para toques delicados, enquanto a saia que cobre o quadril acrescenta sofistica\u00e7\u00e3o para quem procura os dois. Uma \u00f3tima pe\u00e7a para quem curte estilo e conforto na lingerie.<\/li>\n\n\n\n<li>Nosso conjunto de suti\u00e3 sexy com al\u00e7as cruzadas e saia apresenta um artesanato requintado. Apresentando seu design diferenciado de al\u00e7a cruzada, este conjunto de quatro pe\u00e7as se destaca em qualquer cole\u00e7\u00e3o de lingerie.<\/li>\n<\/ol>\n\n\n\n<p>Traga eleg\u00e2ncia e fasc\u00ednio para sua vida com nosso conjunto de quatro pe\u00e7as de suti\u00e3 sexy com al\u00e7as cruzadas, com uma saia que cobre o quadril. N\u00e3o perca esta pe\u00e7a requintada \u2013 entre em contato conosco hoje mesmo para fazer seu pedido ou saber mais \u2013 vamos redefinir a moda de lingerie juntos!<\/p>\n\n\n\n<figure class=\"wp-block-table is-style-stripes\"><table class=\"has-fixed-layout\"><tbody><tr><td>Gr\u00e1fico do local (CM)<\/td><td><\/td><td><\/td><td><\/td><td><\/td><\/tr><tr><td>Tamanho<\/td><td>Comprimento<\/td><td>Busto Inferior<\/td><td>Cintura<\/td><td>Cintura de liga<\/td><\/tr><tr><td>S<\/td><td>13<\/td><td>67-88<\/td><td>64-96<\/td><td>60-92<\/td><\/tr><tr><td>M<\/td><td>14<\/td><td>71-92<\/td><td>68-1007<\/td><td>64-96<\/td><\/tr><tr><td>eu<\/td><td>15<\/td><td>75-96<\/td><td>72-104<\/td><td>68-100<\/td><\/tr><tr><td>Gr\u00e1fico do Local (POLEGADAS)<\/td><td><\/td><td><\/td><td><\/td><td><\/td><\/tr><tr><td>Tamanho<\/td><td>Comprimento<\/td><td>Busto Inferior<\/td><td>Cintura<\/td><td>cintura de liga<\/td><\/tr><tr><td>S<\/td><td>5.12<\/td><td>26.38-34.65<\/td><td>25.20-37.80<\/td><td>23.62-36.22<\/td><\/tr><tr><td>M<\/td><td>5.51<\/td><td>27.95-36.22<\/td><td>26.77-396.85<\/td><td>25.20-37.80<\/td><\/tr><tr><td>eu<\/td><td>5.91<\/td><td>29.53-37.80<\/td><td>28.35-40.94<\/td><td>26.77-39.37<\/td><\/tr><\/tbody><\/table><\/figure>","protected":false},"excerpt":{"rendered":"<p>Crie o que h\u00e1 de mais moderno em moda lingerie com nosso elegante conjunto de suti\u00e3 sexy com al\u00e7as cruzadas e saia. Criado para oferecer conforto, estilo e charme em igual medida, este conjunto de quatro pe\u00e7as se destacar\u00e1 em qualquer cole\u00e7\u00e3o de lingerie.<\/p>","protected":false},"featured_media":45238,"template":"","meta":[],"product_brand":[],"product_cat":[368,367,375],"product_tag":[868,964,448,447,972],"class_list":{"0":"post-45225","1":"product","2":"type-product","3":"status-publish","4":"has-post-thumbnail","6":"product_cat-bra-panty-set","7":"product_cat-sexy-lingerie","8":"product_cat-whoelsale-sheer-bra-and-panty-sets","9":"product_tag-4-piece-lingerie-set","10":"product_tag-christmas-lingerie","11":"product_tag-wholesale-elegant-sexy-lingerie","12":"product_tag-wholesale-strappy-sexy-lingerie","13":"product_tag-valentines-day-lingerie","14":"pa_color-red-women-sexy-lingerie","15":"pa_size-wholesale-large-size-women-sexy-lingerie","16":"pa_size-wholesale-medium-size-women-sexy-lingerie","17":"pa_size-wholesale-small-size-sexy-lingerie","19":"first","20":"instock","21":"taxable","22":"shipping-taxable","23":"purchasable","24":"product-type-variable"},"tiered_pricing_type":"fixed","tiered_pricing_fixed_rules":[],"tiered_pricing_product_settings":{"layout":"default","base_unit_name":{"singular":null,"plural":null},"default_variation":{}},"tiered_pricing_minimum_quantity":null,"tiered_pricing_roles_data":[],"tiered_pricing_percentage_rules":[],"tiered_pricing_maximum_quantity":null,"tiered_pricing_quantity_step":null,"_links":{"self":[{"href":"https:\/\/gretasexylingerie.com\/pt\/wp-json\/wp\/v2\/product\/45225","targetHints":{"allow":["GET"]}}],"collection":[{"href":"https:\/\/gretasexylingerie.com\/pt\/wp-json\/wp\/v2\/product"}],"about":[{"href":"https:\/\/gretasexylingerie.com\/pt\/wp-json\/wp\/v2\/types\/product"}],"wp:featuredmedia":[{"embeddable":true,"href":"https:\/\/gretasexylingerie.com\/pt\/wp-json\/wp\/v2\/media\/45238"}],"wp:attachment":[{"href":"https:\/\/gretasexylingerie.com\/pt\/wp-json\/wp\/v2\/media?parent=45225"}],"wp:term":[{"taxonomy":"product_brand","embeddable":true,"href":"https:\/\/gretasexylingerie.com\/pt\/wp-json\/wp\/v2\/product_brand?post=45225"},{"taxonomy":"product_cat","embeddable":true,"href":"https:\/\/gretasexylingerie.com\/pt\/wp-json\/wp\/v2\/product_cat?post=45225"},{"taxonomy":"product_tag","embeddable":true,"href":"https:\/\/gretasexylingerie.com\/pt\/wp-json\/wp\/v2\/product_tag?post=45225"}],"curies":[{"name":"wp","href":"https:\/\/api.w.org\/{rel}","templated":true}]}}