{"id":45205,"date":"2023-09-17T01:37:38","date_gmt":"2023-09-16T17:37:38","guid":{"rendered":"https:\/\/gretasexylingerie.com\/?post_type=product&#038;p=45205"},"modified":"2023-09-17T01:39:15","modified_gmt":"2023-09-16T17:39:15","slug":"atacado-chama-bordado-lingerie-sexy-conjunto-de-quatro-pecas-com-sutia-de-corrente","status":"publish","type":"product","link":"https:\/\/gretasexylingerie.com\/pt\/products\/wholesale-flame-embroidery-sexy-lingerie-four-piece-set-with-chain-bra\/","title":{"rendered":"Conjunto de quatro pe\u00e7as de lingerie sexy com bordado de chama por atacado com suti\u00e3 de corrente"},"content":{"rendered":"<ol class=\"wp-block-list\">\n<li>Nosso Conjunto de Quatro Pe\u00e7as de Lingerie Sexy Bordado Flame foi feito \u00e0 m\u00e3o com carinho, garantindo produtos de primeira linha para sua cole\u00e7\u00e3o. Com um design exclusivo de suti\u00e3 de corrente e detalhes vazados que mostram a qualidade e a dedica\u00e7\u00e3o de cada pe\u00e7a, esta cole\u00e7\u00e3o se tornar\u00e1 a estrela do seu guarda-roupa!<\/li>\n\n\n\n<li>O conjunto de lingerie de suti\u00e3 de corrente oca especial para rec\u00e9m-casados \u00e9 elegante e confort\u00e1vel, com bordados requintados em chamas que acariciam suavemente sua pele, enquanto o suti\u00e3 de corrente adiciona um toque de ousadia - ideal para casais que buscam estilo e conforto em um \u00fanico pacote.<\/li>\n\n\n\n<li>Nosso elegante conjunto de lingerie bordada com chama e suti\u00e3 de corrente sexy exemplifica o fino artesanato. Seu design vazado acrescenta um charme \u00fanico, fazendo com que este conjunto de quatro pe\u00e7as se destaque em qualquer cole\u00e7\u00e3o de lingerie.<\/li>\n<\/ol>\n\n\n\n<p>Fa\u00e7a uma declara\u00e7\u00e3o impressionante em nosso conjunto de quatro pe\u00e7as de lingerie sexy com bordado de chama, completo com seu atraente suti\u00e3 de corrente. N\u00e3o apenas qualquer pe\u00e7a de lingerie velha; esta pe\u00e7a premium foi criada especialmente para os noivos! N\u00e3o perca; entre em contato conosco agora para garantir esta pe\u00e7a de luxo \u2013 juntos, estamos incendiando o mundo da moda lingerie!<\/p>\n\n\n\n<figure class=\"wp-block-table is-style-stripes\"><table class=\"has-fixed-layout\"><tbody><tr><td>Gr\u00e1fico do local (CM)<\/td><td><\/td><td><\/td><td><\/td><td><\/td><\/tr><tr><td>Tamanho<\/td><td>Comprimento<\/td><td>Busto Inferior<\/td><td>Cintura<\/td><td>Cintura de liga<\/td><\/tr><tr><td>S<\/td><td>16<\/td><td>63-88<\/td><td>64-96<\/td><td>63-92<\/td><\/tr><tr><td>M<\/td><td>17<\/td><td>67-92<\/td><td>68-100<\/td><td>67-92<\/td><\/tr><tr><td>eu<\/td><td>18<\/td><td>71-96<\/td><td>72-104<\/td><td>71-96<\/td><\/tr><tr><td>Gr\u00e1fico do Local (POLEGADAS)<\/td><td><\/td><td><\/td><td><\/td><td><\/td><\/tr><tr><td>Tamanho<\/td><td>Comprimento<\/td><td>Busto Inferior<\/td><td>Cintura<\/td><td>cintura de liga<\/td><\/tr><tr><td>S<\/td><td>6.3<\/td><td>24.80-34.65<\/td><td>25.20-37.80<\/td><td>24.80-36.22<\/td><\/tr><tr><td>M<\/td><td>6.69<\/td><td>26.38-36.22<\/td><td>26.77-39.37<\/td><td>26.38-36.22<\/td><\/tr><tr><td>eu<\/td><td>7.09<\/td><td>27.95-37.80<\/td><td>28.35-40.94<\/td><td>27.95-37.80<\/td><\/tr><\/tbody><\/table><\/figure>","protected":false},"excerpt":{"rendered":"<p>Apresente nosso conjunto de quatro pe\u00e7as de lingerie sexy com bordado de chama, cuidadosamente elaborado com seu design distinto de suti\u00e3 de corrente para um visual atraente e tentador que \u00e9 ideal para rec\u00e9m-casados que procuram adicionar eleg\u00e2ncia e fasc\u00ednio ao seu conjunto.<\/p>","protected":false},"featured_media":45219,"template":"","meta":[],"product_brand":[],"product_cat":[368,369,367],"product_tag":[868,452,964,448,532,453,972],"class_list":{"0":"post-45205","1":"product","2":"type-product","3":"status-publish","4":"has-post-thumbnail","6":"product_cat-bra-panty-set","7":"product_cat-wholesale-lace-bra-and-panty-sets","8":"product_cat-sexy-lingerie","9":"product_tag-4-piece-lingerie-set","10":"product_tag-wholesale-boudoir-lingerie","11":"product_tag-christmas-lingerie","12":"product_tag-wholesale-elegant-sexy-lingerie","13":"product_tag-lingerie-suspender-set","14":"product_tag-wholesale-sexy-naughty-lingerie","15":"product_tag-valentines-day-lingerie","16":"pa_color-red-women-sexy-lingerie","17":"pa_size-wholesale-large-size-women-sexy-lingerie","18":"pa_size-wholesale-medium-size-women-sexy-lingerie","19":"pa_size-wholesale-small-size-sexy-lingerie","21":"first","22":"instock","23":"taxable","24":"shipping-taxable","25":"purchasable","26":"product-type-variable"},"tiered_pricing_type":"fixed","tiered_pricing_fixed_rules":[],"tiered_pricing_product_settings":{"layout":"default","base_unit_name":{"singular":null,"plural":null},"default_variation":{}},"tiered_pricing_minimum_quantity":null,"tiered_pricing_roles_data":[],"tiered_pricing_percentage_rules":[],"tiered_pricing_maximum_quantity":null,"tiered_pricing_quantity_step":null,"_links":{"self":[{"href":"https:\/\/gretasexylingerie.com\/pt\/wp-json\/wp\/v2\/product\/45205","targetHints":{"allow":["GET"]}}],"collection":[{"href":"https:\/\/gretasexylingerie.com\/pt\/wp-json\/wp\/v2\/product"}],"about":[{"href":"https:\/\/gretasexylingerie.com\/pt\/wp-json\/wp\/v2\/types\/product"}],"wp:featuredmedia":[{"embeddable":true,"href":"https:\/\/gretasexylingerie.com\/pt\/wp-json\/wp\/v2\/media\/45219"}],"wp:attachment":[{"href":"https:\/\/gretasexylingerie.com\/pt\/wp-json\/wp\/v2\/media?parent=45205"}],"wp:term":[{"taxonomy":"product_brand","embeddable":true,"href":"https:\/\/gretasexylingerie.com\/pt\/wp-json\/wp\/v2\/product_brand?post=45205"},{"taxonomy":"product_cat","embeddable":true,"href":"https:\/\/gretasexylingerie.com\/pt\/wp-json\/wp\/v2\/product_cat?post=45205"},{"taxonomy":"product_tag","embeddable":true,"href":"https:\/\/gretasexylingerie.com\/pt\/wp-json\/wp\/v2\/product_tag?post=45205"}],"curies":[{"name":"wp","href":"https:\/\/api.w.org\/{rel}","templated":true}]}}