{"id":45179,"date":"2023-09-16T00:39:07","date_gmt":"2023-09-15T16:39:07","guid":{"rendered":"https:\/\/gretasexylingerie.com\/?post_type=product&#038;p=45179"},"modified":"2023-10-22T22:52:41","modified_gmt":"2023-10-22T14:52:41","slug":"atacado-novo-estilo-de-lingerie-sexy-conjunto-feminino-com-bordado-floral","status":"publish","type":"product","link":"https:\/\/gretasexylingerie.com\/pt\/products\/wholesale-new-style-sexy-lingerie-womens-set-with-floral-embroidery\/","title":{"rendered":"Conjunto feminino de lingerie sexy de novo estilo por atacado com bordado floral"},"content":{"rendered":"<ol class=\"wp-block-list\">\n<li>Nosso conjunto feminino de lingerie sexy New Style foi meticulosamente feito \u00e0 m\u00e3o com aten\u00e7\u00e3o inabal\u00e1vel aos detalhes, resultando em um produto requintado para sua cole\u00e7\u00e3o, com artesanato pesado e bordados florais que mostram a qualidade e dedica\u00e7\u00e3o de cada pe\u00e7a deste conjunto.<\/li>\n\n\n\n<li>O Conjunto de Lingerie Sexy Fashion com Al\u00e7as Patchwork combina perfeitamente estilo e conforto, oferecendo renda macia contra a pele enquanto os bordados intrincados acrescentam sofistica\u00e7\u00e3o. Perfeito para quem busca eleg\u00e2ncia e conforto em um s\u00f3 lugar.<\/li>\n\n\n\n<li>Nosso elegante conjunto de lingerie bordada com renda sexy e al\u00e7as de patchwork exemplifica um artesanato excepcional. As al\u00e7as em patchwork d\u00e3o um toque diferenciado, garantindo que esta pe\u00e7a se destaque em qualquer cole\u00e7\u00e3o de lingerie.<\/li>\n<\/ol>\n\n\n\n<p>Mergulhe na eleg\u00e2ncia e no fasc\u00ednio com nosso conjunto feminino de lingerie sexy New Style, com bordado floral. N\u00e3o perca esta pe\u00e7a premium; entre em contato conosco agora para fazer seu pedido ou tirar qualquer d\u00favida \u2013 juntos, vamos redefinir a moda lingerie!<\/p>\n\n\n\n<figure class=\"wp-block-table is-style-stripes\"><table class=\"has-fixed-layout\"><tbody><tr><td>Gr\u00e1fico do local (CM)<\/td><td><\/td><td><\/td><td><\/td><td><\/td><\/tr><tr><td>Tamanho<\/td><td>Comprimento<\/td><td>Busto Inferior<\/td><td>Cintura<\/td><td>Cintura de liga<\/td><\/tr><tr><td>S<\/td><td>14<\/td><td>66-92<\/td><td>70-96<\/td><td>64-90<\/td><\/tr><tr><td>M<\/td><td>15<\/td><td>70-96<\/td><td>74-100<\/td><td>68-94<\/td><\/tr><tr><td>eu<\/td><td>16<\/td><td>74-100<\/td><td>78-104<\/td><td>72-98<\/td><\/tr><tr><td>Gr\u00e1fico do Local (POLEGADAS)<\/td><td><\/td><td><\/td><td><\/td><td><\/td><\/tr><tr><td>Tamanho<\/td><td>Comprimento<\/td><td>Busto Inferior<\/td><td>Cintura<\/td><td>cintura de liga<\/td><\/tr><tr><td>S<\/td><td>5.51<\/td><td>25.98-36.22<\/td><td>27.56-37.80<\/td><td>25.20-35.43<\/td><\/tr><tr><td>M<\/td><td>5.91<\/td><td>27.56-37.80<\/td><td>29.13-39.37<\/td><td>26.77-37.01<\/td><\/tr><tr><td>eu<\/td><td>6.3<\/td><td>29.13-39.37<\/td><td>30.71-40.94<\/td><td>28.35-38.58<\/td><\/tr><\/tbody><\/table><\/figure>","protected":false},"excerpt":{"rendered":"<p>Bem-vindo ao nosso conjunto feminino de lingerie sexy New Style, meticulosamente feito \u00e0 m\u00e3o com artesanato pesado e com bordados florais para um visual encantador e cativante - ideal para clientes que procuram o que h\u00e1 de mais moderno em moda de lingerie! Este conjunto promete sofistica\u00e7\u00e3o e looks tentadores; tornando esta uma excelente adi\u00e7\u00e3o ao seu guarda-roupa de lingerie!<\/p>\n<p>https:\/\/youtu.be\/iB6wQcDs-qg<\/p>","protected":false},"featured_media":45195,"template":"","meta":[],"product_brand":[],"product_cat":[368,367,375],"product_tag":[868,870,446,453,865],"class_list":{"0":"post-45179","1":"product","2":"type-product","3":"status-publish","4":"has-post-thumbnail","6":"product_cat-bra-panty-set","7":"product_cat-sexy-lingerie","8":"product_cat-whoelsale-sheer-bra-and-panty-sets","9":"product_tag-4-piece-lingerie-set","10":"product_tag-floral-lingerie","11":"product_tag-wholesale-sexy-see-through-lingerie","12":"product_tag-wholesale-sexy-naughty-lingerie","13":"product_tag-sexy-skimpy-lingerie","14":"pa_color-light-purple","15":"pa_size-wholesale-large-size-women-sexy-lingerie","16":"pa_size-wholesale-medium-size-women-sexy-lingerie","17":"pa_size-wholesale-small-size-sexy-lingerie","19":"first","20":"instock","21":"taxable","22":"shipping-taxable","23":"purchasable","24":"product-type-variable"},"tiered_pricing_type":"fixed","tiered_pricing_fixed_rules":[],"tiered_pricing_product_settings":{"layout":"default","base_unit_name":{"singular":null,"plural":null},"default_variation":{}},"tiered_pricing_minimum_quantity":null,"tiered_pricing_roles_data":[],"tiered_pricing_percentage_rules":[],"tiered_pricing_maximum_quantity":null,"tiered_pricing_quantity_step":null,"_links":{"self":[{"href":"https:\/\/gretasexylingerie.com\/pt\/wp-json\/wp\/v2\/product\/45179","targetHints":{"allow":["GET"]}}],"collection":[{"href":"https:\/\/gretasexylingerie.com\/pt\/wp-json\/wp\/v2\/product"}],"about":[{"href":"https:\/\/gretasexylingerie.com\/pt\/wp-json\/wp\/v2\/types\/product"}],"wp:featuredmedia":[{"embeddable":true,"href":"https:\/\/gretasexylingerie.com\/pt\/wp-json\/wp\/v2\/media\/45195"}],"wp:attachment":[{"href":"https:\/\/gretasexylingerie.com\/pt\/wp-json\/wp\/v2\/media?parent=45179"}],"wp:term":[{"taxonomy":"product_brand","embeddable":true,"href":"https:\/\/gretasexylingerie.com\/pt\/wp-json\/wp\/v2\/product_brand?post=45179"},{"taxonomy":"product_cat","embeddable":true,"href":"https:\/\/gretasexylingerie.com\/pt\/wp-json\/wp\/v2\/product_cat?post=45179"},{"taxonomy":"product_tag","embeddable":true,"href":"https:\/\/gretasexylingerie.com\/pt\/wp-json\/wp\/v2\/product_tag?post=45179"}],"curies":[{"name":"wp","href":"https:\/\/api.w.org\/{rel}","templated":true}]}}