{"id":44227,"date":"2023-08-07T22:43:27","date_gmt":"2023-08-07T14:43:27","guid":{"rendered":"https:\/\/gretasexylingerie.com\/?post_type=product&#038;p=44227"},"modified":"2023-09-05T20:59:26","modified_gmt":"2023-09-05T12:59:26","slug":"bustie-sexy-com-decote-halter-e-algemas-de-corrente-de-metal","status":"publish","type":"product","link":"https:\/\/gretasexylingerie.com\/pt\/products\/sexy-bustier-with-halter-neck-and-metal-chain-handcuffs\/","title":{"rendered":"Bustier sexy com decote frente \u00fanica e algemas de corrente de metal"},"content":{"rendered":"<ol class=\"wp-block-list\">\n<li>Nosso Sexy Bustier com Halter Neck e Metal Chain Algemas foi projetado com as \u00faltimas tend\u00eancias da moda em mente. O suti\u00e3 push-up d\u00e1 um toque de ousadia, enquanto o design aberto garante um visual irresist\u00edvel. Este conjunto certamente ser\u00e1 um sucesso entre seus clientes.<\/li>\n\n\n\n<li>O conjunto de bustier estilo aberto com suti\u00e3 push-up e algemas de corrente de metal \u00e9 elegante e confort\u00e1vel. A gola halter adiciona um toque de eleg\u00e2ncia, enquanto o design aberto oferece um ajuste personalizado. Este conjunto \u00e9 perfeito para clientes que buscam estilo e conforto em suas lingeries.<\/li>\n\n\n\n<li>Nosso bustier deslumbrante e sexy com gola alta e design aberto \u00e9 \u00fanico e de alta qualidade. As algemas de corrente de metal adicionam um toque de ousadia, enquanto o suti\u00e3 push-up garante uma sensa\u00e7\u00e3o luxuosa. Este conjunto certamente se destacar\u00e1 em qualquer cole\u00e7\u00e3o de lingerie.<\/li>\n<\/ol>\n\n\n\n<p>Abrace o ousado e o belo com nosso Sexy Bustier, com decote frente \u00fanica, algemas de corrente de metal e design aberto. Este conjunto n\u00e3o \u00e9 apenas um produto; \u00e9 uma declara\u00e7\u00e3o de estilo que seus clientes v\u00e3o adorar. N\u00e3o espere. Entre em contato conosco hoje para fazer seu pedido ou tirar qualquer d\u00favida. Vamos redefinir a moda de lingerie juntos!<\/p>\n\n\n\n<figure class=\"wp-block-table is-style-stripes\"><table class=\"has-fixed-layout\"><tbody><tr><td>Gr\u00e1fico do local (CM)<\/td><td><\/td><td><\/td><td><\/td><\/tr><tr><td>Tamanho<\/td><td>Comprimento<\/td><td>Cintura<\/td><td>Busto Inferior<\/td><\/tr><tr><td>S<\/td><td>22<\/td><td>64-82<\/td><td>66-84<\/td><\/tr><tr><td>M<\/td><td>23<\/td><td>68-86<\/td><td>70-88<\/td><\/tr><tr><td>eu<\/td><td>24<\/td><td>72-90<\/td><td>74-92<\/td><\/tr><tr><td>Gr\u00e1fico do Local (POLEGADAS)<\/td><td><\/td><td><\/td><td><\/td><\/tr><tr><td>Tamanho<\/td><td>Comprimento<\/td><td>Cintura<\/td><td>Busto Inferior<\/td><\/tr><tr><td>S<\/td><td>8.66<\/td><td>25.20-32.28<\/td><td>25.98-33.07<\/td><\/tr><tr><td>M<\/td><td>9.06<\/td><td>26.77-33.86<\/td><td>27.56-34.65<\/td><\/tr><tr><td>eu<\/td><td>9.45<\/td><td>28.35-35.43<\/td><td>29.13-36.22<\/td><\/tr><\/tbody><\/table><\/figure>","protected":false},"excerpt":{"rendered":"<p>Nosso Sexy Bustier com Halter Neck e Metal Chain Algemas \u00e9 um item essencial para qualquer varejista de lingerie. Este conjunto apresenta um suti\u00e3 push-up e design de estilo aberto, oferecendo um visual ousado e atraente. Perfeito para clientes que buscam o que h\u00e1 de mais moderno em moda lingerie.<\/p>","protected":false},"featured_media":44239,"template":"","meta":[],"product_brand":[],"product_cat":[387,386,367],"product_tag":[528,880,867,447],"class_list":{"0":"post-44227","1":"product","2":"type-product","3":"status-publish","4":"has-post-thumbnail","6":"product_cat-wholesale-bustier-bra-set","7":"product_cat-sexy-bustiers","8":"product_cat-sexy-lingerie","9":"product_tag-halter-lingerie","10":"product_tag-sexy-2-piece-lingerie","11":"product_tag-sexy-push-up-lingerie","12":"product_tag-wholesale-strappy-sexy-lingerie","13":"pa_color-black","14":"pa_color-red-women-sexy-lingerie","15":"pa_size-wholesale-large-size-women-sexy-lingerie","16":"pa_size-wholesale-medium-size-women-sexy-lingerie","17":"pa_size-wholesale-small-size-sexy-lingerie","19":"first","20":"instock","21":"taxable","22":"shipping-taxable","23":"purchasable","24":"product-type-variable"},"tiered_pricing_type":"fixed","tiered_pricing_fixed_rules":[],"tiered_pricing_product_settings":{"layout":"default","base_unit_name":{"singular":null,"plural":null},"default_variation":{}},"tiered_pricing_minimum_quantity":null,"tiered_pricing_roles_data":{"default_wholesaler":{"product_id":44227,"role":"default_wholesaler","pricing_type":"flat","regular_price":null,"sale_price":null,"discount":null,"discount_type":"sale_price","tiered_pricing_type":"fixed","percentage_rules":[],"fixed_rules":{"2":"13.39","30":"12.19","500":"11.29"},"minimum":null},"dropshippinger":{"product_id":44227,"role":"dropshippinger","pricing_type":"flat","regular_price":null,"sale_price":null,"discount":null,"discount_type":"sale_price","tiered_pricing_type":"fixed","percentage_rules":[],"fixed_rules":{"1":"14.99","5":"13.39","30":"11.29"},"minimum":null}},"tiered_pricing_percentage_rules":[],"tiered_pricing_maximum_quantity":null,"tiered_pricing_quantity_step":null,"_links":{"self":[{"href":"https:\/\/gretasexylingerie.com\/pt\/wp-json\/wp\/v2\/product\/44227","targetHints":{"allow":["GET"]}}],"collection":[{"href":"https:\/\/gretasexylingerie.com\/pt\/wp-json\/wp\/v2\/product"}],"about":[{"href":"https:\/\/gretasexylingerie.com\/pt\/wp-json\/wp\/v2\/types\/product"}],"wp:featuredmedia":[{"embeddable":true,"href":"https:\/\/gretasexylingerie.com\/pt\/wp-json\/wp\/v2\/media\/44239"}],"wp:attachment":[{"href":"https:\/\/gretasexylingerie.com\/pt\/wp-json\/wp\/v2\/media?parent=44227"}],"wp:term":[{"taxonomy":"product_brand","embeddable":true,"href":"https:\/\/gretasexylingerie.com\/pt\/wp-json\/wp\/v2\/product_brand?post=44227"},{"taxonomy":"product_cat","embeddable":true,"href":"https:\/\/gretasexylingerie.com\/pt\/wp-json\/wp\/v2\/product_cat?post=44227"},{"taxonomy":"product_tag","embeddable":true,"href":"https:\/\/gretasexylingerie.com\/pt\/wp-json\/wp\/v2\/product_tag?post=44227"}],"curies":[{"name":"wp","href":"https:\/\/api.w.org\/{rel}","templated":true}]}}