{"id":44193,"date":"2023-08-07T21:08:04","date_gmt":"2023-08-07T13:08:04","guid":{"rendered":"https:\/\/gretasexylingerie.com\/?post_type=product&#038;p=44193"},"modified":"2023-10-22T22:57:47","modified_gmt":"2023-10-22T14:57:47","slug":"conjunto-de-sutia-recortado-atraente-com-borlas-e-decote-halter","status":"publish","type":"product","link":"https:\/\/gretasexylingerie.com\/pt\/products\/alluring-cutout-bra-set-with-tassels-and-halter-neck\/","title":{"rendered":"Conjunto atraente de suti\u00e3 recortado com borlas e decote frente \u00fanica"},"content":{"rendered":"<ol class=\"wp-block-list\">\n<li>Nosso conjunto de suti\u00e3 aberto sexy com borlas e gola alta foi projetado com as \u00faltimas tend\u00eancias da moda em mente. O design recortado d\u00e1 um toque de ousadia, enquanto as borlas garantem um visual irresist\u00edvel. Este conjunto certamente ser\u00e1 um sucesso entre seus clientes.<\/li>\n\n\n\n<li>O sedutor conjunto de suti\u00e3 recortado com borlas e gola alta \u00e9 elegante e confort\u00e1vel. O design aberto adiciona um toque de eleg\u00e2ncia, enquanto a gola alta oferece um ajuste personalizado. Este conjunto \u00e9 perfeito para clientes que buscam estilo e conforto em suas lingeries.<\/li>\n\n\n\n<li>Nosso deslumbrante conjunto de suti\u00e3 aberto e calcinha com borlas \u00e9 \u00fanico em design e alta qualidade. O design aberto adiciona um toque de ousadia, enquanto as borlas garantem uma sensa\u00e7\u00e3o luxuosa. Este conjunto certamente se destacar\u00e1 em qualquer cole\u00e7\u00e3o de lingerie.<\/li>\n<\/ol>\n\n\n\n<p>Abrace a ousadia e a beleza com nosso Conjunto de Suti\u00e3 Aberto Sexy, com franjas e decote frente \u00fanica. Este conjunto n\u00e3o \u00e9 apenas um produto; \u00e9 uma declara\u00e7\u00e3o de estilo que seus clientes v\u00e3o adorar. Por favor, n\u00e3o espere; entre em contato conosco hoje para fazer seu pedido ou para fazer qualquer pergunta. Vamos redefinir a moda de lingerie juntos!<\/p>\n\n\n\n<figure class=\"wp-block-table is-style-stripes\"><table class=\"has-fixed-layout\"><tbody><tr><td>Gr\u00e1fico do local (CM)<\/td><td><\/td><td><\/td><td><\/td><\/tr><tr><td>Tamanho<\/td><td>Comprimento<\/td><td>Cintura<\/td><td>Busto Inferior<\/td><\/tr><tr><td>S<\/td><td>22<\/td><td>66-88<\/td><td>68-80<\/td><\/tr><tr><td>M<\/td><td>23<\/td><td>70-92<\/td><td>72-84<\/td><\/tr><tr><td>eu<\/td><td>24<\/td><td>74-96<\/td><td>76-88<\/td><\/tr><tr><td>Gr\u00e1fico do Local (POLEGADAS)<\/td><td><\/td><td><\/td><td><\/td><\/tr><tr><td>Tamanho<\/td><td>Comprimento<\/td><td>Cintura<\/td><td>Busto Inferior<\/td><\/tr><tr><td>S<\/td><td>8.66<\/td><td>25.98-34.65<\/td><td>26.77-31.50<\/td><\/tr><tr><td>M<\/td><td>9.06<\/td><td>27.56-36.22<\/td><td>28.35-33.07<\/td><\/tr><tr><td>eu<\/td><td>9.45<\/td><td>29.13-37.80<\/td><td>29.92-34.65<\/td><\/tr><\/tbody><\/table><\/figure>","protected":false},"excerpt":{"rendered":"<p>Fique \u00e0 frente da tend\u00eancia de lingerie com nosso atraente conjunto de suti\u00e3 recortado com borlas e decote frente \u00fanica. Este conjunto combina o fasc\u00ednio de um design aberto com a eleg\u00e2ncia das borlas. Feito com artesanato requintado, \u00e9 uma adi\u00e7\u00e3o impressionante a qualquer cole\u00e7\u00e3o de lingerie.<\/p>\n<p>https:\/\/youtu.be\/09GQ3-4c6Gs<\/p>","protected":false},"featured_media":44209,"template":"","meta":[],"product_brand":[],"product_cat":[368,380,367,376],"product_tag":[446,880,449,533,453],"class_list":{"0":"post-44193","1":"product","2":"type-product","3":"status-publish","4":"has-post-thumbnail","6":"product_cat-bra-panty-set","7":"product_cat-wholesale-harness-bra-and-panty-set","8":"product_cat-sexy-lingerie","9":"product_cat-wholesale-ultra-sexy-bra-panty-set","10":"product_tag-wholesale-sexy-see-through-lingerie","11":"product_tag-sexy-2-piece-lingerie","12":"product_tag-wholesale-sexy-crotchless-lingerie","13":"product_tag-sexy-cupless-lingerie","14":"product_tag-wholesale-sexy-naughty-lingerie","15":"pa_color-black","16":"pa_color-red-women-sexy-lingerie","17":"pa_size-wholesale-large-size-women-sexy-lingerie","18":"pa_size-wholesale-medium-size-women-sexy-lingerie","19":"pa_size-wholesale-small-size-sexy-lingerie","21":"first","22":"instock","23":"taxable","24":"shipping-taxable","25":"purchasable","26":"product-type-variable"},"tiered_pricing_type":"fixed","tiered_pricing_fixed_rules":[],"tiered_pricing_product_settings":{"layout":"default","base_unit_name":{"singular":null,"plural":null},"default_variation":{}},"tiered_pricing_minimum_quantity":null,"tiered_pricing_roles_data":{"default_wholesaler":{"product_id":44193,"role":"default_wholesaler","pricing_type":"flat","regular_price":null,"sale_price":null,"discount":null,"discount_type":"sale_price","tiered_pricing_type":"fixed","percentage_rules":[],"fixed_rules":{"2":"7.89","30":"6.69","500":"5.89"},"minimum":null},"dropshippinger":{"product_id":44193,"role":"dropshippinger","pricing_type":"flat","regular_price":null,"sale_price":null,"discount":null,"discount_type":"sale_price","tiered_pricing_type":"fixed","percentage_rules":[],"fixed_rules":{"1":"9.39","5":"7.89","30":"5.89"},"minimum":null}},"tiered_pricing_percentage_rules":[],"tiered_pricing_maximum_quantity":null,"tiered_pricing_quantity_step":null,"_links":{"self":[{"href":"https:\/\/gretasexylingerie.com\/pt\/wp-json\/wp\/v2\/product\/44193","targetHints":{"allow":["GET"]}}],"collection":[{"href":"https:\/\/gretasexylingerie.com\/pt\/wp-json\/wp\/v2\/product"}],"about":[{"href":"https:\/\/gretasexylingerie.com\/pt\/wp-json\/wp\/v2\/types\/product"}],"wp:featuredmedia":[{"embeddable":true,"href":"https:\/\/gretasexylingerie.com\/pt\/wp-json\/wp\/v2\/media\/44209"}],"wp:attachment":[{"href":"https:\/\/gretasexylingerie.com\/pt\/wp-json\/wp\/v2\/media?parent=44193"}],"wp:term":[{"taxonomy":"product_brand","embeddable":true,"href":"https:\/\/gretasexylingerie.com\/pt\/wp-json\/wp\/v2\/product_brand?post=44193"},{"taxonomy":"product_cat","embeddable":true,"href":"https:\/\/gretasexylingerie.com\/pt\/wp-json\/wp\/v2\/product_cat?post=44193"},{"taxonomy":"product_tag","embeddable":true,"href":"https:\/\/gretasexylingerie.com\/pt\/wp-json\/wp\/v2\/product_tag?post=44193"}],"curies":[{"name":"wp","href":"https:\/\/api.w.org\/{rel}","templated":true}]}}