{"id":44169,"date":"2023-08-06T23:42:35","date_gmt":"2023-08-06T15:42:35","guid":{"rendered":"https:\/\/gretasexylingerie.com\/?post_type=product&#038;p=44169"},"modified":"2023-10-22T22:42:09","modified_gmt":"2023-10-22T14:42:09","slug":"deslumbrante-conjunto-de-sutia-com-recorte-de-natal-com-laco-e-cinto-largo","status":"publish","type":"product","link":"https:\/\/gretasexylingerie.com\/pt\/products\/stunning-christmas-cutout-bra-set-with-bow-and-wide-belt\/","title":{"rendered":"Impressionante conjunto de suti\u00e3 de Natal com la\u00e7o e cinto largo"},"content":{"rendered":"<ol class=\"wp-block-list\">\n<li>Nosso conjunto de suti\u00e3 recortado especial de Natal com arn\u00eas e cinto largo foi projetado com o esp\u00edrito festivo. O suti\u00e3 decorado com la\u00e7os d\u00e1 um toque natalino, enquanto os quadris abertos garantem um visual irresist\u00edvel. Este conjunto certamente ser\u00e1 um sucesso com seus compradores de f\u00e9rias.<\/li>\n\n\n\n<li>O conjunto de lingerie Festive Harness com suti\u00e3 decorado com la\u00e7o e quadris abertos \u00e9 elegante e confort\u00e1vel. O cinto largo adiciona um toque de eleg\u00e2ncia, enquanto o design recortado oferece um ajuste personalizado. Este conjunto \u00e9 perfeito para clientes que buscam estilo e conforto em lingerie de f\u00e9rias.<\/li>\n\n\n\n<li>Nosso conjunto de suti\u00e3 de recorte de Natal com la\u00e7os e cinto largo \u00e9 \u00fanico em design e alta qualidade. A lingerie com arreios d\u00e1 um toque de ousadia, enquanto os quadris abertos garantem uma sensa\u00e7\u00e3o de luxo. Este conjunto certamente se destacar\u00e1 em qualquer cole\u00e7\u00e3o de lingerie de f\u00e9rias.<\/li>\n<\/ol>\n\n\n\n<p>Abrace o esp\u00edrito festivo com nosso Conjunto de Suti\u00e3 Recortado de Natal, com lingerie de arn\u00eas, la\u00e7os e quadris abertos. Este conjunto n\u00e3o \u00e9 apenas um produto; \u00e9 uma declara\u00e7\u00e3o de estilo de f\u00e9rias e fasc\u00ednio que seus clientes v\u00e3o adorar. N\u00e3o espere. Entre em contato conosco hoje para fazer seu pedido ou tirar qualquer d\u00favida. Vamos tornar esta temporada de f\u00e9rias inesquec\u00edvel juntos!<\/p>\n\n\n\n<figure class=\"wp-block-table is-style-stripes\"><table class=\"has-fixed-layout\"><tbody><tr><td>Gr\u00e1fico do local (CM)<\/td><td><\/td><td><\/td><td><\/td><td><\/td><\/tr><tr><td>Tamanho<\/td><td>Comprimento<\/td><td>Busto Inferior<\/td><td>Cintura<\/td><td>cintura de liga<\/td><\/tr><tr><td>S<\/td><td>13<\/td><td>67<\/td><td>70<\/td><td>66<\/td><\/tr><tr><td>M<\/td><td>14<\/td><td>71<\/td><td>74<\/td><td>70<\/td><\/tr><tr><td>eu<\/td><td>15<\/td><td>75<\/td><td>78<\/td><td>74<\/td><\/tr><tr><td>GG<\/td><td>16<\/td><td>79<\/td><td>82<\/td><td>78<\/td><\/tr><tr><td>Gr\u00e1fico do Local (POLEGADAS)<\/td><td><\/td><td><\/td><td><\/td><td><\/td><\/tr><tr><td>Tamanho<\/td><td>Comprimento<\/td><td>Busto Inferior<\/td><td>Cintura<\/td><td>cintura de liga<\/td><\/tr><tr><td>S<\/td><td>5.12<\/td><td>26.38<\/td><td>27.56<\/td><td>25.98<\/td><\/tr><tr><td>M<\/td><td>5.51<\/td><td>27.95<\/td><td>29.13<\/td><td>27.56<\/td><\/tr><tr><td>eu<\/td><td>5.91<\/td><td>29.53<\/td><td>30.71<\/td><td>29.13<\/td><\/tr><tr><td>GG<\/td><td>6.3<\/td><td>31.1<\/td><td>32.28<\/td><td>30.71<\/td><\/tr><\/tbody><\/table><\/figure>","protected":false},"excerpt":{"rendered":"<p>Comemore a \u00e9poca festiva com nosso conjunto de suti\u00e3 especial de Natal com arn\u00eas e cinto largo. Este conjunto apresenta um suti\u00e3 decorado com la\u00e7os e quadris abertos, oferecendo um visual ousado e tentador. Perfeito para clientes que buscam o que h\u00e1 de mais moderno em lingerie para festas.<\/p>\n<p>https:\/\/youtu.be\/-3RI9oD6jm8<\/p>","protected":false},"featured_media":44182,"template":"","meta":[],"product_brand":[],"product_cat":[368,380,367,376],"product_tag":[507,512,964,453,447,504],"class_list":{"0":"post-44169","1":"product","2":"type-product","3":"status-publish","4":"has-post-thumbnail","6":"product_cat-bra-panty-set","7":"product_cat-wholesale-harness-bra-and-panty-set","8":"product_cat-sexy-lingerie","9":"product_cat-wholesale-ultra-sexy-bra-panty-set","10":"product_tag-three-pcs-set","11":"product_tag-bow-lingerie","12":"product_tag-christmas-lingerie","13":"product_tag-wholesale-sexy-naughty-lingerie","14":"product_tag-wholesale-strappy-sexy-lingerie","15":"product_tag-ultra-sexy","16":"pa_color-red-women-sexy-lingerie","17":"pa_size-wholesale-large-size-women-sexy-lingerie","18":"pa_size-wholesale-medium-size-women-sexy-lingerie","19":"pa_size-wholesale-small-size-sexy-lingerie","20":"pa_size-wholesale-extra-large-sexy-lingerie","22":"first","23":"instock","24":"taxable","25":"shipping-taxable","26":"purchasable","27":"product-type-variable"},"tiered_pricing_type":"fixed","tiered_pricing_fixed_rules":[],"tiered_pricing_product_settings":{"layout":"default","base_unit_name":{"singular":null,"plural":null},"default_variation":{}},"tiered_pricing_minimum_quantity":null,"tiered_pricing_roles_data":{"default_wholesaler":{"product_id":44169,"role":"default_wholesaler","pricing_type":"flat","regular_price":null,"sale_price":null,"discount":null,"discount_type":"sale_price","tiered_pricing_type":"fixed","percentage_rules":[],"fixed_rules":{"2":"8.89","30":"7.59","500":"6.69"},"minimum":null},"dropshippinger":{"product_id":44169,"role":"dropshippinger","pricing_type":"flat","regular_price":null,"sale_price":null,"discount":null,"discount_type":"sale_price","tiered_pricing_type":"fixed","percentage_rules":[],"fixed_rules":{"1":"10.69","5":"8.89","30":"6.69"},"minimum":null}},"tiered_pricing_percentage_rules":[],"tiered_pricing_maximum_quantity":null,"tiered_pricing_quantity_step":null,"_links":{"self":[{"href":"https:\/\/gretasexylingerie.com\/pt\/wp-json\/wp\/v2\/product\/44169","targetHints":{"allow":["GET"]}}],"collection":[{"href":"https:\/\/gretasexylingerie.com\/pt\/wp-json\/wp\/v2\/product"}],"about":[{"href":"https:\/\/gretasexylingerie.com\/pt\/wp-json\/wp\/v2\/types\/product"}],"wp:featuredmedia":[{"embeddable":true,"href":"https:\/\/gretasexylingerie.com\/pt\/wp-json\/wp\/v2\/media\/44182"}],"wp:attachment":[{"href":"https:\/\/gretasexylingerie.com\/pt\/wp-json\/wp\/v2\/media?parent=44169"}],"wp:term":[{"taxonomy":"product_brand","embeddable":true,"href":"https:\/\/gretasexylingerie.com\/pt\/wp-json\/wp\/v2\/product_brand?post=44169"},{"taxonomy":"product_cat","embeddable":true,"href":"https:\/\/gretasexylingerie.com\/pt\/wp-json\/wp\/v2\/product_cat?post=44169"},{"taxonomy":"product_tag","embeddable":true,"href":"https:\/\/gretasexylingerie.com\/pt\/wp-json\/wp\/v2\/product_tag?post=44169"}],"curies":[{"name":"wp","href":"https:\/\/api.w.org\/{rel}","templated":true}]}}