{"id":44111,"date":"2023-08-05T01:20:52","date_gmt":"2023-08-04T17:20:52","guid":{"rendered":"https:\/\/gretasexylingerie.com\/?post_type=product&#038;p=44111"},"modified":"2023-10-22T22:48:29","modified_gmt":"2023-10-22T14:48:29","slug":"elegante-conjunto-bustie-branco-com-lingerie-de-malha-transparente-atacado","status":"publish","type":"product","link":"https:\/\/gretasexylingerie.com\/pt\/products\/elegant-white-bustier-set-with-sheer-mesh-wholesale-lingerie\/","title":{"rendered":"Conjunto corpete branco elegante com malha transparente \u2013 Lingerie Atacado"},"content":{"rendered":"<ol class=\"wp-block-list\">\n<li>Nosso conjunto de bustier de malha transparente branca com flor bordada azul foi projetado com as \u00faltimas tend\u00eancias da moda em mente. A malha transparente d\u00e1 um toque de eleg\u00e2ncia, enquanto a flor bordada em azul garante um visual \u00fanico e sofisticado. Este conjunto certamente ser\u00e1 um sucesso entre seus clientes.<\/li>\n\n\n\n<li>O elegante conjunto corpete branco com malha transparente e flor bordada azul \u00e9 estiloso e confort\u00e1vel. A malha pura adiciona um toque de fasc\u00ednio, enquanto o detalhe bordado azul oferece um ajuste personalizado. Este conjunto \u00e9 perfeito para clientes que buscam estilo e conforto em suas lingeries.<\/li>\n\n\n\n<li>Nosso conjunto de bustier de malha transparente branca com detalhes bordados em azul \u00e9 \u00fanico em design e alta qualidade. A flor bordada azul adiciona um toque de luxo, enquanto a malha transparente branca garante um vislumbre tentador do que est\u00e1 por baixo. Este conjunto certamente se destacar\u00e1 em qualquer cole\u00e7\u00e3o de lingerie.<\/li>\n<\/ol>\n\n\n\n<p>Abrace a eleg\u00e2ncia e a sofistica\u00e7\u00e3o com nosso conjunto de busti\u00ea de malha transl\u00facida branca com uma flor bordada em azul. Este conjunto n\u00e3o \u00e9 apenas um produto; \u00e9 uma declara\u00e7\u00e3o de estilo que seus clientes v\u00e3o adorar. N\u00e3o espere. Entre em contato conosco hoje para fazer seu pedido ou tirar qualquer d\u00favida. Vamos redefinir a moda de lingerie juntos!<\/p>\n\n\n\n<figure class=\"wp-block-table is-style-stripes\"><table class=\"has-fixed-layout\"><tbody><tr><td>Gr\u00e1fico do local (CM)<\/td><td><\/td><td><\/td><td><\/td><td><\/td><\/tr><tr><td>Tamanho<\/td><td>Comprimento<\/td><td>Busto Inferior<\/td><td>Cintura<\/td><td>cintura de liga<\/td><\/tr><tr><td>S<\/td><td>11.5<\/td><td>66<\/td><td>68<\/td><td>64<\/td><\/tr><tr><td>M<\/td><td>12<\/td><td>70<\/td><td>72<\/td><td>68<\/td><\/tr><tr><td>eu<\/td><td>12.5<\/td><td>74<\/td><td>76<\/td><td>72<\/td><\/tr><tr><td>Gr\u00e1fico do Local (POLEGADAS)<\/td><td><\/td><td><\/td><td><\/td><td><\/td><\/tr><tr><td>Tamanho<\/td><td>Comprimento<\/td><td>Busto Inferior<\/td><td>Cintura<\/td><td>cintura de liga<\/td><\/tr><tr><td>S<\/td><td>4.53<\/td><td>25.98<\/td><td>26.77<\/td><td>25.2<\/td><\/tr><tr><td>M<\/td><td>4.72<\/td><td>27.56<\/td><td>28.35<\/td><td>26.77<\/td><\/tr><tr><td>eu<\/td><td>4.92<\/td><td>29.13<\/td><td>29.92<\/td><td>28.35<\/td><\/tr><\/tbody><\/table><\/figure>","protected":false},"excerpt":{"rendered":"<p>Fique \u00e0 frente da tend\u00eancia de lingerie com nosso elegante conjunto corpete branco com malha transparente e flor bordada azul. Feito com artesanato requintado, \u00e9 uma adi\u00e7\u00e3o impressionante a qualquer cole\u00e7\u00e3o de lingerie, combinando fasc\u00ednio e eleg\u00e2ncia.<\/p>\n<p>https:\/\/youtu.be\/28wQgypGpzI<\/p>","protected":false},"featured_media":44128,"template":"","meta":[],"product_brand":[],"product_cat":[387,390,386,367],"product_tag":[454,870,518,880,504],"class_list":{"0":"post-44111","1":"product","2":"type-product","3":"status-publish","4":"has-post-thumbnail","6":"product_cat-wholesale-bustier-bra-set","7":"product_cat-wholesale-mesh-bustier","8":"product_cat-sexy-bustiers","9":"product_cat-sexy-lingerie","10":"product_tag-wholesale-sexy-embroidered-lingerie","11":"product_tag-floral-lingerie","12":"product_tag-mesh-lingerie","13":"product_tag-sexy-2-piece-lingerie","14":"product_tag-ultra-sexy","15":"pa_color-white","16":"pa_size-wholesale-large-size-women-sexy-lingerie","17":"pa_size-wholesale-medium-size-women-sexy-lingerie","18":"pa_size-wholesale-small-size-sexy-lingerie","20":"first","21":"instock","22":"taxable","23":"shipping-taxable","24":"purchasable","25":"product-type-variable"},"tiered_pricing_type":"fixed","tiered_pricing_fixed_rules":[],"tiered_pricing_product_settings":{"layout":"default","base_unit_name":{"singular":null,"plural":null},"default_variation":{}},"tiered_pricing_minimum_quantity":null,"tiered_pricing_roles_data":{"default_wholesaler":{"product_id":44111,"role":"default_wholesaler","pricing_type":"flat","regular_price":null,"sale_price":null,"discount":null,"discount_type":"sale_price","tiered_pricing_type":"fixed","percentage_rules":[],"fixed_rules":{"2":"10.49","30":"8.99","500":"7.89"},"minimum":null},"dropshippinger":{"product_id":44111,"role":"dropshippinger","pricing_type":"flat","regular_price":null,"sale_price":null,"discount":null,"discount_type":"sale_price","tiered_pricing_type":"fixed","percentage_rules":[],"fixed_rules":{"1":"12.49","5":"10.49","30":"7.89"},"minimum":null}},"tiered_pricing_percentage_rules":[],"tiered_pricing_maximum_quantity":null,"tiered_pricing_quantity_step":null,"_links":{"self":[{"href":"https:\/\/gretasexylingerie.com\/pt\/wp-json\/wp\/v2\/product\/44111","targetHints":{"allow":["GET"]}}],"collection":[{"href":"https:\/\/gretasexylingerie.com\/pt\/wp-json\/wp\/v2\/product"}],"about":[{"href":"https:\/\/gretasexylingerie.com\/pt\/wp-json\/wp\/v2\/types\/product"}],"wp:featuredmedia":[{"embeddable":true,"href":"https:\/\/gretasexylingerie.com\/pt\/wp-json\/wp\/v2\/media\/44128"}],"wp:attachment":[{"href":"https:\/\/gretasexylingerie.com\/pt\/wp-json\/wp\/v2\/media?parent=44111"}],"wp:term":[{"taxonomy":"product_brand","embeddable":true,"href":"https:\/\/gretasexylingerie.com\/pt\/wp-json\/wp\/v2\/product_brand?post=44111"},{"taxonomy":"product_cat","embeddable":true,"href":"https:\/\/gretasexylingerie.com\/pt\/wp-json\/wp\/v2\/product_cat?post=44111"},{"taxonomy":"product_tag","embeddable":true,"href":"https:\/\/gretasexylingerie.com\/pt\/wp-json\/wp\/v2\/product_tag?post=44111"}],"curies":[{"name":"wp","href":"https:\/\/api.w.org\/{rel}","templated":true}]}}