{"id":44091,"date":"2023-08-05T00:23:38","date_gmt":"2023-08-04T16:23:38","guid":{"rendered":"https:\/\/gretasexylingerie.com\/?post_type=product&#038;p=44091"},"modified":"2023-10-22T22:47:36","modified_gmt":"2023-10-22T14:47:36","slug":"sutia-de-corrente-de-metal-sem-bojo-conjunto-de-tres-pecas-com-cintura-de-penas","status":"publish","type":"product","link":"https:\/\/gretasexylingerie.com\/pt\/products\/cupless-metal-chain-bra-three-piece-set-with-feather-waist\/","title":{"rendered":"Conjunto de tr\u00eas pe\u00e7as de suti\u00e3 corrente de metal sem bojo com cintura de penas"},"content":{"rendered":"<ol class=\"wp-block-list\">\n<li>Nosso conjunto de tr\u00eas pe\u00e7as de suti\u00e3 de corrente de metal sem copo com cinto de penas foi projetado com as \u00faltimas tend\u00eancias da moda em mente. A calcinha de renda transparente d\u00e1 um toque de eleg\u00e2ncia, enquanto o design super sexy garante um visual irresist\u00edvel. Este conjunto certamente ser\u00e1 um sucesso entre seus clientes.<\/li>\n\n\n\n<li>O conjunto de suti\u00e3 preto super sexy de tr\u00eas pe\u00e7as com calcinha de renda transparente \u00e9 elegante e confort\u00e1vel. O design sem copa adiciona um toque de ousadia, enquanto a corrente de metal oferece um ajuste personalizado. Este conjunto \u00e9 perfeito para clientes que buscam estilo e conforto em suas lingeries.<\/li>\n\n\n\n<li>Nosso conjunto de suti\u00e3 de corrente de metal sem bojo com cinto de penas e calcinha de renda transparente \u00e9 \u00fanico em design e alta qualidade. O design super sexy adiciona um toque de ousadia, enquanto a cor preta garante uma sensa\u00e7\u00e3o luxuosa. Este conjunto certamente se destacar\u00e1 em qualquer cole\u00e7\u00e3o de lingerie.<\/li>\n<\/ol>\n\n\n\n<p>Abrace a ousadia e a beleza com nosso conjunto de tr\u00eas pe\u00e7as de suti\u00e3 com corrente de metal sem bojo, com cinto de penas, calcinha de renda transparente e um design super sexy. Este conjunto de cor preta n\u00e3o \u00e9 apenas um produto; \u00e9 uma declara\u00e7\u00e3o de estilo que seus clientes v\u00e3o adorar. N\u00e3o espere; entre em contato conosco hoje para fazer seu pedido ou para fazer qualquer pergunta. Vamos redefinir a moda de lingerie juntos!<\/p>\n\n\n\n<figure class=\"wp-block-table is-style-stripes\"><table class=\"has-fixed-layout\"><tbody><tr><td>Gr\u00e1fico do local (CM)<\/td><td><\/td><td><\/td><td><\/td><td><\/td><\/tr><tr><td>Tamanho<\/td><td>Comprimento<\/td><td>Busto Inferior<\/td><td>Cintura<\/td><td>cintura de liga<\/td><\/tr><tr><td>S<\/td><td>11.5<\/td><td>66<\/td><td>68<\/td><td>64<\/td><\/tr><tr><td>M<\/td><td>12<\/td><td>70<\/td><td>72<\/td><td>68<\/td><\/tr><tr><td>eu<\/td><td>12.5<\/td><td>74<\/td><td>76<\/td><td>72<\/td><\/tr><tr><td>Gr\u00e1fico do Local (POLEGADAS)<\/td><td><\/td><td><\/td><td><\/td><td><\/td><\/tr><tr><td>Tamanho<\/td><td>Comprimento<\/td><td>Busto Inferior<\/td><td>Cintura<\/td><td>cintura de liga<\/td><\/tr><tr><td>S<\/td><td>4.53<\/td><td>25.98<\/td><td>26.77<\/td><td>25.2<\/td><\/tr><tr><td>M<\/td><td>4.72<\/td><td>27.56<\/td><td>28.35<\/td><td>26.77<\/td><\/tr><tr><td>eu<\/td><td>4.92<\/td><td>29.13<\/td><td>29.92<\/td><td>28.35<\/td><\/tr><\/tbody><\/table><\/figure>","protected":false},"excerpt":{"rendered":"<p>Nosso conjunto de tr\u00eas pe\u00e7as de suti\u00e3 de corrente de metal sem copo com cinto de penas \u00e9 um item essencial para qualquer varejista de lingerie. Este conjunto apresenta uma calcinha de renda transparente e um design super sexy, oferecendo um visual ousado e tentador. Perfeito para clientes que buscam o que h\u00e1 de mais moderno em moda lingerie.<\/p>\n<p>https:\/\/youtu.be\/6Us3taxB0qQ<\/p>","protected":false},"featured_media":44104,"template":"","meta":[],"product_brand":[],"product_cat":[368,380,367,376],"product_tag":[507,861,516,524,446,504],"class_list":{"0":"post-44091","1":"product","2":"type-product","3":"status-publish","4":"has-post-thumbnail","6":"product_cat-bra-panty-set","7":"product_cat-wholesale-harness-bra-and-panty-set","8":"product_cat-sexy-lingerie","9":"product_cat-wholesale-ultra-sexy-bra-panty-set","10":"product_tag-three-pcs-set","11":"product_tag-brunette-lingerie","12":"product_tag-lace-lingerie","13":"product_tag-metal-lingerie","14":"product_tag-wholesale-sexy-see-through-lingerie","15":"product_tag-ultra-sexy","16":"pa_color-black","17":"pa_size-wholesale-large-size-women-sexy-lingerie","18":"pa_size-wholesale-medium-size-women-sexy-lingerie","19":"pa_size-wholesale-small-size-sexy-lingerie","21":"first","22":"instock","23":"taxable","24":"shipping-taxable","25":"purchasable","26":"product-type-variable"},"tiered_pricing_type":"fixed","tiered_pricing_fixed_rules":[],"tiered_pricing_product_settings":{"layout":"default","base_unit_name":{"singular":null,"plural":null},"default_variation":{}},"tiered_pricing_minimum_quantity":null,"tiered_pricing_roles_data":{"default_wholesaler":{"product_id":44091,"role":"default_wholesaler","pricing_type":"flat","regular_price":null,"sale_price":null,"discount":null,"discount_type":"sale_price","tiered_pricing_type":"fixed","percentage_rules":[],"fixed_rules":{"2":"8.89","30":"7.59","500":"6.69"},"minimum":null},"dropshippinger":{"product_id":44091,"role":"dropshippinger","pricing_type":"flat","regular_price":null,"sale_price":10.69,"discount":null,"discount_type":"sale_price","tiered_pricing_type":"fixed","percentage_rules":[],"fixed_rules":{"1":"10.69","5":"8.89","30":"6.69"},"minimum":null}},"tiered_pricing_percentage_rules":[],"tiered_pricing_maximum_quantity":null,"tiered_pricing_quantity_step":null,"_links":{"self":[{"href":"https:\/\/gretasexylingerie.com\/pt\/wp-json\/wp\/v2\/product\/44091","targetHints":{"allow":["GET"]}}],"collection":[{"href":"https:\/\/gretasexylingerie.com\/pt\/wp-json\/wp\/v2\/product"}],"about":[{"href":"https:\/\/gretasexylingerie.com\/pt\/wp-json\/wp\/v2\/types\/product"}],"wp:featuredmedia":[{"embeddable":true,"href":"https:\/\/gretasexylingerie.com\/pt\/wp-json\/wp\/v2\/media\/44104"}],"wp:attachment":[{"href":"https:\/\/gretasexylingerie.com\/pt\/wp-json\/wp\/v2\/media?parent=44091"}],"wp:term":[{"taxonomy":"product_brand","embeddable":true,"href":"https:\/\/gretasexylingerie.com\/pt\/wp-json\/wp\/v2\/product_brand?post=44091"},{"taxonomy":"product_cat","embeddable":true,"href":"https:\/\/gretasexylingerie.com\/pt\/wp-json\/wp\/v2\/product_cat?post=44091"},{"taxonomy":"product_tag","embeddable":true,"href":"https:\/\/gretasexylingerie.com\/pt\/wp-json\/wp\/v2\/product_tag?post=44091"}],"curies":[{"name":"wp","href":"https:\/\/api.w.org\/{rel}","templated":true}]}}