{"id":43913,"date":"2023-08-01T00:41:36","date_gmt":"2023-07-31T16:41:36","guid":{"rendered":"https:\/\/gretasexylingerie.com\/?post_type=product&#038;p=43913"},"modified":"2024-01-22T12:44:03","modified_gmt":"2024-01-22T04:44:03","slug":"conjunto-de-sutia-de-malha-de-lingerie-sexy-chique","status":"publish","type":"product","link":"https:\/\/gretasexylingerie.com\/pt\/products\/chic-sexy-lingerie-mesh-bra-set\/","title":{"rendered":"Conjunto de suti\u00e3 de malha de lingerie sexy chique com calcinha oca cruzada \u2013 Lingerie de atacado"},"content":{"rendered":"<ol class=\"wp-block-list\">\n<li>Nosso conjunto de suti\u00e3 de malha transparente preto com al\u00e7as ajust\u00e1veis foi projetado com as \u00faltimas tend\u00eancias da moda em mente. A calcinha vazada cruzada d\u00e1 um toque de ousadia, enquanto as al\u00e7as regul\u00e1veis garantem um caimento perfeito. Este conjunto certamente ser\u00e1 um sucesso entre seus clientes.<\/li>\n\n\n\n<li>O conjunto de suti\u00e3 de malha sexy Lingerie com calcinha oca cruzada \u00e9 elegante e confort\u00e1vel. A malha preta transparente adiciona um toque de eleg\u00e2ncia, enquanto as al\u00e7as ajust\u00e1veis oferecem um ajuste personalizado. Este conjunto \u00e9 perfeito para clientes que buscam estilo e conforto em suas lingeries.<\/li>\n\n\n\n<li>Nosso conjunto de suti\u00e3 e calcinha de malha preta com al\u00e7as ajust\u00e1veis s\u00e3o exclusivos em design e alta qualidade. A calcinha vazada adiciona um toque de ousadia, enquanto a malha transparente garante um vislumbre tentador do que est\u00e1 por baixo. Este conjunto certamente se destacar\u00e1 em qualquer cole\u00e7\u00e3o de lingerie.<\/li>\n<\/ol>\n\n\n\n<p>Liberte o ousado e o belo com nosso conjunto de suti\u00e3 de malha sexy Lingerie, com malha transparente preta, al\u00e7as ajust\u00e1veis e calcinha vazada cruzada. Este conjunto n\u00e3o \u00e9 apenas um produto. \u00c9 uma declara\u00e7\u00e3o de estilo e encanto que seus clientes v\u00e3o adorar. N\u00e3o espere. Entre em contato conosco hoje para fazer seu pedido ou tirar qualquer d\u00favida. Vamos redefinir a moda de lingerie juntos!<\/p>\n\n\n\n<figure class=\"wp-block-table is-style-stripes\"><table class=\"has-fixed-layout\"><tbody><tr><td colspan=\"5\">Gr\u00e1fico do local (CM)<\/td><\/tr><tr><td>Tamanho<\/td><td>Comprimento<\/td><td>Busto Inferior<\/td><td>Cintura<\/td><td>Comprimento da cal\u00e7a<\/td><\/tr><tr><td>S<\/td><td>16<\/td><td>60-90<\/td><td>64-96<\/td><td>27<\/td><\/tr><tr><td>M<\/td><td>17<\/td><td>64-94<\/td><td>68-100<\/td><td>28<\/td><\/tr><tr><td>eu<\/td><td>18<\/td><td>68-98<\/td><td>73-104<\/td><td>29<\/td><\/tr><tr><td colspan=\"5\">Gr\u00e1fico do Local (POLEGADAS)<\/td><\/tr><tr><td>Tamanho<\/td><td>Comprimento<\/td><td>Busto Inferior<\/td><td>Cintura<\/td><td>Comprimento da cal\u00e7a<\/td><\/tr><tr><td>S<\/td><td>6.3<\/td><td>23.62-35.43<\/td><td>25.20-37.80<\/td><td>10.63<\/td><\/tr><tr><td>M<\/td><td>6.69<\/td><td>25.20-37.01<\/td><td>26.77-39.37<\/td><td>11.02<\/td><\/tr><tr><td>eu<\/td><td>7.09<\/td><td>26.77-38.58<\/td><td>28.74-40.94<\/td><td>11.42<\/td><\/tr><\/tbody><\/table><\/figure>","protected":false},"excerpt":{"rendered":"<p>Nosso conjunto de suti\u00e3 de malha transparente preto com al\u00e7as ajust\u00e1veis \u00e9 um item essencial para qualquer varejista de lingerie. Este conjunto apresenta uma calcinha oca cruzada, oferecendo um visual ousado e tentador. Perfeito para clientes que buscam o que h\u00e1 de mais moderno em moda lingerie.<\/p>\n<p>https:\/\/www.youtube.com\/watch?v=PpusBlqyOKE<\/p>","protected":false},"featured_media":43923,"template":"","meta":[],"product_brand":[],"product_cat":[368,367,375],"product_tag":[861,518,446,880,865],"class_list":{"0":"post-43913","1":"product","2":"type-product","3":"status-publish","4":"has-post-thumbnail","6":"product_cat-bra-panty-set","7":"product_cat-sexy-lingerie","8":"product_cat-whoelsale-sheer-bra-and-panty-sets","9":"product_tag-brunette-lingerie","10":"product_tag-mesh-lingerie","11":"product_tag-wholesale-sexy-see-through-lingerie","12":"product_tag-sexy-2-piece-lingerie","13":"product_tag-sexy-skimpy-lingerie","14":"pa_color-black","15":"pa_size-wholesale-large-size-women-sexy-lingerie","16":"pa_size-wholesale-medium-size-women-sexy-lingerie","17":"pa_size-wholesale-small-size-sexy-lingerie","19":"first","20":"instock","21":"taxable","22":"shipping-taxable","23":"purchasable","24":"product-type-variable"},"tiered_pricing_type":"fixed","tiered_pricing_fixed_rules":[],"tiered_pricing_product_settings":{"layout":"default","base_unit_name":{"singular":null,"plural":null},"default_variation":{}},"tiered_pricing_minimum_quantity":null,"tiered_pricing_roles_data":{"default_wholesaler":{"product_id":43913,"role":"default_wholesaler","pricing_type":"flat","regular_price":null,"sale_price":null,"discount":null,"discount_type":"sale_price","tiered_pricing_type":"fixed","percentage_rules":[],"fixed_rules":{"2":"7.09","30":"6.09","500":"5.29"},"minimum":null},"dropshippinger":{"product_id":43913,"role":"dropshippinger","pricing_type":"flat","regular_price":null,"sale_price":null,"discount":null,"discount_type":"sale_price","tiered_pricing_type":"fixed","percentage_rules":[],"fixed_rules":{"1":"8.49","5":"7.09","30":"5.29"},"minimum":null}},"tiered_pricing_percentage_rules":[],"tiered_pricing_maximum_quantity":null,"tiered_pricing_quantity_step":null,"_links":{"self":[{"href":"https:\/\/gretasexylingerie.com\/pt\/wp-json\/wp\/v2\/product\/43913","targetHints":{"allow":["GET"]}}],"collection":[{"href":"https:\/\/gretasexylingerie.com\/pt\/wp-json\/wp\/v2\/product"}],"about":[{"href":"https:\/\/gretasexylingerie.com\/pt\/wp-json\/wp\/v2\/types\/product"}],"wp:featuredmedia":[{"embeddable":true,"href":"https:\/\/gretasexylingerie.com\/pt\/wp-json\/wp\/v2\/media\/43923"}],"wp:attachment":[{"href":"https:\/\/gretasexylingerie.com\/pt\/wp-json\/wp\/v2\/media?parent=43913"}],"wp:term":[{"taxonomy":"product_brand","embeddable":true,"href":"https:\/\/gretasexylingerie.com\/pt\/wp-json\/wp\/v2\/product_brand?post=43913"},{"taxonomy":"product_cat","embeddable":true,"href":"https:\/\/gretasexylingerie.com\/pt\/wp-json\/wp\/v2\/product_cat?post=43913"},{"taxonomy":"product_tag","embeddable":true,"href":"https:\/\/gretasexylingerie.com\/pt\/wp-json\/wp\/v2\/product_tag?post=43913"}],"curies":[{"name":"wp","href":"https:\/\/api.w.org\/{rel}","templated":true}]}}