{"id":43893,"date":"2023-07-31T22:36:16","date_gmt":"2023-07-31T14:36:16","guid":{"rendered":"https:\/\/gretasexylingerie.com\/?post_type=product&#038;p=43893"},"modified":"2023-10-22T23:03:26","modified_gmt":"2023-10-22T15:03:26","slug":"conjunto-elegante-de-sutia-e-calcinha-pretos-com-recorte-no-peito","status":"publish","type":"product","link":"https:\/\/gretasexylingerie.com\/pt\/products\/elegant-black-bra-and-panties-set-with-chest-cutout\/","title":{"rendered":"Conjunto elegante de calcinha e suti\u00e3 preto com recorte no peito \u2013 ideal para varejistas de lingerie B2B"},"content":{"rendered":"<ol class=\"wp-block-list\">\n<li>Nosso conjunto de calcinha e suti\u00e3 preto com recorte no peito foi projetado com as \u00faltimas tend\u00eancias da moda em mente. O cinto de largura dupla d\u00e1 um toque de ousadia, enquanto as al\u00e7as regul\u00e1veis garantem um caimento perfeito. Este conjunto certamente ser\u00e1 um sucesso entre seus clientes.<\/li>\n\n\n\n<li>O conjunto de suti\u00e3 preto com cinto largo duplo e al\u00e7as ajust\u00e1veis \u00e9 estiloso e confort\u00e1vel. A decora\u00e7\u00e3o com pingente de strass adiciona um toque de eleg\u00e2ncia, enquanto o recorte no peito oferece um vislumbre tentador do que est\u00e1 por baixo. Este conjunto \u00e9 perfeito para clientes que buscam estilo e conforto em suas lingeries.<\/li>\n\n\n\n<li>Nosso conjunto de calcinha e suti\u00e3 de renda preta com decora\u00e7\u00e3o de pingente de strass \u00e9 \u00fanico em design e alta qualidade. O recorte no peito e o cinto largo duplo adicionam um toque de ousadia, enquanto as al\u00e7as ajust\u00e1veis garantem um ajuste perfeito. Este conjunto certamente se destacar\u00e1 em qualquer cole\u00e7\u00e3o de lingerie.<\/li>\n<\/ol>\n\n\n\n<p>Liberte o ousado e o belo com nosso conjunto de suti\u00e3 preto, com recorte no peito, cinto duplo largo, al\u00e7as ajust\u00e1veis e decora\u00e7\u00e3o com pingente de strass. Este conjunto n\u00e3o \u00e9 apenas um produto. \u00c9 uma declara\u00e7\u00e3o de estilo e encanto que seus clientes v\u00e3o adorar. N\u00e3o espere. Entre em contato conosco hoje para fazer seu pedido ou tirar qualquer d\u00favida. Vamos redefinir a moda de lingerie juntos!<\/p>\n\n\n\n<figure class=\"wp-block-table is-style-stripes\"><table class=\"has-fixed-layout\"><tbody><tr><td colspan=\"5\">Gr\u00e1fico do local (CM)<\/td><\/tr><tr><td>Tamanho<\/td><td>Comprimento<\/td><td>Busto Inferior<\/td><td>Cintura<\/td><td>cintura de liga<\/td><\/tr><tr><td>S<\/td><td>11<\/td><td>64-86<\/td><td>65<\/td><td>64-90<\/td><\/tr><tr><td>M<\/td><td>12<\/td><td>68-90<\/td><td>69<\/td><td>68-94<\/td><\/tr><tr><td>eu<\/td><td>13<\/td><td>72-94<\/td><td>73<\/td><td>72-98<\/td><\/tr><tr><td colspan=\"5\">Gr\u00e1fico do Local (POLEGADAS)<\/td><\/tr><tr><td>Tamanho<\/td><td>Comprimento<\/td><td>Busto Inferior<\/td><td>Cintura<\/td><td>cintura de liga<\/td><\/tr><tr><td>S<\/td><td>4.33<\/td><td>25.20-33.86<\/td><td>25.59<\/td><td>25.20-35.43<\/td><\/tr><tr><td>M<\/td><td>4.72<\/td><td>26.77-35.43<\/td><td>27.17<\/td><td>26.77-37.01<\/td><\/tr><tr><td>eu<\/td><td>5.12<\/td><td>28.35-37.01<\/td><td>28.74<\/td><td>28.35-38.58<\/td><\/tr><\/tbody><\/table><\/figure>","protected":false},"excerpt":{"rendered":"<p>Fique \u00e0 frente da tend\u00eancia de lingerie com nosso conjunto de suti\u00e3 preto com cinto duplo largo e al\u00e7as ajust\u00e1veis. Este conjunto combina o fasc\u00ednio de um recorte no peito com a eleg\u00e2ncia da decora\u00e7\u00e3o com pingente de strass. Feito com artesanato requintado, \u00e9 uma adi\u00e7\u00e3o impressionante a qualquer cole\u00e7\u00e3o de lingerie.<\/p>\n<p>https:\/\/youtu.be\/ZFmegpKdHCQ<\/p>","protected":false},"featured_media":43902,"template":"","meta":[],"product_brand":[],"product_cat":[368,367,375],"product_tag":[868,861,448,518,446,863],"class_list":{"0":"post-43893","1":"product","2":"type-product","3":"status-publish","4":"has-post-thumbnail","6":"product_cat-bra-panty-set","7":"product_cat-sexy-lingerie","8":"product_cat-whoelsale-sheer-bra-and-panty-sets","9":"product_tag-4-piece-lingerie-set","10":"product_tag-brunette-lingerie","11":"product_tag-wholesale-elegant-sexy-lingerie","12":"product_tag-mesh-lingerie","13":"product_tag-wholesale-sexy-see-through-lingerie","14":"product_tag-sexy-thong-lingerie","15":"pa_color-black","16":"pa_size-wholesale-large-size-women-sexy-lingerie","17":"pa_size-wholesale-medium-size-women-sexy-lingerie","18":"pa_size-wholesale-small-size-sexy-lingerie","20":"first","21":"instock","22":"taxable","23":"shipping-taxable","24":"purchasable","25":"product-type-variable"},"tiered_pricing_type":"fixed","tiered_pricing_fixed_rules":[],"tiered_pricing_product_settings":{"layout":"default","base_unit_name":{"singular":null,"plural":null},"default_variation":{}},"tiered_pricing_minimum_quantity":null,"tiered_pricing_roles_data":{"default_wholesaler":{"product_id":43893,"role":"default_wholesaler","pricing_type":"flat","regular_price":null,"sale_price":null,"discount":null,"discount_type":"sale_price","tiered_pricing_type":"fixed","percentage_rules":[],"fixed_rules":{"2":"10.49","30":"8.99","500":"7.89"},"minimum":null},"dropshippinger":{"product_id":43893,"role":"dropshippinger","pricing_type":"flat","regular_price":null,"sale_price":null,"discount":null,"discount_type":"sale_price","tiered_pricing_type":"fixed","percentage_rules":[],"fixed_rules":{"1":"12.49","5":"10.49","30":"7.89"},"minimum":null}},"tiered_pricing_percentage_rules":[],"tiered_pricing_maximum_quantity":null,"tiered_pricing_quantity_step":null,"_links":{"self":[{"href":"https:\/\/gretasexylingerie.com\/pt\/wp-json\/wp\/v2\/product\/43893","targetHints":{"allow":["GET"]}}],"collection":[{"href":"https:\/\/gretasexylingerie.com\/pt\/wp-json\/wp\/v2\/product"}],"about":[{"href":"https:\/\/gretasexylingerie.com\/pt\/wp-json\/wp\/v2\/types\/product"}],"wp:featuredmedia":[{"embeddable":true,"href":"https:\/\/gretasexylingerie.com\/pt\/wp-json\/wp\/v2\/media\/43902"}],"wp:attachment":[{"href":"https:\/\/gretasexylingerie.com\/pt\/wp-json\/wp\/v2\/media?parent=43893"}],"wp:term":[{"taxonomy":"product_brand","embeddable":true,"href":"https:\/\/gretasexylingerie.com\/pt\/wp-json\/wp\/v2\/product_brand?post=43893"},{"taxonomy":"product_cat","embeddable":true,"href":"https:\/\/gretasexylingerie.com\/pt\/wp-json\/wp\/v2\/product_cat?post=43893"},{"taxonomy":"product_tag","embeddable":true,"href":"https:\/\/gretasexylingerie.com\/pt\/wp-json\/wp\/v2\/product_tag?post=43893"}],"curies":[{"name":"wp","href":"https:\/\/api.w.org\/{rel}","templated":true}]}}