{"id":43872,"date":"2023-07-31T00:48:29","date_gmt":"2023-07-30T16:48:29","guid":{"rendered":"https:\/\/gretasexylingerie.com\/?post_type=product&#038;p=43872"},"modified":"2023-10-22T22:41:37","modified_gmt":"2023-10-22T14:41:37","slug":"body-sexy-transparente-com-sutia-e-calcinha","status":"publish","type":"product","link":"https:\/\/gretasexylingerie.com\/pt\/products\/see-through-sexy-bodysuit-with-bra-and-panty\/","title":{"rendered":"Body Sexy Confort\u00e1vel Transparente com Suti\u00e3 e Calcinha \u2013 Lingerie Atacado"},"content":{"rendered":"<ol class=\"wp-block-list\">\n<li>Nosso macac\u00e3o sexy de malha fashion foi projetado com as \u00faltimas tend\u00eancias da moda em mente. O suti\u00e3 de arn\u00eas extra adiciona um toque de ousadia, enquanto o conforto transparente oferece um vislumbre tentador do que est\u00e1 por baixo. Este macac\u00e3o certamente far\u00e1 sucesso com seus clientes.<\/li>\n\n\n\n<li>O macac\u00e3o sexy transparente transparente com suti\u00e3 e calcinha extra arn\u00eas \u00e9 elegante e confort\u00e1vel. A malha da moda adiciona um toque de eleg\u00e2ncia, enquanto o estilo de arn\u00eas extra garante um ajuste perfeito. Esse macac\u00e3o \u00e9 ideal para clientes que buscam estilo e conforto em suas lingeries.<\/li>\n\n\n\n<li>Nosso macac\u00e3o sexy de malha fashion com estilo de arn\u00eas extra \u00e9 \u00fanico em design e alta qualidade. O conforto transparente \u00e9 macio e confort\u00e1vel, enquanto o estilo de arn\u00eas extra adiciona um toque de ousadia. Este macac\u00e3o certamente se destacar\u00e1 em qualquer cole\u00e7\u00e3o de lingerie.<\/li>\n<\/ol>\n\n\n\n<p>Liberte o ousado e o belo com nosso macac\u00e3o Fashion Mesh Sexy, com conforto transparente, suti\u00e3 com arn\u00eas extra e calcinha. Este macac\u00e3o n\u00e3o \u00e9 apenas um produto, \u00e9 uma declara\u00e7\u00e3o de estilo e charme que seus clientes v\u00e3o adorar. N\u00e3o espere. Entre em contato conosco hoje para fazer seu pedido ou tirar qualquer d\u00favida. Vamos redefinir a moda de lingerie juntos!<\/p>\n\n\n\n<figure class=\"wp-block-table is-style-stripes\"><table class=\"has-fixed-layout\"><tbody><tr><td>Gr\u00e1fico do local (CM)<\/td><td><\/td><td><\/td><\/tr><tr><td>Tamanho<\/td><td>Comprimento<\/td><td>Cintura<\/td><\/tr><tr><td>S<\/td><td>52<\/td><td>72<\/td><\/tr><tr><td>M<\/td><td>54<\/td><td>76<\/td><\/tr><tr><td>eu<\/td><td>56<\/td><td>80<\/td><\/tr><tr><td>Gr\u00e1fico do Local (POLEGADAS)<\/td><td><\/td><td><\/td><\/tr><tr><td>Tamanho<\/td><td>Comprimento<\/td><td>Cintura<\/td><\/tr><tr><td>S<\/td><td>20.47<\/td><td>28.35<\/td><\/tr><tr><td>M<\/td><td>21.26<\/td><td>29.92<\/td><\/tr><tr><td>eu<\/td><td>22.05<\/td><td>31.5<\/td><\/tr><\/tbody><\/table><\/figure>","protected":false},"excerpt":{"rendered":"<p>Fique \u00e0 frente da tend\u00eancia de lingerie com nosso macac\u00e3o sexy transparente e confort\u00e1vel com suti\u00e3 e calcinha extra. Este macac\u00e3o combina o fasc\u00ednio da malha da moda com a eleg\u00e2ncia do estilo de arn\u00eas extra. Feito com conforto transparente, \u00e9 uma adi\u00e7\u00e3o impressionante a qualquer cole\u00e7\u00e3o de lingerie.<\/p>\n<p>https:\/\/youtu.be\/LkH8BtpM3fo<\/p>","protected":false},"featured_media":43882,"template":"","meta":[],"product_brand":[],"product_cat":[370,367,373],"product_tag":[446,453,865,447,504],"class_list":{"0":"post-43872","1":"product","2":"type-product","3":"status-publish","4":"has-post-thumbnail","6":"product_cat-bodysuit","7":"product_cat-sexy-lingerie","8":"product_cat-wholesale-sexy-mesh-bodysuit","9":"product_tag-wholesale-sexy-see-through-lingerie","10":"product_tag-wholesale-sexy-naughty-lingerie","11":"product_tag-sexy-skimpy-lingerie","12":"product_tag-wholesale-strappy-sexy-lingerie","13":"product_tag-ultra-sexy","14":"pa_color-black","15":"pa_size-wholesale-large-size-women-sexy-lingerie","16":"pa_size-wholesale-medium-size-women-sexy-lingerie","17":"pa_size-wholesale-small-size-sexy-lingerie","19":"first","20":"instock","21":"taxable","22":"shipping-taxable","23":"purchasable","24":"product-type-variable"},"tiered_pricing_type":"fixed","tiered_pricing_fixed_rules":[],"tiered_pricing_product_settings":{"layout":"default","base_unit_name":{"singular":null,"plural":null},"default_variation":{}},"tiered_pricing_minimum_quantity":null,"tiered_pricing_roles_data":{"default_wholesaler":{"product_id":43872,"role":"default_wholesaler","pricing_type":"flat","regular_price":null,"sale_price":null,"discount":null,"discount_type":"sale_price","tiered_pricing_type":"fixed","percentage_rules":[],"fixed_rules":{"2":"11.39","5":"10.19","30":"9.29"},"minimum":null},"dropshippinger":{"product_id":43872,"role":"dropshippinger","pricing_type":"flat","regular_price":null,"sale_price":12.99,"discount":null,"discount_type":"sale_price","tiered_pricing_type":"fixed","percentage_rules":[],"fixed_rules":{"1":"12.99","5":"11.39","30":"9.29"},"minimum":null}},"tiered_pricing_percentage_rules":[],"tiered_pricing_maximum_quantity":null,"tiered_pricing_quantity_step":null,"_links":{"self":[{"href":"https:\/\/gretasexylingerie.com\/pt\/wp-json\/wp\/v2\/product\/43872","targetHints":{"allow":["GET"]}}],"collection":[{"href":"https:\/\/gretasexylingerie.com\/pt\/wp-json\/wp\/v2\/product"}],"about":[{"href":"https:\/\/gretasexylingerie.com\/pt\/wp-json\/wp\/v2\/types\/product"}],"wp:featuredmedia":[{"embeddable":true,"href":"https:\/\/gretasexylingerie.com\/pt\/wp-json\/wp\/v2\/media\/43882"}],"wp:attachment":[{"href":"https:\/\/gretasexylingerie.com\/pt\/wp-json\/wp\/v2\/media?parent=43872"}],"wp:term":[{"taxonomy":"product_brand","embeddable":true,"href":"https:\/\/gretasexylingerie.com\/pt\/wp-json\/wp\/v2\/product_brand?post=43872"},{"taxonomy":"product_cat","embeddable":true,"href":"https:\/\/gretasexylingerie.com\/pt\/wp-json\/wp\/v2\/product_cat?post=43872"},{"taxonomy":"product_tag","embeddable":true,"href":"https:\/\/gretasexylingerie.com\/pt\/wp-json\/wp\/v2\/product_tag?post=43872"}],"curies":[{"name":"wp","href":"https:\/\/api.w.org\/{rel}","templated":true}]}}