{"id":43852,"date":"2023-07-30T23:16:25","date_gmt":"2023-07-30T15:16:25","guid":{"rendered":"https:\/\/gretasexylingerie.com\/?post_type=product&#038;p=43852"},"modified":"2024-04-04T16:10:24","modified_gmt":"2024-04-04T08:10:24","slug":"macacao-sexy-chique-com-algemas-e-costas-abertas","status":"publish","type":"product","link":"https:\/\/gretasexylingerie.com\/pt\/products\/chic-chain-neck-handcuffs-sexy-jumpsuit-with-open-back\/","title":{"rendered":"Atacado chique corrente pesco\u00e7o algemas macac\u00e3o sexy com costas abertas"},"content":{"rendered":"<ol class=\"wp-block-list\">\n<li>Nosso macac\u00e3o sexy costurado em malha e couro PU foi projetado com as \u00faltimas tend\u00eancias da moda em mente. As algemas no pesco\u00e7o adicionam um toque de ousadia, enquanto as costas abertas oferecem um vislumbre tentador do que est\u00e1 por baixo. Este macac\u00e3o certamente far\u00e1 sucesso com seus clientes.<\/li>\n\n\n\n<li>O Macac\u00e3o Sexy Chain Neck Handcuffs com Abertura nas Costas \u00e9 estiloso e confort\u00e1vel. A costura de couro PU adiciona um toque de eleg\u00e2ncia, enquanto as costas abertas garantem um ajuste perfeito. Esse macac\u00e3o \u00e9 ideal para clientes que buscam estilo e conforto em suas lingeries.<\/li>\n\n\n\n<li>Nosso macac\u00e3o sexy sem quadris com costura de couro PU \u00e9 \u00fanico em design e alta qualidade. O material de malha \u00e9 macio e confort\u00e1vel, enquanto as algemas no pesco\u00e7o adicionam um toque de ousadia. Este macac\u00e3o certamente se destacar\u00e1 em qualquer cole\u00e7\u00e3o de lingerie.<\/li>\n<\/ol>\n\n\n\n<p>Liberte o ousado e bonito com nosso macac\u00e3o sexy, com material de malha, costura de couro PU, algemas de corrente no pesco\u00e7o, costas abertas e sem quadris. Este macac\u00e3o n\u00e3o \u00e9 apenas um produto, \u00e9 uma declara\u00e7\u00e3o de estilo e charme que seus clientes v\u00e3o adorar. N\u00e3o espere. Entre em contato conosco hoje para fazer seu pedido ou tirar qualquer d\u00favida. Vamos redefinir a moda de lingerie juntos!<\/p>\n\n\n\n<figure class=\"wp-block-table is-style-stripes\"><table class=\"has-fixed-layout\"><tbody><tr><td>Gr\u00e1fico do local (CM)<\/td><td><\/td><td><\/td><\/tr><tr><td>Tamanho<\/td><td>Comprimento<\/td><td>Cintura<\/td><\/tr><tr><td>S<\/td><td>63<\/td><td>64<\/td><\/tr><tr><td>M<\/td><td>65<\/td><td>68<\/td><\/tr><tr><td>eu<\/td><td>67<\/td><td>72<\/td><\/tr><tr><td>Gr\u00e1fico do Local (POLEGADAS)<\/td><td><\/td><td><\/td><\/tr><tr><td>Tamanho<\/td><td>Comprimento<\/td><td>Cintura<\/td><\/tr><tr><td>S<\/td><td>24.8<\/td><td>25.2<\/td><\/tr><tr><td>M<\/td><td>25.59<\/td><td>26.77<\/td><\/tr><tr><td>eu<\/td><td>26.38<\/td><td>28.35<\/td><\/tr><\/tbody><\/table><\/figure>","protected":false},"excerpt":{"rendered":"<p>Nosso macac\u00e3o sexy costurado em malha e couro PU \u00e9 um item essencial para qualquer varejista de lingerie. Este macac\u00e3o possui algemas no pesco\u00e7o, costas abertas e sem quadris, oferecendo um visual ousado e tentador. Perfeito para clientes que buscam o que h\u00e1 de mais moderno em moda lingerie.<\/p>\n<p>https:\/\/youtu.be\/_nl52FSTb44<\/p>","protected":false},"featured_media":43862,"template":"","meta":[],"product_brand":[],"product_cat":[370,367,373],"product_tag":[541,524,446,449,453,866,504],"class_list":{"0":"post-43852","1":"product","2":"type-product","3":"status-publish","4":"has-post-thumbnail","6":"product_cat-bodysuit","7":"product_cat-sexy-lingerie","8":"product_cat-wholesale-sexy-mesh-bodysuit","9":"product_tag-fishnet-lingerie","10":"product_tag-metal-lingerie","11":"product_tag-wholesale-sexy-see-through-lingerie","12":"product_tag-wholesale-sexy-crotchless-lingerie","13":"product_tag-wholesale-sexy-naughty-lingerie","14":"product_tag-sexy-romper-lingerie","15":"product_tag-ultra-sexy","16":"pa_color-black","17":"pa_size-wholesale-large-size-women-sexy-lingerie","18":"pa_size-wholesale-medium-size-women-sexy-lingerie","19":"pa_size-wholesale-small-size-sexy-lingerie","21":"first","22":"instock","23":"taxable","24":"shipping-taxable","25":"purchasable","26":"product-type-variable"},"tiered_pricing_type":"fixed","tiered_pricing_fixed_rules":[],"tiered_pricing_product_settings":{"layout":"table","base_unit_name":{"singular":null,"plural":null},"default_variation":{}},"tiered_pricing_minimum_quantity":null,"tiered_pricing_roles_data":{"default_wholesaler":{"product_id":43852,"role":"default_wholesaler","pricing_type":"flat","regular_price":null,"sale_price":null,"discount":null,"discount_type":"sale_price","tiered_pricing_type":"fixed","percentage_rules":[],"fixed_rules":{"2":"10.39","30":"9.19","500":"8.29"},"minimum":null},"dropshippinger":{"product_id":43852,"role":"dropshippinger","pricing_type":"flat","regular_price":null,"sale_price":11.99,"discount":null,"discount_type":"sale_price","tiered_pricing_type":"fixed","percentage_rules":[],"fixed_rules":{"1":"11.99","5":"10.39","30":"8.29"},"minimum":null}},"tiered_pricing_percentage_rules":[],"tiered_pricing_maximum_quantity":null,"tiered_pricing_quantity_step":null,"_links":{"self":[{"href":"https:\/\/gretasexylingerie.com\/pt\/wp-json\/wp\/v2\/product\/43852","targetHints":{"allow":["GET"]}}],"collection":[{"href":"https:\/\/gretasexylingerie.com\/pt\/wp-json\/wp\/v2\/product"}],"about":[{"href":"https:\/\/gretasexylingerie.com\/pt\/wp-json\/wp\/v2\/types\/product"}],"wp:featuredmedia":[{"embeddable":true,"href":"https:\/\/gretasexylingerie.com\/pt\/wp-json\/wp\/v2\/media\/43862"}],"wp:attachment":[{"href":"https:\/\/gretasexylingerie.com\/pt\/wp-json\/wp\/v2\/media?parent=43852"}],"wp:term":[{"taxonomy":"product_brand","embeddable":true,"href":"https:\/\/gretasexylingerie.com\/pt\/wp-json\/wp\/v2\/product_brand?post=43852"},{"taxonomy":"product_cat","embeddable":true,"href":"https:\/\/gretasexylingerie.com\/pt\/wp-json\/wp\/v2\/product_cat?post=43852"},{"taxonomy":"product_tag","embeddable":true,"href":"https:\/\/gretasexylingerie.com\/pt\/wp-json\/wp\/v2\/product_tag?post=43852"}],"curies":[{"name":"wp","href":"https:\/\/api.w.org\/{rel}","templated":true}]}}