{"id":43530,"date":"2023-07-13T00:29:02","date_gmt":"2023-07-12T16:29:02","guid":{"rendered":"https:\/\/gretasexylingerie.com\/?post_type=product&#038;p=43530"},"modified":"2024-01-17T22:42:08","modified_gmt":"2024-01-17T14:42:08","slug":"conjunto-de-sutia-e-calcinha-de-malha-transparente-com-bojo-cruzado","status":"publish","type":"product","link":"https:\/\/gretasexylingerie.com\/pt\/products\/sheer-speckled-mesh-bra-and-panty-set-with-crossover-cup\/","title":{"rendered":"Conjunto de calcinha e suti\u00e3 de malha transparente transparente com copa cruzada"},"content":{"rendered":"<p>Malha salpicada: o design de malha salpicada transparente deste conjunto apresenta uma est\u00e9tica \u00fanica e ousada, proporcionando cobertura leve enquanto permanece elegante sem esfor\u00e7o.<\/p>\n\n\n\n<p>Copos cruzados: o design inovador do copo cruzado adiciona um toque moderno aos conjuntos de lingerie tradicionais, oferecendo uma silhueta de suporte e lisonjeira.<\/p>\n\n\n\n<p>Detalhe de anel de metal: o anel de metal atraente na frente traz um toque de sofistica\u00e7\u00e3o chique, diferenciando este conjunto de suti\u00e3 e calcinha dos designs padr\u00e3o.<\/p>\n\n\n\n<p>Conforto e Estilo: Com seu tecido de malha leve e design inovador, este conjunto atinge um equil\u00edbrio perfeito entre conforto e estilo.<\/p>\n\n\n\n<p>Apelo vers\u00e1til: o design chique e moderno torna este conjunto uma escolha vers\u00e1til que pode ser estilizada para qualquer ocasi\u00e3o, tornando-a uma adi\u00e7\u00e3o obrigat\u00f3ria a qualquer guarda-roupa.<\/p>\n\n\n\n<p>Resumindo, nosso conjunto de suti\u00e3 e calcinha de malha transparente com copas cruzadas e argola de metal \u00e9 onde o conforto encontra a modernidade. Esta pe\u00e7a de declara\u00e7\u00e3o garante que voc\u00ea se sinta confiante e elegante em todos os momentos. Eleve sua cole\u00e7\u00e3o de lingerie com este conjunto cativante.<\/p>\n\n\n\n<figure class=\"wp-block-table is-style-stripes\"><table class=\"has-fixed-layout\"><tbody><tr><td colspan=\"5\">Gr\u00e1fico do local (CM)<\/td><\/tr><tr><td>Tamanho<\/td><td>Comprimento<\/td><td>Busto Inferior<\/td><td>Cintura<\/td><td>Comprimento da cal\u00e7a<\/td><\/tr><tr><td>S<\/td><td>12.5<\/td><td>63<\/td><td>64<\/td><td>21.5<\/td><\/tr><tr><td>M<\/td><td>13.5<\/td><td>67<\/td><td>68<\/td><td>22.5<\/td><\/tr><tr><td>eu<\/td><td>14.5<\/td><td>71<\/td><td>72<\/td><td>23.5<\/td><\/tr><tr><td>GG<\/td><td>15.5<\/td><td>75<\/td><td>76<\/td><td>24.5<\/td><\/tr><tr><td colspan=\"5\">Gr\u00e1fico do Local (POLEGADAS)<\/td><\/tr><tr><td>Tamanho<\/td><td>Comprimento<\/td><td>Busto Inferior<\/td><td>Cintura<\/td><td>Comprimento da cal\u00e7a<\/td><\/tr><tr><td>S<\/td><td>4.92<\/td><td>24.8<\/td><td>25.2<\/td><td>8.46<\/td><\/tr><tr><td>M<\/td><td>5.31<\/td><td>26.38<\/td><td>26.77<\/td><td>8.86<\/td><\/tr><tr><td>eu<\/td><td>5.71<\/td><td>27.95<\/td><td>28.35<\/td><td>9.25<\/td><\/tr><tr><td>GG<\/td><td>6.1<\/td><td>29.53<\/td><td>29.92<\/td><td>9.65<\/td><\/tr><\/tbody><\/table><\/figure>","protected":false},"excerpt":{"rendered":"<p>Experimente a fus\u00e3o de conforto e estilo com nosso conjunto de calcinha e suti\u00e3 de malha transparente transparente. As copas cruzadas e o detalhe do anel de metal d\u00e3o um toque elegante e contempor\u00e2neo a este cl\u00e1ssico b\u00e1sico de lingerie.<\/p>","protected":false},"featured_media":43540,"template":"","meta":[],"product_brand":[],"product_cat":[368,367,375],"product_tag":[452,518,973,446,864],"class_list":{"0":"post-43530","1":"product","2":"type-product","3":"status-publish","4":"has-post-thumbnail","6":"product_cat-bra-panty-set","7":"product_cat-sexy-lingerie","8":"product_cat-whoelsale-sheer-bra-and-panty-sets","9":"product_tag-wholesale-boudoir-lingerie","10":"product_tag-mesh-lingerie","11":"product_tag-oem","12":"product_tag-wholesale-sexy-see-through-lingerie","13":"product_tag-sexy-petite-lingerie","14":"pa_color-black","15":"pa_size-wholesale-large-size-women-sexy-lingerie","16":"pa_size-wholesale-medium-size-women-sexy-lingerie","17":"pa_size-wholesale-small-size-sexy-lingerie","18":"pa_size-wholesale-extra-large-sexy-lingerie","20":"first","21":"outofstock","22":"taxable","23":"shipping-taxable","24":"purchasable","25":"product-type-variable"},"tiered_pricing_type":"fixed","tiered_pricing_fixed_rules":[],"tiered_pricing_product_settings":{"layout":"default","base_unit_name":{"singular":null,"plural":null},"default_variation":null},"tiered_pricing_minimum_quantity":null,"tiered_pricing_roles_data":{"default_wholesaler":{"product_id":43530,"role":"default_wholesaler","pricing_type":"flat","regular_price":null,"sale_price":null,"discount":null,"discount_type":"sale_price","tiered_pricing_type":"fixed","percentage_rules":[],"fixed_rules":{"2":"9.39","30":"8.09","500":"7.09"},"minimum":null},"dropshippinger":{"product_id":43530,"role":"dropshippinger","pricing_type":"flat","regular_price":null,"sale_price":null,"discount":null,"discount_type":"sale_price","tiered_pricing_type":"fixed","percentage_rules":[],"fixed_rules":{"1":"11.29","5":"9.39","30":"7.09"},"minimum":null}},"tiered_pricing_percentage_rules":[],"tiered_pricing_maximum_quantity":null,"tiered_pricing_quantity_step":null,"_links":{"self":[{"href":"https:\/\/gretasexylingerie.com\/pt\/wp-json\/wp\/v2\/product\/43530","targetHints":{"allow":["GET"]}}],"collection":[{"href":"https:\/\/gretasexylingerie.com\/pt\/wp-json\/wp\/v2\/product"}],"about":[{"href":"https:\/\/gretasexylingerie.com\/pt\/wp-json\/wp\/v2\/types\/product"}],"wp:featuredmedia":[{"embeddable":true,"href":"https:\/\/gretasexylingerie.com\/pt\/wp-json\/wp\/v2\/media\/43540"}],"wp:attachment":[{"href":"https:\/\/gretasexylingerie.com\/pt\/wp-json\/wp\/v2\/media?parent=43530"}],"wp:term":[{"taxonomy":"product_brand","embeddable":true,"href":"https:\/\/gretasexylingerie.com\/pt\/wp-json\/wp\/v2\/product_brand?post=43530"},{"taxonomy":"product_cat","embeddable":true,"href":"https:\/\/gretasexylingerie.com\/pt\/wp-json\/wp\/v2\/product_cat?post=43530"},{"taxonomy":"product_tag","embeddable":true,"href":"https:\/\/gretasexylingerie.com\/pt\/wp-json\/wp\/v2\/product_tag?post=43530"}],"curies":[{"name":"wp","href":"https:\/\/api.w.org\/{rel}","templated":true}]}}