{"id":43492,"date":"2023-07-12T22:44:25","date_gmt":"2023-07-12T14:44:25","guid":{"rendered":"https:\/\/gretasexylingerie.com\/?post_type=product&#038;p=43492"},"modified":"2023-12-09T20:55:02","modified_gmt":"2023-12-09T12:55:02","slug":"conjunto-de-sutia-de-malha-transparente-com-bojo-recortado","status":"publish","type":"product","link":"https:\/\/gretasexylingerie.com\/pt\/products\/sheer-speckled-mesh-bra-set-with-cutout-cup\/","title":{"rendered":"Conjunto de suti\u00e3 de malha transparente transparente com copa recortada"},"content":{"rendered":"<ol class=\"wp-block-list\">\n<li>Malha salpicada transparente: a malha salpicada transparente d\u00e1 um toque inesperado e moderno a este conjunto de suti\u00e3, permitindo vislumbres da pele para um apelo provocante, mas elegante.<\/li>\n\n\n\n<li>Copas recortadas: as ousadas x\u00edcaras recortadas adicionam um toque de flerte, mantendo a sofistica\u00e7\u00e3o geral. Eles criam um contraste visualmente agrad\u00e1vel com a malha pura, real\u00e7ando a intriga da pe\u00e7a.<\/li>\n\n\n\n<li>Cinto de argola de metal: um toque inovador, o cinto de argola de metal adiciona uma dimens\u00e3o chique e ousada ao conjunto de suti\u00e3. Ele fornece uma camada adicional de estilo e garante um ajuste seguro e ajust\u00e1vel.<\/li>\n\n\n\n<li>Conforto e estilo: este conjunto de suti\u00e3 \u00e9 feito para o m\u00e1ximo conforto e n\u00e3o compromete o estilo. O design exclusivo torna uma pe\u00e7a de destaque em qualquer cole\u00e7\u00e3o de lingerie.<\/li>\n\n\n\n<li>Versatilidade: Esteja voc\u00ea se vestindo para uma ocasi\u00e3o especial ou queira se sentir luxuosa em seu uso di\u00e1rio, este conjunto de suti\u00e3 \u00e9 uma escolha vers\u00e1til. Seu design elegante e materiais confort\u00e1veis o tornam adequado para qualquer situa\u00e7\u00e3o.<\/li>\n<\/ol>\n\n\n\n<p>Em conclus\u00e3o, nosso conjunto de suti\u00e3 de malha transparente transparente com copas recortadas e cinto de metal anel simboliza luxo, conforto e estilo. Esta pe\u00e7a sofisticada certamente dar\u00e1 um toque \u00fanico \u00e0 sua cole\u00e7\u00e3o de lingerie. Experimente a combina\u00e7\u00e3o perfeita de fasc\u00ednio e conforto com este conjunto de destaque.<\/p>\n\n\n\n<figure class=\"wp-block-table is-style-stripes\"><table class=\"has-fixed-layout\"><tbody><tr><td colspan=\"5\">Gr\u00e1fico do local (CM)<\/td><\/tr><tr><td>Tamanho<\/td><td>Comprimento<\/td><td>Busto Inferior<\/td><td>Cintura<\/td><td>Comprimento da cal\u00e7a<\/td><\/tr><tr><td>S<\/td><td>11.5<\/td><td>68<\/td><td>72<\/td><td>23.5<\/td><\/tr><tr><td>M<\/td><td>12.5<\/td><td>72<\/td><td>76<\/td><td>24.5<\/td><\/tr><tr><td>eu<\/td><td>13.5<\/td><td>76<\/td><td>80<\/td><td>25.5<\/td><\/tr><tr><td>GG<\/td><td>14.5<\/td><td>80<\/td><td>84<\/td><td>26.5<\/td><\/tr><tr><td colspan=\"5\">Gr\u00e1fico do Local (POLEGADAS)<\/td><\/tr><tr><td>Tamanho<\/td><td>Comprimento<\/td><td>Busto Inferior<\/td><td>Cintura<\/td><td>Comprimento da cal\u00e7a<\/td><\/tr><tr><td>S<\/td><td>4.53<\/td><td>26.77<\/td><td>28.35<\/td><td>9.25<\/td><\/tr><tr><td>M<\/td><td>4.92<\/td><td>28.35<\/td><td>29.92<\/td><td>9.65<\/td><\/tr><tr><td>eu<\/td><td>5.31<\/td><td>29.92<\/td><td>31.5<\/td><td>10.04<\/td><\/tr><tr><td><\/td><td>5.71<\/td><td>31.5<\/td><td>33.07<\/td><td>10.43<\/td><\/tr><\/tbody><\/table><\/figure>","protected":false},"excerpt":{"rendered":"<p>Experimente um toque de fasc\u00ednio moderno com nosso conjunto de suti\u00e3s de malha transparente transparente. Este conjunto combina conforto e sofistica\u00e7\u00e3o em uma embalagem cheia de estilo, com copas recortadas e cinto com argolas de metal.<\/p>","protected":false},"featured_media":43504,"template":"","meta":[],"product_brand":[],"product_cat":[368,367,375],"product_tag":[507,518,973,446],"class_list":{"0":"post-43492","1":"product","2":"type-product","3":"status-publish","4":"has-post-thumbnail","6":"product_cat-bra-panty-set","7":"product_cat-sexy-lingerie","8":"product_cat-whoelsale-sheer-bra-and-panty-sets","9":"product_tag-three-pcs-set","10":"product_tag-mesh-lingerie","11":"product_tag-oem","12":"product_tag-wholesale-sexy-see-through-lingerie","13":"pa_color-black","14":"pa_size-wholesale-large-size-women-sexy-lingerie","15":"pa_size-wholesale-medium-size-women-sexy-lingerie","16":"pa_size-wholesale-small-size-sexy-lingerie","17":"pa_size-wholesale-extra-large-sexy-lingerie","19":"first","20":"outofstock","21":"taxable","22":"shipping-taxable","23":"purchasable","24":"product-type-variable"},"tiered_pricing_type":"fixed","tiered_pricing_fixed_rules":[],"tiered_pricing_product_settings":{"layout":"default","base_unit_name":{"singular":null,"plural":null},"default_variation":{}},"tiered_pricing_minimum_quantity":null,"tiered_pricing_roles_data":{"default_wholesaler":{"product_id":43492,"role":"default_wholesaler","pricing_type":"flat","regular_price":null,"sale_price":null,"discount":null,"discount_type":"sale_price","tiered_pricing_type":"fixed","percentage_rules":[],"fixed_rules":{"2":"13.89","30":"9.39","500":"8.09"},"minimum":null},"dropshippinger":{"product_id":43492,"role":"dropshippinger","pricing_type":"flat","regular_price":null,"sale_price":11.29,"discount":null,"discount_type":"sale_price","tiered_pricing_type":"fixed","percentage_rules":[],"fixed_rules":{"1":"11.29","5":"9.39","30":"7.09"},"minimum":null}},"tiered_pricing_percentage_rules":[],"tiered_pricing_maximum_quantity":null,"tiered_pricing_quantity_step":null,"_links":{"self":[{"href":"https:\/\/gretasexylingerie.com\/pt\/wp-json\/wp\/v2\/product\/43492","targetHints":{"allow":["GET"]}}],"collection":[{"href":"https:\/\/gretasexylingerie.com\/pt\/wp-json\/wp\/v2\/product"}],"about":[{"href":"https:\/\/gretasexylingerie.com\/pt\/wp-json\/wp\/v2\/types\/product"}],"wp:featuredmedia":[{"embeddable":true,"href":"https:\/\/gretasexylingerie.com\/pt\/wp-json\/wp\/v2\/media\/43504"}],"wp:attachment":[{"href":"https:\/\/gretasexylingerie.com\/pt\/wp-json\/wp\/v2\/media?parent=43492"}],"wp:term":[{"taxonomy":"product_brand","embeddable":true,"href":"https:\/\/gretasexylingerie.com\/pt\/wp-json\/wp\/v2\/product_brand?post=43492"},{"taxonomy":"product_cat","embeddable":true,"href":"https:\/\/gretasexylingerie.com\/pt\/wp-json\/wp\/v2\/product_cat?post=43492"},{"taxonomy":"product_tag","embeddable":true,"href":"https:\/\/gretasexylingerie.com\/pt\/wp-json\/wp\/v2\/product_tag?post=43492"}],"curies":[{"name":"wp","href":"https:\/\/api.w.org\/{rel}","templated":true}]}}