{"id":43449,"date":"2023-07-07T23:16:53","date_gmt":"2023-07-07T15:16:53","guid":{"rendered":"https:\/\/gretasexylingerie.com\/?post_type=product&#038;p=43449"},"modified":"2024-04-04T14:40:19","modified_gmt":"2024-04-04T06:40:19","slug":"conjunto-de-sutia-bege-de-malha-transparente-com-3-detalhes-bordados","status":"publish","type":"product","link":"https:\/\/gretasexylingerie.com\/pt\/products\/sheer-mesh-beige-bra-set-of-3-with-embroidered-detailing\/","title":{"rendered":"Conjunto de 3 suti\u00e3s de malha transparente bege com detalhes bordados"},"content":{"rendered":"<ol class=\"wp-block-list\">\n<li>Material Superior: Este conjunto de suti\u00e3 \u00e9 feito de malha de alta qualidade, garantindo conforto e durabilidade. Sua respirabilidade aumenta seu apelo, fazendo voc\u00ea se sentir fresco e confort\u00e1vel o dia todo.<\/li>\n\n\n\n<li>Detalhes bordados: os intrincados fios bordados tecidos na malha pura adicionam eleg\u00e2ncia e sofistica\u00e7\u00e3o. Este detalhamento intrincado diferencia este suti\u00e3, tornando-o uma bela adi\u00e7\u00e3o \u00e0 sua cole\u00e7\u00e3o de lingerie.<\/li>\n\n\n\n<li>Conjunto de tr\u00eas: Oferecendo um conjunto de tr\u00eas suti\u00e3s, este produto garante variedade e flexibilidade em seu guarda-roupa. Voc\u00ea pode alternar entre os suti\u00e3s ou ter sobressalentes prontos quando necess\u00e1rio, aumentando a conveni\u00eancia e garantindo que voc\u00ea esteja sempre preparado.<\/li>\n\n\n\n<li>Matiz natural: a cor bege do conjunto de suti\u00e3 combina perfeitamente com qualquer roupa. O tom neutro \u00e9 uma excelente escolha para uma subcamada impercept\u00edvel e n\u00e3o interfere na paleta de cores da roupa escolhida.<\/li>\n\n\n\n<li>Apelo Universal: Este conjunto atende a uma ampla gama de prefer\u00eancias, combinando praticidade com uma bela est\u00e9tica. Este conjunto de suti\u00e3 oferece algo que toda mulher pode apreciar, independentemente do estilo.<\/li>\n<\/ol>\n\n\n\n<p>Em conclus\u00e3o, nosso conjunto de 3 suti\u00e3s de malha transparente bege \u00e9 uma adi\u00e7\u00e3o vers\u00e1til, elegante e pr\u00e1tica \u00e0 sua cole\u00e7\u00e3o de lingerie. Com seu material confort\u00e1vel, lindos detalhes bordados e cores vers\u00e1teis, promete ser um conjunto de lingerie que voc\u00ea vai querer sempre. Atualize sua gaveta de lingerie com este lindo conjunto hoje.<\/p>\n\n\n\n<figure class=\"wp-block-table is-style-stripes\"><table class=\"has-fixed-layout\"><tbody><tr><td colspan=\"5\">Gr\u00e1fico do local (CM)<\/td><\/tr><tr><td>Tamanho<\/td><td>Busto Inferior<\/td><td>Comprimento<\/td><td>Linha da cintura<\/td><td>O comprimento das cal\u00e7as<\/td><\/tr><tr><td>S<\/td><td>65<\/td><td>14<\/td><td>70<\/td><td>23<\/td><\/tr><tr><td>M<\/td><td>69<\/td><td>15<\/td><td>74<\/td><td>24<\/td><\/tr><tr><td>eu<\/td><td>73<\/td><td>16<\/td><td>78<\/td><td>25<\/td><\/tr><tr><td>Gr\u00e1fico do Local (POLEGADAS)<\/td><td><\/td><td><\/td><td><\/td><td><\/td><\/tr><tr><td>Tamanho<\/td><td>Busto Inferior<\/td><td>Comprimento<\/td><td>Linha da cintura<\/td><td>O comprimento das cal\u00e7as<\/td><\/tr><tr><td>S<\/td><td>25.59<\/td><td>5.51<\/td><td>27.56<\/td><td>9.06<\/td><\/tr><tr><td>M<\/td><td>27.17<\/td><td>5.91<\/td><td>29.13<\/td><td>9.45<\/td><\/tr><tr><td>eu<\/td><td>28.74<\/td><td>6.3<\/td><td>30.71<\/td><td>9.84<\/td><\/tr><\/tbody><\/table><\/figure>","protected":false},"excerpt":{"rendered":"<p>Adorne-se com nosso conjunto de 3 suti\u00e3s bege. Feito de malha transparente com bordados delicados, este conjunto exala charme feminino enquanto oferece o conforto da variedade.<\/p>\n<p>https:\/\/youtu.be\/SfXjPUJLHS4<\/p>","protected":false},"featured_media":43465,"template":"","meta":[],"product_brand":[],"product_cat":[368,367,375],"product_tag":[507,861,448,454,518,446],"class_list":{"0":"post-43449","1":"product","2":"type-product","3":"status-publish","4":"has-post-thumbnail","6":"product_cat-bra-panty-set","7":"product_cat-sexy-lingerie","8":"product_cat-whoelsale-sheer-bra-and-panty-sets","9":"product_tag-three-pcs-set","10":"product_tag-brunette-lingerie","11":"product_tag-wholesale-elegant-sexy-lingerie","12":"product_tag-wholesale-sexy-embroidered-lingerie","13":"product_tag-mesh-lingerie","14":"product_tag-wholesale-sexy-see-through-lingerie","15":"pa_color-bisque-women-sexy-lingerie","16":"pa_size-wholesale-large-size-women-sexy-lingerie","17":"pa_size-wholesale-medium-size-women-sexy-lingerie","18":"pa_size-wholesale-small-size-sexy-lingerie","20":"first","21":"instock","22":"taxable","23":"shipping-taxable","24":"purchasable","25":"product-type-variable"},"tiered_pricing_type":"fixed","tiered_pricing_fixed_rules":[],"tiered_pricing_product_settings":{"layout":"table","base_unit_name":{"singular":null,"plural":null},"default_variation":{}},"tiered_pricing_minimum_quantity":null,"tiered_pricing_roles_data":{"default_wholesaler":{"product_id":43449,"role":"default_wholesaler","pricing_type":"flat","regular_price":null,"sale_price":null,"discount":null,"discount_type":"sale_price","tiered_pricing_type":"fixed","percentage_rules":[],"fixed_rules":{"2":"11.89","30":"10.59","500":"9.69"},"minimum":null},"dropshippinger":{"product_id":43449,"role":"dropshippinger","pricing_type":"flat","regular_price":null,"sale_price":null,"discount":null,"discount_type":"sale_price","tiered_pricing_type":"fixed","percentage_rules":[],"fixed_rules":{"1":"13.69","5":"11.89","30":"9.69"},"minimum":null}},"tiered_pricing_percentage_rules":[],"tiered_pricing_maximum_quantity":null,"tiered_pricing_quantity_step":null,"_links":{"self":[{"href":"https:\/\/gretasexylingerie.com\/pt\/wp-json\/wp\/v2\/product\/43449","targetHints":{"allow":["GET"]}}],"collection":[{"href":"https:\/\/gretasexylingerie.com\/pt\/wp-json\/wp\/v2\/product"}],"about":[{"href":"https:\/\/gretasexylingerie.com\/pt\/wp-json\/wp\/v2\/types\/product"}],"wp:featuredmedia":[{"embeddable":true,"href":"https:\/\/gretasexylingerie.com\/pt\/wp-json\/wp\/v2\/media\/43465"}],"wp:attachment":[{"href":"https:\/\/gretasexylingerie.com\/pt\/wp-json\/wp\/v2\/media?parent=43449"}],"wp:term":[{"taxonomy":"product_brand","embeddable":true,"href":"https:\/\/gretasexylingerie.com\/pt\/wp-json\/wp\/v2\/product_brand?post=43449"},{"taxonomy":"product_cat","embeddable":true,"href":"https:\/\/gretasexylingerie.com\/pt\/wp-json\/wp\/v2\/product_cat?post=43449"},{"taxonomy":"product_tag","embeddable":true,"href":"https:\/\/gretasexylingerie.com\/pt\/wp-json\/wp\/v2\/product_tag?post=43449"}],"curies":[{"name":"wp","href":"https:\/\/api.w.org\/{rel}","templated":true}]}}