{"id":43213,"date":"2023-07-01T00:32:57","date_gmt":"2023-06-30T16:32:57","guid":{"rendered":"https:\/\/gretasexylingerie.com\/?post_type=product&#038;p=43213"},"modified":"2023-10-22T23:20:51","modified_gmt":"2023-10-22T15:20:51","slug":"body-de-malha-transparente-bordado-com-costas-abertas","status":"publish","type":"product","link":"https:\/\/gretasexylingerie.com\/pt\/products\/embroidered-sheer-mesh-bodysuit-with-open-back\/","title":{"rendered":"Body de mesh transparente bordado com abertura nas costas"},"content":{"rendered":"<ol class=\"wp-block-list\">\n<li>Bordado requintado: este body \u00e9 adornado com bordados intrincados que elevam seu apelo est\u00e9tico. Cuidadosamente costurado, adiciona um elemento art\u00edstico ao design geral, proporcionando uma dimens\u00e3o textural \u00fanica.<\/li>\n\n\n\n<li>Tecido de malha salpicado: Feito com um tecido de malha salpicado, este body combina transpar\u00eancia e padr\u00e3o de forma \u00fanica. Leve e respir\u00e1vel, garante conforto ideal sem comprometer o estilo.<\/li>\n\n\n\n<li>Peito e costas abertos: o ousado design aberto no peito e nas costas adiciona um toque provocante a este body. Esta caracter\u00edstica audaciosa aumenta a sensualidade geral da pe\u00e7a, equilibrando perfeitamente eleg\u00e2ncia e fasc\u00ednio.<\/li>\n\n\n\n<li>Sheer Delight: A composi\u00e7\u00e3o transparente deste body oferece uma vis\u00e3o tentadora do que est\u00e1 por baixo, adicionando um toque divertido e de bom gosto \u00e0 sua cole\u00e7\u00e3o de roupas \u00edntimas.<\/li>\n\n\n\n<li>Variedade de cores e tamanhos: feito sob medida para atender ao seu estilo e ajuste, este body vem em 10 cores e quatro tamanhos. Escolha aquele que melhor representa sua personalidade e tipo de corpo, garantindo que voc\u00ea se sinta confort\u00e1vel e confiante.<\/li>\n<\/ol>\n\n\n\n<p>Concluindo, o Body Em Malha Transparente Bordada oferece uma mistura irresist\u00edvel de conforto, estilo e sensualidade. Suas v\u00e1rias op\u00e7\u00f5es de cores e tamanhos atraem quem quer elevar sua cole\u00e7\u00e3o de roupas \u00edntimas. Adquira-o hoje e celebre seu fasc\u00ednio feminino com um toque de refinamento.<\/p>\n\n\n\n<figure class=\"wp-block-table is-style-stripes\"><table class=\"has-fixed-layout\"><tbody><tr><td>Gr\u00e1fico do local (CM)<\/td><td><\/td><td><\/td><td><\/td><\/tr><tr><td>Tamanho<\/td><td>Busto Inferior<\/td><td>Comprimento<\/td><td>Cintura<\/td><\/tr><tr><td>S<\/td><td>68<\/td><td>54<\/td><td>64<\/td><\/tr><tr><td>M<\/td><td>72<\/td><td>56<\/td><td>68<\/td><\/tr><tr><td>eu<\/td><td>76<\/td><td>68<\/td><td>72<\/td><\/tr><tr><td>GG<\/td><td>80<\/td><td>60<\/td><td>76<\/td><\/tr><tr><td>Gr\u00e1fico do Local (POLEGADAS)<\/td><td><\/td><td><\/td><td><\/td><\/tr><tr><td>Tamanho<\/td><td>Comprimento<\/td><td>Busto superior<\/td><td>Busto Inferior<\/td><\/tr><tr><td>S<\/td><td>26.77<\/td><td>21.26<\/td><td>25.2<\/td><\/tr><tr><td>M<\/td><td>28.35<\/td><td>22.05<\/td><td>26.77<\/td><\/tr><tr><td>eu<\/td><td>29.92<\/td><td>26.77<\/td><td>28.35<\/td><\/tr><tr><td>GG<\/td><td>31.5<\/td><td>23.62<\/td><td>29.92<\/td><\/tr><\/tbody><\/table><\/figure>","protected":false},"excerpt":{"rendered":"<p>Delicie-se com a sofistica\u00e7\u00e3o e o fasc\u00ednio com o nosso body em malha transparente bordada. Com peito e costas abertos e um tecido de malha salpicado, este body acentua sua figura com eleg\u00e2ncia feminina.<\/p>\n<p>https:\/\/youtu.be\/nwujgMHYYSk<\/p>","protected":false},"featured_media":43308,"template":"","meta":[],"product_brand":[],"product_cat":[370,367,373],"product_tag":[521,448,454,518,446],"class_list":{"0":"post-43213","1":"product","2":"type-product","3":"status-publish","4":"has-post-thumbnail","6":"product_cat-bodysuit","7":"product_cat-sexy-lingerie","8":"product_cat-wholesale-sexy-mesh-bodysuit","9":"product_tag-deep-v-lingerie","10":"product_tag-wholesale-elegant-sexy-lingerie","11":"product_tag-wholesale-sexy-embroidered-lingerie","12":"product_tag-mesh-lingerie","13":"product_tag-wholesale-sexy-see-through-lingerie","14":"pa_color-black","15":"pa_color-blue-women-sexy-lingerie","16":"pa_color-green-yellow-women-sexy-lingerie","17":"pa_color-hot-pink-women-sexy-lingerie","18":"pa_color-pink-women-sexy-lingerie","19":"pa_color-purple-women-sexy-lingerie","20":"pa_color-red-women-sexy-lingerie","21":"pa_color-sea-green-women-sexy-lingerie","22":"pa_color-white","23":"pa_color-yellow","24":"pa_size-wholesale-large-size-women-sexy-lingerie","25":"pa_size-wholesale-medium-size-women-sexy-lingerie","26":"pa_size-wholesale-small-size-sexy-lingerie","27":"pa_size-wholesale-extra-large-sexy-lingerie","29":"first","30":"instock","31":"taxable","32":"shipping-taxable","33":"purchasable","34":"product-type-variable"},"tiered_pricing_type":"fixed","tiered_pricing_fixed_rules":[],"tiered_pricing_product_settings":{"layout":"default","base_unit_name":{"singular":null,"plural":null},"default_variation":{}},"tiered_pricing_minimum_quantity":null,"tiered_pricing_roles_data":{"default_wholesaler":{"product_id":43213,"role":"default_wholesaler","pricing_type":"flat","regular_price":null,"sale_price":null,"discount":null,"discount_type":"sale_price","tiered_pricing_type":"fixed","percentage_rules":[],"fixed_rules":{"2":"9.39","30":"8.19","500":"7.29"},"minimum":null},"dropshippinger":{"product_id":43213,"role":"dropshippinger","pricing_type":"flat","regular_price":null,"sale_price":null,"discount":null,"discount_type":"sale_price","tiered_pricing_type":"fixed","percentage_rules":[],"fixed_rules":{"1":"10.99","5":"9.39","30":"7.29"},"minimum":null}},"tiered_pricing_percentage_rules":[],"tiered_pricing_maximum_quantity":null,"tiered_pricing_quantity_step":null,"_links":{"self":[{"href":"https:\/\/gretasexylingerie.com\/pt\/wp-json\/wp\/v2\/product\/43213","targetHints":{"allow":["GET"]}}],"collection":[{"href":"https:\/\/gretasexylingerie.com\/pt\/wp-json\/wp\/v2\/product"}],"about":[{"href":"https:\/\/gretasexylingerie.com\/pt\/wp-json\/wp\/v2\/types\/product"}],"wp:featuredmedia":[{"embeddable":true,"href":"https:\/\/gretasexylingerie.com\/pt\/wp-json\/wp\/v2\/media\/43308"}],"wp:attachment":[{"href":"https:\/\/gretasexylingerie.com\/pt\/wp-json\/wp\/v2\/media?parent=43213"}],"wp:term":[{"taxonomy":"product_brand","embeddable":true,"href":"https:\/\/gretasexylingerie.com\/pt\/wp-json\/wp\/v2\/product_brand?post=43213"},{"taxonomy":"product_cat","embeddable":true,"href":"https:\/\/gretasexylingerie.com\/pt\/wp-json\/wp\/v2\/product_cat?post=43213"},{"taxonomy":"product_tag","embeddable":true,"href":"https:\/\/gretasexylingerie.com\/pt\/wp-json\/wp\/v2\/product_tag?post=43213"}],"curies":[{"name":"wp","href":"https:\/\/api.w.org\/{rel}","templated":true}]}}