{"id":43146,"date":"2023-06-30T22:21:23","date_gmt":"2023-06-30T14:21:23","guid":{"rendered":"https:\/\/gretasexylingerie.com\/?post_type=product&#038;p=43146"},"modified":"2024-04-04T14:37:58","modified_gmt":"2024-04-04T06:37:58","slug":"lindo-conjunto-de-sutia-e-calcinha-multicoloridos-com-cilios-e-renda","status":"publish","type":"product","link":"https:\/\/gretasexylingerie.com\/pt\/products\/gorgeous-multi-color-bra-panty-set-with-lashes-and-lace\/","title":{"rendered":"Lindo conjunto de calcinha de suti\u00e3 multicolorido por atacado com c\u00edlios e renda"},"content":{"rendered":"<ol class=\"wp-block-list\">\n<li>Detalhes requintados de renda: este conjunto de suti\u00e3 exala um apelo atemporal com intrincados detalhes de renda. Cada ponto \u00e9 trabalhado precisamente para criar um padr\u00e3o visualmente deslumbrante que adiciona luxo e sofistica\u00e7\u00e3o. Este lindo design \u00e9 uma personifica\u00e7\u00e3o da gra\u00e7a e eleg\u00e2ncia.<\/li>\n\n\n\n<li>Chic Lashes: Adicionando ao charme deste conjunto est\u00e3o os c\u00edlios delicados que trazem uma dimens\u00e3o textural \u00fanica. Eles adicionam um toque de flerte l\u00fadico que combina perfeitamente com a sofistica\u00e7\u00e3o da renda, tornando este conjunto uma combina\u00e7\u00e3o perfeita de estilo e extravag\u00e2ncia.<\/li>\n\n\n\n<li>Op\u00e7\u00f5es multicoloridas: a versatilidade de cores permite que voc\u00ea expresse seu estilo. Este conjunto est\u00e1 dispon\u00edvel em v\u00e1rias op\u00e7\u00f5es de cores para se adequar ao seu humor e personalidade. Se voc\u00ea prefere preto cl\u00e1ssico, vermelho sensual ou tons vibrantes, temos uma op\u00e7\u00e3o para cada prefer\u00eancia.<\/li>\n\n\n\n<li>Ajuste perfeito: nossa prioridade \u00e9 garantir que voc\u00ea se sinta t\u00e3o fabulosa quanto parece. Este conjunto de suti\u00e3 foi projetado para se ajustar confortavelmente e real\u00e7ar sua silhueta natural. Experimente a combina\u00e7\u00e3o perfeita de conforto e estilo com este conjunto.<\/li>\n\n\n\n<li>Adequado para ocasi\u00f5es especiais: este lindo conjunto de suti\u00e3 foi projetado para tornar as ocasi\u00f5es especiais mais memor\u00e1veis. \u00c9 perfeito para momentos em que voc\u00ea quer se sentir extraordin\u00e1rio e confiante.<\/li>\n<\/ol>\n\n\n\n<p>Concluindo, o Lindo Conjunto de Suti\u00e3 Multicolorido com C\u00edlios e Renda n\u00e3o \u00e9 apenas um conjunto de lingerie \u2013 \u00e9 uma celebra\u00e7\u00e3o de eleg\u00e2ncia, estilo e individualidade. Seu design bonito e ajuste confort\u00e1vel o tornam uma adi\u00e7\u00e3o obrigat\u00f3ria \u00e0 sua cole\u00e7\u00e3o.<\/p>\n\n\n\n<figure class=\"wp-block-table is-style-stripes\"><table class=\"has-fixed-layout\"><tbody><tr><td colspan=\"5\">Gr\u00e1fico do local (CM)<\/td><td><\/td><\/tr><tr><td>Tamanho<\/td><td>Busto Inferior<\/td><td>Comprimento<\/td><td>Linha da cintura<\/td><td>O comprimento das cal\u00e7as<\/td><td>Cintura<\/td><\/tr><tr><td>S<\/td><td>66<\/td><td>20.5<\/td><td>64<\/td><td>20<\/td><td>60<\/td><\/tr><tr><td>M<\/td><td>70<\/td><td>21.5<\/td><td>68<\/td><td>21<\/td><td>64<\/td><\/tr><tr><td>eu<\/td><td>62<\/td><td>22.5<\/td><td>72<\/td><td>22<\/td><td>68<\/td><\/tr><tr><td>Gr\u00e1fico do Local (POLEGADAS)<\/td><td><\/td><td><\/td><td><\/td><td><\/td><td><\/td><\/tr><tr><td>Tamanho<\/td><td>Busto Inferior<\/td><td>Comprimento<\/td><td>Linha da cintura<\/td><td>O comprimento das cal\u00e7as<\/td><td>Cintura<\/td><\/tr><tr><td>S<\/td><td>25.98<\/td><td>8.07<\/td><td>25.2<\/td><td>7.87<\/td><td>23.62<\/td><\/tr><tr><td>M<\/td><td>27.56<\/td><td>8.46<\/td><td>26.77<\/td><td>8.27<\/td><td>25.2<\/td><\/tr><tr><td>eu<\/td><td>24.41<\/td><td>8.86<\/td><td>28.35<\/td><td>8.66<\/td><td>26.77<\/td><\/tr><\/tbody><\/table><\/figure>","protected":false},"excerpt":{"rendered":"<p>Experimente eleg\u00e2ncia e estilo com nosso lindo conjunto de calcinhas multicoloridas. Adornado com c\u00edlios delicados e rendas intrincadas, este conjunto foi projetado para fazer voc\u00ea se sentir e parecer sensacional.<\/p>\n<p><iframe title=\"Lindo Conjunto de Suti\u00e3 Multicolorido com C\u00edlios e Renda\" src=\"https:\/\/www.youtube.com\/embed\/5zNwIBsI-Qk\" width=\"840\" height=\"630\" frameborder=\"0\" allowfullscreen=\"allowfullscreen\"><\/iframe><\/p>","protected":false},"featured_media":43190,"template":"","meta":[],"product_brand":[],"product_cat":[368,369],"product_tag":[868,448,454,522,516,446,447],"class_list":{"0":"post-43146","1":"product","2":"type-product","3":"status-publish","4":"has-post-thumbnail","6":"product_cat-bra-panty-set","7":"product_cat-wholesale-lace-bra-and-panty-sets","8":"product_tag-4-piece-lingerie-set","9":"product_tag-wholesale-elegant-sexy-lingerie","10":"product_tag-wholesale-sexy-embroidered-lingerie","11":"product_tag-eyelash-lingerie","12":"product_tag-lace-lingerie","13":"product_tag-wholesale-sexy-see-through-lingerie","14":"product_tag-wholesale-strappy-sexy-lingerie","15":"pa_color-black","16":"pa_color-blue-women-sexy-lingerie","17":"pa_color-fire-brick-women-sexy-lingerie","18":"pa_color-green","19":"pa_color-hot-pink-women-sexy-lingerie","20":"pa_color-purple-women-sexy-lingerie","21":"pa_color-red-women-sexy-lingerie","22":"pa_color-white","23":"pa_size-wholesale-large-size-women-sexy-lingerie","24":"pa_size-wholesale-medium-size-women-sexy-lingerie","25":"pa_size-wholesale-small-size-sexy-lingerie","27":"first","28":"instock","29":"taxable","30":"shipping-taxable","31":"purchasable","32":"product-type-variable"},"tiered_pricing_type":"fixed","tiered_pricing_fixed_rules":[],"tiered_pricing_product_settings":{"layout":"table","base_unit_name":{"singular":null,"plural":null},"default_variation":{}},"tiered_pricing_minimum_quantity":null,"tiered_pricing_roles_data":{"default_wholesaler":{"product_id":43146,"role":"default_wholesaler","pricing_type":"flat","regular_price":null,"sale_price":null,"discount":null,"discount_type":"sale_price","tiered_pricing_type":"fixed","percentage_rules":[],"fixed_rules":{"2":"10.89","30":"9.59","500":"8.69"},"minimum":null},"dropshippinger":{"product_id":43146,"role":"dropshippinger","pricing_type":"flat","regular_price":null,"sale_price":null,"discount":null,"discount_type":"sale_price","tiered_pricing_type":"fixed","percentage_rules":[],"fixed_rules":{"1":"12.69","5":"10.89","30":"8.69"},"minimum":null}},"tiered_pricing_percentage_rules":[],"tiered_pricing_maximum_quantity":null,"tiered_pricing_quantity_step":null,"_links":{"self":[{"href":"https:\/\/gretasexylingerie.com\/pt\/wp-json\/wp\/v2\/product\/43146","targetHints":{"allow":["GET"]}}],"collection":[{"href":"https:\/\/gretasexylingerie.com\/pt\/wp-json\/wp\/v2\/product"}],"about":[{"href":"https:\/\/gretasexylingerie.com\/pt\/wp-json\/wp\/v2\/types\/product"}],"wp:featuredmedia":[{"embeddable":true,"href":"https:\/\/gretasexylingerie.com\/pt\/wp-json\/wp\/v2\/media\/43190"}],"wp:attachment":[{"href":"https:\/\/gretasexylingerie.com\/pt\/wp-json\/wp\/v2\/media?parent=43146"}],"wp:term":[{"taxonomy":"product_brand","embeddable":true,"href":"https:\/\/gretasexylingerie.com\/pt\/wp-json\/wp\/v2\/product_brand?post=43146"},{"taxonomy":"product_cat","embeddable":true,"href":"https:\/\/gretasexylingerie.com\/pt\/wp-json\/wp\/v2\/product_cat?post=43146"},{"taxonomy":"product_tag","embeddable":true,"href":"https:\/\/gretasexylingerie.com\/pt\/wp-json\/wp\/v2\/product_tag?post=43146"}],"curies":[{"name":"wp","href":"https:\/\/api.w.org\/{rel}","templated":true}]}}