{"id":43060,"date":"2023-06-28T22:42:42","date_gmt":"2023-06-28T14:42:42","guid":{"rendered":"https:\/\/gretasexylingerie.com\/?post_type=product&#038;p=43060"},"modified":"2023-12-09T21:19:02","modified_gmt":"2023-12-09T13:19:02","slug":"conjunto-bustie-sexy-de-renda-floral-com-correntes-de-strass","status":"publish","type":"product","link":"https:\/\/gretasexylingerie.com\/pt\/products\/sexy-floral-lace-bustier-set-with-rhinestone-chains\/","title":{"rendered":"Conjunto de busti\u00ea de renda floral sexy por atacado com correntes de strass"},"content":{"rendered":"<ol class=\"wp-block-list\">\n<li>Renda floral requintada: nosso conjunto Bustier de renda floral apresenta detalhes intrincados, adicionando uma camada distinta de feminilidade e eleg\u00e2ncia. Este equil\u00edbrio de fasc\u00ednio e sofistica\u00e7\u00e3o vai fazer voc\u00ea se destacar, seja planejando uma noite especial ou apenas querendo se sentir extraordin\u00e1rio.<\/li>\n\n\n\n<li>Correntes de strass cintilantes: o que diferencia nosso Bustier s\u00e3o os conjuntos duplos de correntes de strass brilhantes. Eles elevam sem esfor\u00e7o o conjunto de lingerie de meramente bonito a incrivelmente glamoroso. Essas correntes delicadas captam a luz, adicionando uma camada de luxo ao seu visual que vai chamar a aten\u00e7\u00e3o.<\/li>\n\n\n\n<li>Design transparente: a natureza transparente e transparente deste conjunto de lingerie n\u00e3o \u00e9 apenas sobre o apelo - \u00e9 sobre confian\u00e7a. O design sedutor revela sutilmente, criando um ar de mist\u00e9rio e sofistica\u00e7\u00e3o que torna esta pe\u00e7a cativante de forma \u00fanica.<\/li>\n\n\n\n<li>La\u00e7o traseiro ajust\u00e1vel: O la\u00e7o traseiro ajust\u00e1vel n\u00e3o \u00e9 apenas um elemento de design - \u00e9 uma caracter\u00edstica que garante conforto e um ajuste perfeito. A flexibilidade que oferece garante que voc\u00ea tenha uma apar\u00eancia fant\u00e1stica e se sinta confort\u00e1vel e seguro. Voc\u00ea pode ajustar a gravata de acordo com sua prefer\u00eancia, tornando este conjunto t\u00e3o confort\u00e1vel quanto elegante.<\/li>\n\n\n\n<li>Ideal para ocasi\u00f5es especiais: com seus lindos detalhes e design elegante, este conjunto corpete n\u00e3o \u00e9 apenas mais uma adi\u00e7\u00e3o \u00e0 sua cole\u00e7\u00e3o de lingerie - \u00e9 uma pe\u00e7a de evento. A renda floral, as correntes de strass e o design transparente tornam este conjunto ideal para aqueles momentos especiais em que voc\u00ea quer ter a melhor apar\u00eancia poss\u00edvel.<\/li>\n\n\n\n<li>Materiais de alta qualidade: Feito com os melhores materiais, este conjunto Bustier fica bem e fica \u00f3timo na pele. A qualidade do tecido garante durabilidade e longevidade, tornando este local uma valiosa adi\u00e7\u00e3o \u00e0 sua cole\u00e7\u00e3o de lingerie.<\/li>\n<\/ol>\n\n\n\n<p>Concluindo, nosso conjunto de bustier de renda floral sexy com correntes de strass e gravata ajust\u00e1vel n\u00e3o \u00e9 apenas um conjunto de lingerie - \u00e9 uma express\u00e3o de sua confian\u00e7a, fasc\u00ednio e estilo impec\u00e1vel. Com seus elementos de design exclusivos e materiais de alta qualidade, \u00e9 a pe\u00e7a perfeita para tornar qualquer dia especial.<\/p>\n\n\n\n<figure class=\"wp-block-table is-style-stripes\"><table class=\"has-fixed-layout\"><tbody><tr><td colspan=\"5\">Gr\u00e1fico do local (CM)<\/td><\/tr><tr><td>Tamanho<\/td><td>Comprimento<\/td><td>Busto superior<\/td><td>Busto Inferior<\/td><td>Linha da cintura<\/td><\/tr><tr><td>S<\/td><td>40<\/td><td>66-88<\/td><td>64-96<\/td><td>64-96<\/td><\/tr><tr><td>M<\/td><td>41<\/td><td>70-92<\/td><td>68-100<\/td><td>68-100<\/td><\/tr><tr><td>eu<\/td><td>42<\/td><td>74-96<\/td><td>72-104<\/td><td>72-104<\/td><\/tr><tr><td colspan=\"5\">Gr\u00e1fico do Local (POLEGADAS)<\/td><\/tr><tr><td>Tamanho<\/td><td>Comprimento<\/td><td>Busto superior<\/td><td>Busto Inferior<\/td><td>linha da cintura<\/td><\/tr><tr><td>S<\/td><td>15.75<\/td><td>25.98-34.65<\/td><td>25.20-37.80<\/td><td>25.20-37.80<\/td><\/tr><tr><td>M<\/td><td>16.14<\/td><td>27.56-36.22<\/td><td>26.77-39.37<\/td><td>26.77-39.37<\/td><\/tr><tr><td>eu<\/td><td>16.54<\/td><td>29.13-37.80<\/td><td>28.35-40.94<\/td><td>28.35-40.94<\/td><\/tr><\/tbody><\/table><\/figure>","protected":false},"excerpt":{"rendered":"<p>Experimente o ep\u00edtome do luxo sedutor com nosso Conjunto de Bustier de Renda Floral Sexy. O design transparente e transparente do conjunto, adornado com duas correntes de strass e uma gravata flex\u00edvel nas costas, garante que voc\u00ea fique t\u00e3o fabulosa quanto voc\u00ea se sente.<\/p>","protected":false},"featured_media":43067,"template":"","meta":[],"product_brand":[],"product_cat":[387,389,367],"product_tag":[448,516,973,446,880,864,865,504],"class_list":{"0":"post-43060","1":"product","2":"type-product","3":"status-publish","4":"has-post-thumbnail","6":"product_cat-wholesale-bustier-bra-set","7":"product_cat-wholesale-lace-bustier","8":"product_cat-sexy-lingerie","9":"product_tag-wholesale-elegant-sexy-lingerie","10":"product_tag-lace-lingerie","11":"product_tag-oem","12":"product_tag-wholesale-sexy-see-through-lingerie","13":"product_tag-sexy-2-piece-lingerie","14":"product_tag-sexy-petite-lingerie","15":"product_tag-sexy-skimpy-lingerie","16":"product_tag-ultra-sexy","17":"pa_color-black","18":"pa_size-wholesale-large-size-women-sexy-lingerie","19":"pa_size-wholesale-medium-size-women-sexy-lingerie","20":"pa_size-wholesale-small-size-sexy-lingerie","22":"first","23":"outofstock","24":"taxable","25":"shipping-taxable","26":"purchasable","27":"product-type-variable"},"tiered_pricing_type":"fixed","tiered_pricing_fixed_rules":[],"tiered_pricing_product_settings":{"layout":"default","base_unit_name":{"singular":null,"plural":null},"default_variation":null},"tiered_pricing_minimum_quantity":null,"tiered_pricing_roles_data":{"default_wholesaler":{"product_id":43060,"role":"default_wholesaler","pricing_type":"flat","regular_price":null,"sale_price":null,"discount":null,"discount_type":"sale_price","tiered_pricing_type":"fixed","percentage_rules":[],"fixed_rules":{"2":"9.99","30":"8.49","500":"7.49"},"minimum":null},"dropshippinger":{"product_id":43060,"role":"dropshippinger","pricing_type":"flat","regular_price":null,"sale_price":null,"discount":null,"discount_type":"sale_price","tiered_pricing_type":"fixed","percentage_rules":[],"fixed_rules":{"1":"11.89","5":"9.99","30":"7.49"},"minimum":null}},"tiered_pricing_percentage_rules":[],"tiered_pricing_maximum_quantity":null,"tiered_pricing_quantity_step":null,"_links":{"self":[{"href":"https:\/\/gretasexylingerie.com\/pt\/wp-json\/wp\/v2\/product\/43060","targetHints":{"allow":["GET"]}}],"collection":[{"href":"https:\/\/gretasexylingerie.com\/pt\/wp-json\/wp\/v2\/product"}],"about":[{"href":"https:\/\/gretasexylingerie.com\/pt\/wp-json\/wp\/v2\/types\/product"}],"wp:featuredmedia":[{"embeddable":true,"href":"https:\/\/gretasexylingerie.com\/pt\/wp-json\/wp\/v2\/media\/43067"}],"wp:attachment":[{"href":"https:\/\/gretasexylingerie.com\/pt\/wp-json\/wp\/v2\/media?parent=43060"}],"wp:term":[{"taxonomy":"product_brand","embeddable":true,"href":"https:\/\/gretasexylingerie.com\/pt\/wp-json\/wp\/v2\/product_brand?post=43060"},{"taxonomy":"product_cat","embeddable":true,"href":"https:\/\/gretasexylingerie.com\/pt\/wp-json\/wp\/v2\/product_cat?post=43060"},{"taxonomy":"product_tag","embeddable":true,"href":"https:\/\/gretasexylingerie.com\/pt\/wp-json\/wp\/v2\/product_tag?post=43060"}],"curies":[{"name":"wp","href":"https:\/\/api.w.org\/{rel}","templated":true}]}}