{"id":43041,"date":"2023-06-27T22:28:54","date_gmt":"2023-06-27T14:28:54","guid":{"rendered":"https:\/\/gretasexylingerie.com\/?post_type=product&#038;p=43041"},"modified":"2024-01-17T22:27:30","modified_gmt":"2024-01-17T14:27:30","slug":"conjunto-de-sutia-e-calcinha-bordados-com-ondas-douradas-e-armacao-vermelha","status":"publish","type":"product","link":"https:\/\/gretasexylingerie.com\/pt\/products\/gold-wave-embroidered-bra-panty-set-with-red-frame\/","title":{"rendered":"Conjunto de suti\u00e3 e calcinha bordados em ondas douradas com moldura vermelha"},"content":{"rendered":"<ol class=\"wp-block-list\">\n<li>Luxuoso bordado dourado: o intrincado bordado dourado d\u00e1 um toque de luxo e requinte, fazendo com que este conjunto se destaque.<\/li>\n\n\n\n<li>Moldura vermelha vibrante: a moldura vermelha vibrante adiciona cor e contraste, aprimorando o apelo geral do design.<\/li>\n\n\n\n<li>Ador\u00e1veis mini la\u00e7os: Os mini la\u00e7os que adornam o suti\u00e3 e a calcinha d\u00e3o um toque l\u00fadico e sedutor ao conjunto.<\/li>\n\n\n\n<li>Pura Eleg\u00e2ncia: O material puro exala um fasc\u00ednio chique e irresist\u00edvel.<\/li>\n\n\n\n<li>Perfeito para Ocasi\u00f5es Especiais: Com suas caracter\u00edsticas atraentes e design sofisticado, este conjunto de suti\u00e3 e calcinha \u00e9 ideal para criar momentos inesquec\u00edveis.<\/li>\n<\/ol>\n\n\n\n<p>Concluindo, nosso conjunto de calcinha e suti\u00e3 bordado com onda dourada com arma\u00e7\u00e3o vermelha e mini la\u00e7os \u00e9 a mistura perfeita de eleg\u00e2ncia, conforto e estilo. \u00c9 um complemento essencial para qualquer cole\u00e7\u00e3o sofisticada de lingerie.<\/p>\n\n\n\n<figure class=\"wp-block-table is-style-stripes\"><table class=\"has-fixed-layout\"><tbody><tr><td colspan=\"5\">Gr\u00e1fico do local (CM)<\/td><\/tr><tr><td>Tamanho<\/td><td>Comprimento<\/td><td>Busto superior<\/td><td>Busto Inferior<\/td><td>Linha da cintura<\/td><\/tr><tr><td>S<\/td><td>23<\/td><td>70-88<\/td><td>68-88<\/td><td>68-96<\/td><\/tr><tr><td>M<\/td><td>24<\/td><td>74-92<\/td><td>72-92<\/td><td>72-100<\/td><\/tr><tr><td>eu<\/td><td>25<\/td><td>78-96<\/td><td>76-96<\/td><td>76-104<\/td><\/tr><tr><td colspan=\"5\">Gr\u00e1fico do Local (POLEGADAS)<\/td><\/tr><tr><td>Tamanho<\/td><td>Comprimento<\/td><td>Busto superior<\/td><td>Busto Inferior<\/td><td>linha da cintura<\/td><\/tr><tr><td>S<\/td><td>9.06<\/td><td>27.56-34.65<\/td><td>26.77-34.65<\/td><td>26.77-37.80<\/td><\/tr><tr><td>M<\/td><td>9.45<\/td><td>29.13-36.22<\/td><td>28.35-36.22<\/td><td>28.35-39.37<\/td><\/tr><tr><td>eu<\/td><td>9.84<\/td><td>30.71-37.80<\/td><td>29.92-37.80<\/td><td>29.92-40.94<\/td><\/tr><\/tbody><\/table><\/figure>","protected":false},"excerpt":{"rendered":"<p>Mergulhe no fasc\u00ednio do nosso conjunto de suti\u00e3 e calcinha bordado Gold Wave. Complementado por uma moldura vermelha cativante e mini-la\u00e7os ador\u00e1veis, este conjunto simboliza a sofistica\u00e7\u00e3o feminina.<\/p>\n<p>https:\/\/youtu.be\/-pjDyUZ_rbU<\/p>","protected":false},"featured_media":43052,"template":"","meta":[],"product_brand":[],"product_cat":[368,367,375],"product_tag":[448,518,973,453,864],"class_list":{"0":"post-43041","1":"product","2":"type-product","3":"status-publish","4":"has-post-thumbnail","6":"product_cat-bra-panty-set","7":"product_cat-sexy-lingerie","8":"product_cat-whoelsale-sheer-bra-and-panty-sets","9":"product_tag-wholesale-elegant-sexy-lingerie","10":"product_tag-mesh-lingerie","11":"product_tag-oem","12":"product_tag-wholesale-sexy-naughty-lingerie","13":"product_tag-sexy-petite-lingerie","14":"pa_color-yellow","15":"pa_size-wholesale-large-size-women-sexy-lingerie","16":"pa_size-wholesale-medium-size-women-sexy-lingerie","17":"pa_size-wholesale-small-size-sexy-lingerie","19":"first","20":"outofstock","21":"taxable","22":"shipping-taxable","23":"purchasable","24":"product-type-variable"},"tiered_pricing_type":"fixed","tiered_pricing_fixed_rules":[],"tiered_pricing_product_settings":{"layout":"default","base_unit_name":{"singular":null,"plural":null},"default_variation":{}},"tiered_pricing_minimum_quantity":null,"tiered_pricing_roles_data":{"default_wholesaler":{"product_id":43041,"role":"default_wholesaler","pricing_type":"flat","regular_price":null,"sale_price":null,"discount":null,"discount_type":"sale_price","tiered_pricing_type":"fixed","percentage_rules":[],"fixed_rules":{"2":"9.39","30":"8.09","500":"7.09"},"minimum":null},"dropshippinger":{"product_id":43041,"role":"dropshippinger","pricing_type":"flat","regular_price":null,"sale_price":null,"discount":null,"discount_type":"sale_price","tiered_pricing_type":"fixed","percentage_rules":[],"fixed_rules":{"1":"11.29","5":"9.39","30":"8.09"},"minimum":null}},"tiered_pricing_percentage_rules":[],"tiered_pricing_maximum_quantity":null,"tiered_pricing_quantity_step":null,"_links":{"self":[{"href":"https:\/\/gretasexylingerie.com\/pt\/wp-json\/wp\/v2\/product\/43041","targetHints":{"allow":["GET"]}}],"collection":[{"href":"https:\/\/gretasexylingerie.com\/pt\/wp-json\/wp\/v2\/product"}],"about":[{"href":"https:\/\/gretasexylingerie.com\/pt\/wp-json\/wp\/v2\/types\/product"}],"wp:featuredmedia":[{"embeddable":true,"href":"https:\/\/gretasexylingerie.com\/pt\/wp-json\/wp\/v2\/media\/43052"}],"wp:attachment":[{"href":"https:\/\/gretasexylingerie.com\/pt\/wp-json\/wp\/v2\/media?parent=43041"}],"wp:term":[{"taxonomy":"product_brand","embeddable":true,"href":"https:\/\/gretasexylingerie.com\/pt\/wp-json\/wp\/v2\/product_brand?post=43041"},{"taxonomy":"product_cat","embeddable":true,"href":"https:\/\/gretasexylingerie.com\/pt\/wp-json\/wp\/v2\/product_cat?post=43041"},{"taxonomy":"product_tag","embeddable":true,"href":"https:\/\/gretasexylingerie.com\/pt\/wp-json\/wp\/v2\/product_tag?post=43041"}],"curies":[{"name":"wp","href":"https:\/\/api.w.org\/{rel}","templated":true}]}}