{"id":43021,"date":"2023-06-27T21:31:57","date_gmt":"2023-06-27T13:31:57","guid":{"rendered":"https:\/\/gretasexylingerie.com\/?post_type=product&#038;p=43021"},"modified":"2023-12-09T19:26:50","modified_gmt":"2023-12-09T11:26:50","slug":"conjunto-de-calcinha-e-sutia-transparente-com-cinto-trancado-de-tres-camadas","status":"publish","type":"product","link":"https:\/\/gretasexylingerie.com\/pt\/products\/see-through-bra-panty-set-with-triple-layered-woven-belt\/","title":{"rendered":"Conjunto de suti\u00e3 e calcinha transparente no atacado com cinto de tecido de tr\u00eas camadas"},"content":{"rendered":"<ol class=\"wp-block-list\">\n<li>Design arrojado: o ousado tecido de malha oca e transparente traz um elemento de intriga e ousadia \u00e0 sua cole\u00e7\u00e3o de lingerie.<\/li>\n\n\n\n<li>Cinto Tecido Exclusivo: O cinto, composto por tr\u00eas camadas de tiras de bolso largas, acrescenta um toque distinto a este conjunto deslumbrante.<\/li>\n\n\n\n<li>Anel de Metal Central: O grande anel de metal no centro do cinto adiciona um toque moderno ao design geral, real\u00e7ando a est\u00e9tica arrojada do conjunto.<\/li>\n\n\n\n<li>Conforto e Estilo: Feito pensando no seu conforto, este conjunto n\u00e3o abre m\u00e3o do estilo, garantindo que voc\u00ea se sinta confiante e confort\u00e1vel.<\/li>\n\n\n\n<li>Ideal para todas as ocasi\u00f5es: este conjunto \u00e9 vers\u00e1til e chique, perfeito para ocasi\u00f5es especiais ou para elevar sua cole\u00e7\u00e3o di\u00e1ria de lingerie.<\/li>\n<\/ol>\n\n\n\n<p>Em conclus\u00e3o, nosso conjunto de suti\u00e3 e calcinha transparente com cinto de tr\u00eas camadas e anel de metal central equilibra perfeitamente design arrojado e conforto. Seus elementos \u00fanicos garantem que ela se destaque em qualquer cole\u00e7\u00e3o de lingerie.<\/p>\n\n\n\n<figure class=\"wp-block-table is-style-stripes\"><table class=\"has-fixed-layout\"><tbody><tr><td colspan=\"5\">Gr\u00e1fico do local (CM)<\/td><\/tr><tr><td>Tamanho<\/td><td>Comprimento<\/td><td>Busto superior<\/td><td>Busto Inferior<\/td><td>Linha da cintura<\/td><\/tr><tr><td>S<\/td><td>31<\/td><td>68-88<\/td><td>66-88<\/td><td>66-92<\/td><\/tr><tr><td>M<\/td><td>32<\/td><td>72-92<\/td><td>70-92<\/td><td>70-96<\/td><\/tr><tr><td>eu<\/td><td>33<\/td><td>76-96<\/td><td>74-96<\/td><td>74-100<\/td><\/tr><tr><td colspan=\"5\">Gr\u00e1fico do Local (POLEGADAS)<\/td><\/tr><tr><td>Tamanho<\/td><td>Comprimento<\/td><td>Busto superior<\/td><td>Busto Inferior<\/td><td>linha da cintura<\/td><\/tr><tr><td>S<\/td><td>12.2<\/td><td>26.77-34.65<\/td><td>25.98-34.65<\/td><td>25.98-36.22<\/td><\/tr><tr><td>M<\/td><td>12.6<\/td><td>28.35-36.22<\/td><td>27.56-36.22<\/td><td>27.56-37.80<\/td><\/tr><tr><td>eu<\/td><td>12.99<\/td><td>29.92-37.80<\/td><td>29.13-37.80<\/td><td>29.13-39.37<\/td><\/tr><\/tbody><\/table><\/figure>","protected":false},"excerpt":{"rendered":"<p>Abrace o ousado e bonito com nosso conjunto de suti\u00e3 e calcinha transparente. Apresentando tecido de malha oca e um cinto exclusivo de tr\u00eas camadas com um anel de metal central, este conjunto \u00e9 uma declara\u00e7\u00e3o de eleg\u00e2ncia ousada.<\/p>\n<p>https:\/\/youtu.be\/zAh9j_P9vgg<\/p>","protected":false},"featured_media":43037,"template":"","meta":[],"product_brand":[],"product_cat":[368,367,375],"product_tag":[507,861,518,973,446,447],"class_list":{"0":"post-43021","1":"product","2":"type-product","3":"status-publish","4":"has-post-thumbnail","6":"product_cat-bra-panty-set","7":"product_cat-sexy-lingerie","8":"product_cat-whoelsale-sheer-bra-and-panty-sets","9":"product_tag-three-pcs-set","10":"product_tag-brunette-lingerie","11":"product_tag-mesh-lingerie","12":"product_tag-oem","13":"product_tag-wholesale-sexy-see-through-lingerie","14":"product_tag-wholesale-strappy-sexy-lingerie","15":"pa_color-black","16":"pa_size-wholesale-large-size-women-sexy-lingerie","17":"pa_size-wholesale-medium-size-women-sexy-lingerie","18":"pa_size-wholesale-small-size-sexy-lingerie","20":"first","21":"outofstock","22":"taxable","23":"shipping-taxable","24":"purchasable","25":"product-type-variable"},"tiered_pricing_type":"fixed","tiered_pricing_fixed_rules":[],"tiered_pricing_product_settings":{"layout":"default","base_unit_name":{"singular":null,"plural":null},"default_variation":{}},"tiered_pricing_minimum_quantity":null,"tiered_pricing_roles_data":{"default_wholesaler":{"product_id":43021,"role":"default_wholesaler","pricing_type":"flat","regular_price":null,"sale_price":null,"discount":null,"discount_type":"sale_price","tiered_pricing_type":"fixed","percentage_rules":[],"fixed_rules":{"2":"9.39","30":"8.09","500":"7.09"},"minimum":null},"dropshippinger":{"product_id":43021,"role":"dropshippinger","pricing_type":"flat","regular_price":null,"sale_price":null,"discount":null,"discount_type":"sale_price","tiered_pricing_type":"fixed","percentage_rules":[],"fixed_rules":{"1":"11.29","5":"9.39","30":"8.09"},"minimum":null}},"tiered_pricing_percentage_rules":[],"tiered_pricing_maximum_quantity":null,"tiered_pricing_quantity_step":null,"_links":{"self":[{"href":"https:\/\/gretasexylingerie.com\/pt\/wp-json\/wp\/v2\/product\/43021","targetHints":{"allow":["GET"]}}],"collection":[{"href":"https:\/\/gretasexylingerie.com\/pt\/wp-json\/wp\/v2\/product"}],"about":[{"href":"https:\/\/gretasexylingerie.com\/pt\/wp-json\/wp\/v2\/types\/product"}],"wp:featuredmedia":[{"embeddable":true,"href":"https:\/\/gretasexylingerie.com\/pt\/wp-json\/wp\/v2\/media\/43037"}],"wp:attachment":[{"href":"https:\/\/gretasexylingerie.com\/pt\/wp-json\/wp\/v2\/media?parent=43021"}],"wp:term":[{"taxonomy":"product_brand","embeddable":true,"href":"https:\/\/gretasexylingerie.com\/pt\/wp-json\/wp\/v2\/product_brand?post=43021"},{"taxonomy":"product_cat","embeddable":true,"href":"https:\/\/gretasexylingerie.com\/pt\/wp-json\/wp\/v2\/product_cat?post=43021"},{"taxonomy":"product_tag","embeddable":true,"href":"https:\/\/gretasexylingerie.com\/pt\/wp-json\/wp\/v2\/product_tag?post=43021"}],"curies":[{"name":"wp","href":"https:\/\/api.w.org\/{rel}","templated":true}]}}