{"id":42991,"date":"2023-06-27T21:06:27","date_gmt":"2023-06-27T13:06:27","guid":{"rendered":"https:\/\/gretasexylingerie.com\/?post_type=product&#038;p=42991"},"modified":"2024-04-04T13:57:25","modified_gmt":"2024-04-04T05:57:25","slug":"conjunto-de-sutia-decote-halter-bordado-com-fivela-de-coracao-de-diamante","status":"publish","type":"product","link":"https:\/\/gretasexylingerie.com\/pt\/products\/embroidered-halterneck-bra-set-with-diamond-heart-buckle\/","title":{"rendered":"Conjunto de suti\u00e3 de gola alta bordado com fivela de cora\u00e7\u00e3o de diamante"},"content":{"rendered":"<ol class=\"wp-block-list\">\n<li>Bordado deslumbrante: o lindo bordado adiciona um toque de charme feminino, tornando este conjunto de suti\u00e3 uma pe\u00e7a de destaque.<\/li>\n\n\n\n<li>Estilo Halterneck: O design halterneck garante um ajuste perfeito ao adicionar um elemento de eleg\u00e2ncia cl\u00e1ssica ao conjunto.<\/li>\n\n\n\n<li>Fivela de cora\u00e7\u00e3o de diamante deslumbrante: a fivela de cora\u00e7\u00e3o de diamante adiciona um brilho de glamour, garantindo que voc\u00ea se sinta luxuoso.<\/li>\n\n\n\n<li>Design de recorte sedutor: O design de recorte atraente adiciona um elemento de surpresa e drama a este conjunto deslumbrante.<\/li>\n\n\n\n<li>Perfeito para criar momentos memor\u00e1veis: com seus recursos atraentes e design sofisticado, este conjunto de suti\u00e3 \u00e9 ideal para ocasi\u00f5es especiais.<\/li>\n<\/ol>\n\n\n\n<p>Concluindo, nosso conjunto de suti\u00e3 de gola alta bordado com fivela de cora\u00e7\u00e3o de diamante e design recortado combina perfeitamente o fasc\u00ednio, o conforto e o estilo chique. \u00c9 um must-have para qualquer cole\u00e7\u00e3o de lingerie.<\/p>\n\n\n\n<figure class=\"wp-block-table is-style-stripes\"><table class=\"has-fixed-layout\"><tbody><tr><td colspan=\"5\">Gr\u00e1fico do local (CM)<\/td><\/tr><tr><td>Tamanho<\/td><td>Comprimento<\/td><td>Busto superior<\/td><td>Busto Inferior<\/td><td>Linha da cintura<\/td><\/tr><tr><td>S<\/td><td>20<\/td><td>68-88<\/td><td>66-88<\/td><td>66-92<\/td><\/tr><tr><td>M<\/td><td>21<\/td><td>72-92<\/td><td>70-92<\/td><td>70-96<\/td><\/tr><tr><td>eu<\/td><td>22<\/td><td>76-96<\/td><td>74-96<\/td><td>74-100<\/td><\/tr><tr><td colspan=\"5\">Gr\u00e1fico do Local (POLEGADAS)<\/td><\/tr><tr><td>Tamanho<\/td><td>Comprimento<\/td><td>Busto superior<\/td><td>Busto Inferior<\/td><td>linha da cintura<\/td><\/tr><tr><td>S<\/td><td>7.87<\/td><td>26.77-34.65<\/td><td>25.98-34.65<\/td><td>25.98-36.22<\/td><\/tr><tr><td>M<\/td><td>8.27<\/td><td>28.35-36.22<\/td><td>27.56-36.22<\/td><td>27.56-37.80<\/td><\/tr><tr><td>eu<\/td><td>8.66<\/td><td>29.92-37.80<\/td><td>29.13-37.80<\/td><td>29.13-39.37<\/td><\/tr><\/tbody><\/table><\/figure>","protected":false},"excerpt":{"rendered":"<p>Entre em um mundo de estilo chique com nosso conjunto de suti\u00e3 bordado. Adornado com uma fivela de cora\u00e7\u00e3o de diamante e um design de recorte cativante, este conjunto \u00e9 uma mistura ideal de fasc\u00ednio e sofistica\u00e7\u00e3o.<\/p>","protected":false},"featured_media":43009,"template":"","meta":[],"product_brand":[],"product_cat":[368,367,375],"product_tag":[507,452,528,524,453,864],"class_list":{"0":"post-42991","1":"product","2":"type-product","3":"status-publish","4":"has-post-thumbnail","6":"product_cat-bra-panty-set","7":"product_cat-sexy-lingerie","8":"product_cat-whoelsale-sheer-bra-and-panty-sets","9":"product_tag-three-pcs-set","10":"product_tag-wholesale-boudoir-lingerie","11":"product_tag-halter-lingerie","12":"product_tag-metal-lingerie","13":"product_tag-wholesale-sexy-naughty-lingerie","14":"product_tag-sexy-petite-lingerie","15":"pa_color-black","16":"pa_color-pink-women-sexy-lingerie","17":"pa_color-red-women-sexy-lingerie","18":"pa_size-wholesale-large-size-women-sexy-lingerie","19":"pa_size-wholesale-medium-size-women-sexy-lingerie","20":"pa_size-wholesale-small-size-sexy-lingerie","22":"first","23":"instock","24":"taxable","25":"shipping-taxable","26":"purchasable","27":"product-type-variable"},"tiered_pricing_type":"fixed","tiered_pricing_fixed_rules":[],"tiered_pricing_product_settings":{"layout":"table","base_unit_name":{"singular":null,"plural":null},"default_variation":null},"tiered_pricing_minimum_quantity":null,"tiered_pricing_roles_data":{"default_wholesaler":{"product_id":42991,"role":"default_wholesaler","pricing_type":"flat","regular_price":null,"sale_price":null,"discount":null,"discount_type":"sale_price","tiered_pricing_type":"fixed","percentage_rules":[],"fixed_rules":{"2":"12.29","30":"10.49","500":"9.19"},"minimum":null},"dropshippinger":{"product_id":42991,"role":"dropshippinger","pricing_type":"flat","regular_price":null,"sale_price":null,"discount":null,"discount_type":"sale_price","tiered_pricing_type":"fixed","percentage_rules":[],"fixed_rules":{"1":"14.69","5":"12.29","30":"10.49"},"minimum":null}},"tiered_pricing_percentage_rules":[],"tiered_pricing_maximum_quantity":null,"tiered_pricing_quantity_step":null,"_links":{"self":[{"href":"https:\/\/gretasexylingerie.com\/pt\/wp-json\/wp\/v2\/product\/42991","targetHints":{"allow":["GET"]}}],"collection":[{"href":"https:\/\/gretasexylingerie.com\/pt\/wp-json\/wp\/v2\/product"}],"about":[{"href":"https:\/\/gretasexylingerie.com\/pt\/wp-json\/wp\/v2\/types\/product"}],"wp:featuredmedia":[{"embeddable":true,"href":"https:\/\/gretasexylingerie.com\/pt\/wp-json\/wp\/v2\/media\/43009"}],"wp:attachment":[{"href":"https:\/\/gretasexylingerie.com\/pt\/wp-json\/wp\/v2\/media?parent=42991"}],"wp:term":[{"taxonomy":"product_brand","embeddable":true,"href":"https:\/\/gretasexylingerie.com\/pt\/wp-json\/wp\/v2\/product_brand?post=42991"},{"taxonomy":"product_cat","embeddable":true,"href":"https:\/\/gretasexylingerie.com\/pt\/wp-json\/wp\/v2\/product_cat?post=42991"},{"taxonomy":"product_tag","embeddable":true,"href":"https:\/\/gretasexylingerie.com\/pt\/wp-json\/wp\/v2\/product_tag?post=42991"}],"curies":[{"name":"wp","href":"https:\/\/api.w.org\/{rel}","templated":true}]}}