{"id":42975,"date":"2023-06-26T23:08:22","date_gmt":"2023-06-26T15:08:22","guid":{"rendered":"https:\/\/gretasexylingerie.com\/?post_type=product&#038;p=42975"},"modified":"2023-12-09T19:25:13","modified_gmt":"2023-12-09T11:25:13","slug":"conjunto-de-sutia-de-renda-azul-transparente-com-alcas-trancadas-em-ouro","status":"publish","type":"product","link":"https:\/\/gretasexylingerie.com\/pt\/products\/sheer-blue-lace-bra-set-with-gold-braided-straps\/","title":{"rendered":"Conjunto de suti\u00e3 de renda azul transparente por atacado com al\u00e7as tran\u00e7adas douradas"},"content":{"rendered":"<ol class=\"wp-block-list\">\n<li>Design luxuoso: A renda pura, combinada com as tiras douradas tran\u00e7adas, exala uma sensa\u00e7\u00e3o luxuosa, tornando este conjunto uma adi\u00e7\u00e3o encantadora \u00e0 sua cole\u00e7\u00e3o de lingerie.<\/li>\n\n\n\n<li>Cor cativante: a sedutora tonalidade azul deste conjunto adiciona uma camada extra de sofistica\u00e7\u00e3o e charme ao design geral.<\/li>\n\n\n\n<li>Bandas de tr\u00eas camadas exclusivas: o design inovador da cintura de tr\u00eas camadas n\u00e3o \u00e9 apenas elegante, mas tamb\u00e9m garante um ajuste confort\u00e1vel e confort\u00e1vel.<\/li>\n\n\n\n<li>Sexy Leg Ring: O anel de perna inclu\u00eddo eleva a sensualidade do conjunto, prometendo uma experi\u00eancia de lingerie \u00fanica e ousada.<\/li>\n\n\n\n<li>Perfeito para ocasi\u00f5es especiais: Com seus recursos premium e aten\u00e7\u00e3o aos detalhes, este conjunto \u00e9 a escolha ideal para criar momentos memor\u00e1veis.ideal<\/li>\n<\/ol>\n\n\n\n<p>Em conclus\u00e3o, nosso conjunto de suti\u00e3 de renda azul transparente com al\u00e7as tran\u00e7adas douradas e faixas de tr\u00eas camadas \u00e9 uma fus\u00e3o perfeita de eleg\u00e2ncia, conforto e estilo. Seus elementos distintos e design luxuoso o tornam a escolha ideal para quem procura elevar seu jogo de lingerie.<\/p>\n\n\n\n<figure class=\"wp-block-table is-style-stripes\"><table class=\"has-fixed-layout\"><tbody><tr><td colspan=\"5\">Gr\u00e1fico do local (CM)<\/td><\/tr><tr><td>Tamanho<\/td><td>Comprimento<\/td><td>Busto superior<\/td><td>Busto Inferior<\/td><td>Linha da cintura<\/td><\/tr><tr><td>S<\/td><td>21<\/td><td>68-88<\/td><td>67-88<\/td><td>68-96<\/td><\/tr><tr><td>M<\/td><td>22<\/td><td>72-92<\/td><td>71-92<\/td><td>72-100<\/td><\/tr><tr><td>eu<\/td><td>23<\/td><td>76-96<\/td><td>75-96<\/td><td>76-104<\/td><\/tr><tr><td colspan=\"5\">Gr\u00e1fico do Local (POLEGADAS)<\/td><\/tr><tr><td>Tamanho<\/td><td>Comprimento<\/td><td>Busto superior<\/td><td>Busto Inferior<\/td><td>linha da cintura<\/td><\/tr><tr><td>S<\/td><td>8.27<\/td><td>26.77-34.65<\/td><td>26.38-34.65<\/td><td>26.77-37.80<\/td><\/tr><tr><td>M<\/td><td>8.66<\/td><td>28.35-36.22<\/td><td>27.95-36.22<\/td><td>28.35-39.37<\/td><\/tr><tr><td>eu<\/td><td>9.06<\/td><td>29.92-37.80<\/td><td>29.53-37.80<\/td><td>29.92-40.94<\/td><\/tr><\/tbody><\/table><\/figure>","protected":false},"excerpt":{"rendered":"<p>Descubra uma mistura perfeita de eleg\u00e2ncia e estilo com nosso conjunto de suti\u00e3 de renda azul transl\u00facido. Detalhado com al\u00e7as tran\u00e7adas douradas, um c\u00f3s de tr\u00eas camadas e um anel de perna, este conjunto redefine o luxo em lingerie.<\/p>","protected":false},"featured_media":42985,"template":"","meta":[],"product_brand":[],"product_cat":[368,369,367],"product_tag":[507,516,973,446,453,864,865],"class_list":{"0":"post-42975","1":"product","2":"type-product","3":"status-publish","4":"has-post-thumbnail","6":"product_cat-bra-panty-set","7":"product_cat-wholesale-lace-bra-and-panty-sets","8":"product_cat-sexy-lingerie","9":"product_tag-three-pcs-set","10":"product_tag-lace-lingerie","11":"product_tag-oem","12":"product_tag-wholesale-sexy-see-through-lingerie","13":"product_tag-wholesale-sexy-naughty-lingerie","14":"product_tag-sexy-petite-lingerie","15":"product_tag-sexy-skimpy-lingerie","16":"pa_color-light-blue-women-sexy-lingerie","17":"pa_size-wholesale-large-size-women-sexy-lingerie","18":"pa_size-wholesale-medium-size-women-sexy-lingerie","19":"pa_size-wholesale-small-size-sexy-lingerie","21":"first","22":"outofstock","23":"taxable","24":"shipping-taxable","25":"purchasable","26":"product-type-variable"},"tiered_pricing_type":"fixed","tiered_pricing_fixed_rules":[],"tiered_pricing_product_settings":{"layout":"default","base_unit_name":{"singular":null,"plural":null},"default_variation":null},"tiered_pricing_minimum_quantity":null,"tiered_pricing_roles_data":{"default_wholesaler":{"product_id":42975,"role":"default_wholesaler","pricing_type":"flat","regular_price":null,"sale_price":null,"discount":null,"discount_type":"sale_price","tiered_pricing_type":"fixed","percentage_rules":[],"fixed_rules":{"2":"9.99","30":"8.49","500":"7.49"},"minimum":null},"dropshippinger":{"product_id":42975,"role":"dropshippinger","pricing_type":"flat","regular_price":null,"sale_price":null,"discount":null,"discount_type":"sale_price","tiered_pricing_type":"fixed","percentage_rules":[],"fixed_rules":{"1":"11.89","5":"9.99","30":"8.49"},"minimum":null}},"tiered_pricing_percentage_rules":[],"tiered_pricing_maximum_quantity":null,"tiered_pricing_quantity_step":null,"_links":{"self":[{"href":"https:\/\/gretasexylingerie.com\/pt\/wp-json\/wp\/v2\/product\/42975","targetHints":{"allow":["GET"]}}],"collection":[{"href":"https:\/\/gretasexylingerie.com\/pt\/wp-json\/wp\/v2\/product"}],"about":[{"href":"https:\/\/gretasexylingerie.com\/pt\/wp-json\/wp\/v2\/types\/product"}],"wp:featuredmedia":[{"embeddable":true,"href":"https:\/\/gretasexylingerie.com\/pt\/wp-json\/wp\/v2\/media\/42985"}],"wp:attachment":[{"href":"https:\/\/gretasexylingerie.com\/pt\/wp-json\/wp\/v2\/media?parent=42975"}],"wp:term":[{"taxonomy":"product_brand","embeddable":true,"href":"https:\/\/gretasexylingerie.com\/pt\/wp-json\/wp\/v2\/product_brand?post=42975"},{"taxonomy":"product_cat","embeddable":true,"href":"https:\/\/gretasexylingerie.com\/pt\/wp-json\/wp\/v2\/product_cat?post=42975"},{"taxonomy":"product_tag","embeddable":true,"href":"https:\/\/gretasexylingerie.com\/pt\/wp-json\/wp\/v2\/product_tag?post=42975"}],"curies":[{"name":"wp","href":"https:\/\/api.w.org\/{rel}","templated":true}]}}