{"id":42940,"date":"2023-06-26T21:55:33","date_gmt":"2023-06-26T13:55:33","guid":{"rendered":"https:\/\/gretasexylingerie.com\/?post_type=product&#038;p=42940"},"modified":"2023-09-05T20:56:27","modified_gmt":"2023-09-05T12:56:27","slug":"body-de-malha-com-um-ombro-so-e-manga-longa","status":"publish","type":"product","link":"https:\/\/gretasexylingerie.com\/pt\/products\/one-shoulder-mesh-bodysuit-with-long-sleeve\/","title":{"rendered":"Body de malha ombro \u00fanico com manga comprida"},"content":{"rendered":"<ol class=\"wp-block-list\">\n<li>Estilo Contempor\u00e2neo: O design de um ombro d\u00e1 um toque moderno ao body tradicional, oferecendo um apelo est\u00e9tico \u00fanico.<\/li>\n\n\n\n<li>Transpar\u00eancia sedutora: o material de malha transparente oferece uma borda atraente, oferecendo a provoca\u00e7\u00e3o adequada.<\/li>\n\n\n\n<li>Manga longa \u00fanica: a manga longa \u00fanica adiciona um toque de eleg\u00e2ncia e torna este body vers\u00e1til para uso interno e externo.<\/li>\n\n\n\n<li>Design de tanga sexy: o design de tanga na virilha adiciona um elemento escaldante ao body, garantindo que voc\u00ea pare\u00e7a e se sinta irresist\u00edvel.<\/li>\n\n\n\n<li>Perfeito para v\u00e1rias ocasi\u00f5es: seja um caso privado ou uma noite fora, este body sexy tem tudo o que voc\u00ea precisa.<\/li>\n<\/ol>\n\n\n\n<p>Em conclus\u00e3o, nosso body de malha de um ombro com design de manga longa e tanga \u00e9 a mistura perfeita de estilo contempor\u00e2neo e sedu\u00e7\u00e3o cl\u00e1ssica. Suas caracter\u00edsticas \u00fanicas e versatilidade o tornam uma escolha irresist\u00edvel para diversas ocasi\u00f5es.<\/p>\n\n\n\n<figure class=\"wp-block-table is-style-stripes\"><table class=\"has-fixed-layout\"><tbody><tr><td colspan=\"5\">Gr\u00e1fico do local (CM)<\/td><\/tr><tr><td>Tamanho<\/td><td>Comprimento<\/td><td>Busto superior<\/td><td>Busto Inferior<\/td><td>Linha da cintura<\/td><\/tr><tr><td>S<\/td><td>65<\/td><td>62-88<\/td><td>60-88<\/td><td>60-96<\/td><\/tr><tr><td>M<\/td><td>66<\/td><td>66-92<\/td><td>64-92<\/td><td>64-100<\/td><\/tr><tr><td>eu<\/td><td>67<\/td><td>70-96<\/td><td>68-96<\/td><td>68-104<\/td><\/tr><tr><td colspan=\"5\">Gr\u00e1fico do Local (POLEGADAS)<\/td><\/tr><tr><td>Tamanho<\/td><td>Comprimento<\/td><td>Busto superior<\/td><td>Busto Inferior<\/td><td>linha da cintura<\/td><\/tr><tr><td>S<\/td><td>25.59<\/td><td>24.41-34.65<\/td><td>23.62-34.65<\/td><td>23.62-37.80<\/td><\/tr><tr><td>M<\/td><td>25.98<\/td><td>25.98-36.22<\/td><td>25.20-36.22<\/td><td>25.20-39.37<\/td><\/tr><tr><td>eu<\/td><td>26.38<\/td><td>27.56-37.80<\/td><td>26.77-37.80<\/td><td>26.77-40.94<\/td><\/tr><\/tbody><\/table><\/figure>","protected":false},"excerpt":{"rendered":"<p>Nosso body de malha de um ombro d\u00e1 um toque moderno \u00e0 lingerie cl\u00e1ssica. Esta pe\u00e7a transparente, completa com manga longa de um lado e um corte sexy tanga, oferece uma mistura \u00fanica de sedu\u00e7\u00e3o e sofistica\u00e7\u00e3o.<\/p>","protected":false},"featured_media":42949,"template":"","meta":[],"product_brand":[],"product_cat":[370,367,372,373],"product_tag":[452,518,446,864,863],"class_list":{"0":"post-42940","1":"product","2":"type-product","3":"status-publish","4":"has-post-thumbnail","6":"product_cat-bodysuit","7":"product_cat-sexy-lingerie","8":"product_cat-wholesale-sexy-long-sleeve-bodysuit","9":"product_cat-wholesale-sexy-mesh-bodysuit","10":"product_tag-wholesale-boudoir-lingerie","11":"product_tag-mesh-lingerie","12":"product_tag-wholesale-sexy-see-through-lingerie","13":"product_tag-sexy-petite-lingerie","14":"product_tag-sexy-thong-lingerie","15":"pa_color-black","16":"pa_size-wholesale-large-size-women-sexy-lingerie","17":"pa_size-wholesale-medium-size-women-sexy-lingerie","18":"pa_size-wholesale-small-size-sexy-lingerie","20":"first","21":"instock","22":"taxable","23":"shipping-taxable","24":"purchasable","25":"product-type-variable"},"tiered_pricing_type":"fixed","tiered_pricing_fixed_rules":[],"tiered_pricing_product_settings":{"layout":"default","base_unit_name":{"singular":null,"plural":null},"default_variation":null},"tiered_pricing_minimum_quantity":null,"tiered_pricing_roles_data":{"default_wholesaler":{"product_id":42940,"role":"default_wholesaler","pricing_type":"flat","regular_price":null,"sale_price":null,"discount":null,"discount_type":"sale_price","tiered_pricing_type":"fixed","percentage_rules":[],"fixed_rules":{"2":"8.39","30":"7.19","500":"6.29"},"minimum":null},"dropshippinger":{"product_id":42940,"role":"dropshippinger","pricing_type":"flat","regular_price":null,"sale_price":null,"discount":null,"discount_type":"sale_price","tiered_pricing_type":"fixed","percentage_rules":[],"fixed_rules":{"1":"9.99","5":"8.35","30":"7.19"},"minimum":null}},"tiered_pricing_percentage_rules":[],"tiered_pricing_maximum_quantity":null,"tiered_pricing_quantity_step":null,"_links":{"self":[{"href":"https:\/\/gretasexylingerie.com\/pt\/wp-json\/wp\/v2\/product\/42940","targetHints":{"allow":["GET"]}}],"collection":[{"href":"https:\/\/gretasexylingerie.com\/pt\/wp-json\/wp\/v2\/product"}],"about":[{"href":"https:\/\/gretasexylingerie.com\/pt\/wp-json\/wp\/v2\/types\/product"}],"wp:featuredmedia":[{"embeddable":true,"href":"https:\/\/gretasexylingerie.com\/pt\/wp-json\/wp\/v2\/media\/42949"}],"wp:attachment":[{"href":"https:\/\/gretasexylingerie.com\/pt\/wp-json\/wp\/v2\/media?parent=42940"}],"wp:term":[{"taxonomy":"product_brand","embeddable":true,"href":"https:\/\/gretasexylingerie.com\/pt\/wp-json\/wp\/v2\/product_brand?post=42940"},{"taxonomy":"product_cat","embeddable":true,"href":"https:\/\/gretasexylingerie.com\/pt\/wp-json\/wp\/v2\/product_cat?post=42940"},{"taxonomy":"product_tag","embeddable":true,"href":"https:\/\/gretasexylingerie.com\/pt\/wp-json\/wp\/v2\/product_tag?post=42940"}],"curies":[{"name":"wp","href":"https:\/\/api.w.org\/{rel}","templated":true}]}}