{"id":42923,"date":"2023-06-26T21:28:12","date_gmt":"2023-06-26T13:28:12","guid":{"rendered":"https:\/\/gretasexylingerie.com\/?post_type=product&#038;p=42923"},"modified":"2023-09-05T20:56:24","modified_gmt":"2023-09-05T12:56:24","slug":"body-preto-de-malha-com-costas-abertas","status":"publish","type":"product","link":"https:\/\/gretasexylingerie.com\/pt\/products\/black-mesh-bodysuit-with-open-back\/","title":{"rendered":"Body de malha preto com abertura nas costas"},"content":{"rendered":"<ol class=\"wp-block-list\">\n<li>Design ousado: a natureza transparente deste body de malha preta adiciona um toque aventureiro \u00e0 sua cole\u00e7\u00e3o de lingerie.<\/li>\n\n\n\n<li>Recurso aberto nas costas: o design aberto nas costas adiciona uma pitada de drama e mant\u00e9m voc\u00ea fresco, tornando-o perfeito para aquelas noites especiais.<\/li>\n\n\n\n<li>Suporte Estrat\u00e9gico para o Peito: O body possui al\u00e7as \u00fanicas que apertam o peito, garantindo um ajuste agrad\u00e1vel ao adicionar um elemento de estilo extra.<\/li>\n\n\n\n<li>Conforto Ideal: Este body \u00e9 feito com malha respir\u00e1vel e prioriza o seu conforto sem sacrificar o estilo.<\/li>\n\n\n\n<li>Ideal para Ocasi\u00f5es Especiais: Com seu design sensual e estrutura de suporte, esta pe\u00e7a \u00e9 ideal para momentos em que voc\u00ea quer se sentir mais confiante e chique.<\/li>\n<\/ol>\n\n\n\n<p>Concluindo, o Body de Malha Preta com Costas Abertas e Al\u00e7as no Peito \u00e9 uma adi\u00e7\u00e3o ousada e sensual ao seu repert\u00f3rio de lingerie. Suas caracter\u00edsticas \u00fanicas e foco no conforto o tornam uma pe\u00e7a de destaque para aquelas ocasi\u00f5es especiais em que o comum n\u00e3o serve.<\/p>\n\n\n\n<figure class=\"wp-block-table is-style-stripes\"><table class=\"has-fixed-layout\"><tbody><tr><td colspan=\"4\">Gr\u00e1fico do local (CM)<\/td><\/tr><tr><td>Tamanho<\/td><td>Comprimento<\/td><td>Busto superior<\/td><td>Busto Inferior<\/td><\/tr><tr><td>S<\/td><td>58<\/td><td>68-88<\/td><td>57-88<\/td><\/tr><tr><td>M<\/td><td>62<\/td><td>72-92<\/td><td>61-92<\/td><\/tr><tr><td>eu<\/td><td>66<\/td><td>76-96<\/td><td>65-96<\/td><\/tr><tr><td colspan=\"4\">Gr\u00e1fico do Local (POLEGADAS)<\/td><\/tr><tr><td>Tamanho<\/td><td>Comprimento<\/td><td>Busto superior<\/td><td>Busto Inferior<\/td><\/tr><tr><td>S<\/td><td>22.83<\/td><td>26.77-34.65<\/td><td>22.44-34.65<\/td><\/tr><tr><td>M<\/td><td>24.41<\/td><td>28.35-36.22<\/td><td>24.02-36.22<\/td><\/tr><tr><td>eu<\/td><td>25.98<\/td><td>29.92-37.80<\/td><td>25.59-37.80<\/td><\/tr><\/tbody><\/table><\/figure>","protected":false},"excerpt":{"rendered":"<p>Eleve seu jogo de lingerie com nosso body de malha preta. Com abertura nas costas e al\u00e7as estrat\u00e9gicas que apertam o peito, esta pe\u00e7a delicada combina estilo e conforto na perfei\u00e7\u00e3o.<\/p>","protected":false},"featured_media":42933,"template":"","meta":[],"product_brand":[],"product_cat":[370,367,373],"product_tag":[452,861,518,446,864,863],"class_list":{"0":"post-42923","1":"product","2":"type-product","3":"status-publish","4":"has-post-thumbnail","6":"product_cat-bodysuit","7":"product_cat-sexy-lingerie","8":"product_cat-wholesale-sexy-mesh-bodysuit","9":"product_tag-wholesale-boudoir-lingerie","10":"product_tag-brunette-lingerie","11":"product_tag-mesh-lingerie","12":"product_tag-wholesale-sexy-see-through-lingerie","13":"product_tag-sexy-petite-lingerie","14":"product_tag-sexy-thong-lingerie","15":"pa_color-black","16":"pa_size-wholesale-large-size-women-sexy-lingerie","17":"pa_size-wholesale-medium-size-women-sexy-lingerie","18":"pa_size-wholesale-small-size-sexy-lingerie","20":"first","21":"instock","22":"taxable","23":"shipping-taxable","24":"purchasable","25":"product-type-variable"},"tiered_pricing_type":"fixed","tiered_pricing_fixed_rules":[],"tiered_pricing_product_settings":{"layout":"default","base_unit_name":{"singular":null,"plural":null},"default_variation":null},"tiered_pricing_minimum_quantity":null,"tiered_pricing_roles_data":{"default_wholesaler":{"product_id":42923,"role":"default_wholesaler","pricing_type":"flat","regular_price":null,"sale_price":null,"discount":null,"discount_type":"sale_price","tiered_pricing_type":"fixed","percentage_rules":[],"fixed_rules":{"2":"8.89","30":"7.59","500":"6.69"},"minimum":null},"dropshippinger":{"product_id":42923,"role":"dropshippinger","pricing_type":"flat","regular_price":null,"sale_price":null,"discount":null,"discount_type":"sale_price","tiered_pricing_type":"fixed","percentage_rules":[],"fixed_rules":{"1":"10.69","5":"8.89","30":"7.59"},"minimum":null}},"tiered_pricing_percentage_rules":[],"tiered_pricing_maximum_quantity":null,"tiered_pricing_quantity_step":null,"_links":{"self":[{"href":"https:\/\/gretasexylingerie.com\/pt\/wp-json\/wp\/v2\/product\/42923","targetHints":{"allow":["GET"]}}],"collection":[{"href":"https:\/\/gretasexylingerie.com\/pt\/wp-json\/wp\/v2\/product"}],"about":[{"href":"https:\/\/gretasexylingerie.com\/pt\/wp-json\/wp\/v2\/types\/product"}],"wp:featuredmedia":[{"embeddable":true,"href":"https:\/\/gretasexylingerie.com\/pt\/wp-json\/wp\/v2\/media\/42933"}],"wp:attachment":[{"href":"https:\/\/gretasexylingerie.com\/pt\/wp-json\/wp\/v2\/media?parent=42923"}],"wp:term":[{"taxonomy":"product_brand","embeddable":true,"href":"https:\/\/gretasexylingerie.com\/pt\/wp-json\/wp\/v2\/product_brand?post=42923"},{"taxonomy":"product_cat","embeddable":true,"href":"https:\/\/gretasexylingerie.com\/pt\/wp-json\/wp\/v2\/product_cat?post=42923"},{"taxonomy":"product_tag","embeddable":true,"href":"https:\/\/gretasexylingerie.com\/pt\/wp-json\/wp\/v2\/product_tag?post=42923"}],"curies":[{"name":"wp","href":"https:\/\/api.w.org\/{rel}","templated":true}]}}