{"id":42909,"date":"2023-06-26T00:01:13","date_gmt":"2023-06-25T16:01:13","guid":{"rendered":"https:\/\/gretasexylingerie.com\/?post_type=product&#038;p=42909"},"modified":"2023-09-05T20:56:18","modified_gmt":"2023-09-05T12:56:18","slug":"body-de-renda-com-anel-de-peito-multi-alcas-e-design-vazado","status":"publish","type":"product","link":"https:\/\/gretasexylingerie.com\/pt\/products\/lace-bodysuit-with-multi-strap-chest-ring-and-hollow-design\/","title":{"rendered":"Body de renda com argola no peito com v\u00e1rias al\u00e7as e design oco"},"content":{"rendered":"<ol class=\"wp-block-list\">\n<li>Pe\u00e7a exclusiva: este body de renda n\u00e3o \u00e9 sua roupa \u00edntima do dia a dia. \u00c9 uma pe\u00e7a exclusiva projetada para aquelas ocasi\u00f5es especiais em que voc\u00ea quer se sentir extraordin\u00e1rio e impressionar.<\/li>\n\n\n\n<li>Design ousado e ousado: com seu design de v\u00e1rias al\u00e7as e anel central no peito, este body exala ousadia e ousa desafiar os designs convencionais de lingerie.<\/li>\n\n\n\n<li>Detalhe oco atraente: O detalhe oco oferece um vislumbre atraente da pele por baixo, criando um fasc\u00ednio sensual que \u00e9 imposs\u00edvel ignorar.<\/li>\n\n\n\n<li>Artesanato excepcional: o intrincado trabalho de renda e os detalhes cuidadosos mostram o artesanato excepcional que entra em cada pe\u00e7a.<\/li>\n\n\n\n<li>Vestu\u00e1rio para ocasi\u00f5es especiais: com seu design ousado e caracter\u00edsticas que chamam a aten\u00e7\u00e3o, este body \u00e9 a escolha ideal para aquelas noites especiais em que o comum n\u00e3o serve.<\/li>\n<\/ol>\n\n\n\n<p>Concluindo, o Body de Renda com Argola no Peitoral Multi-Al\u00e7as e Desenho Oco \u00e9 uma pe\u00e7a de lingerie ousada, ousada e \u00fanica. N\u00e3o \u00e9 para uso di\u00e1rio, mas para aquelas ocasi\u00f5es em que voc\u00ea quer se destacar e se sentir extraordinariamente especial. Suas caracter\u00edsticas de destaque e artesanato excepcional o tornam uma adi\u00e7\u00e3o intrigante a qualquer cole\u00e7\u00e3o de lingerie.<\/p>\n\n\n\n<figure class=\"wp-block-table is-style-stripes\"><table class=\"has-fixed-layout\"><tbody><tr><td colspan=\"4\">Gr\u00e1fico do local (CM)<\/td><\/tr><tr><td>Tamanho<\/td><td>Comprimento<\/td><td>Busto superior<\/td><td>Busto Inferior<\/td><\/tr><tr><td>S<\/td><td>55<\/td><td>62-88<\/td><td>57-88<\/td><\/tr><tr><td>M<\/td><td>56<\/td><td>66-92<\/td><td>61-92<\/td><\/tr><tr><td>eu<\/td><td>57<\/td><td>70-96<\/td><td>65-96<\/td><\/tr><tr><td colspan=\"4\">Gr\u00e1fico do Local (POLEGADAS)<\/td><\/tr><tr><td>Tamanho<\/td><td>Comprimento<\/td><td>Busto superior<\/td><td>Busto Inferior<\/td><\/tr><tr><td>S<\/td><td>21.65<\/td><td>24.41-34.65<\/td><td>22.44-34.65<\/td><\/tr><tr><td>M<\/td><td>22.05<\/td><td>25.98-36.22<\/td><td>24.02-36.22<\/td><\/tr><tr><td>eu<\/td><td>22.44<\/td><td>27.56-37.80<\/td><td>25.59-37.80<\/td><\/tr><\/tbody><\/table><\/figure>","protected":false},"excerpt":{"rendered":"<p>Chame a aten\u00e7\u00e3o com nosso body de renda, uma pe\u00e7a aut\u00eantica. Com seu design de v\u00e1rias al\u00e7as ligadas por um anel de metal no peito e um detalhe oco tentador, este body ousa ser diferente e adiciona um toque ousado \u00e0 sua cole\u00e7\u00e3o de lingerie.<\/p>","protected":false},"featured_media":42920,"template":"","meta":[],"product_brand":[],"product_cat":[370,371,367],"product_tag":[516,446,453,447,504],"class_list":{"0":"post-42909","1":"product","2":"type-product","3":"status-publish","4":"has-post-thumbnail","6":"product_cat-bodysuit","7":"product_cat-wholesale-sexy-lace-bodysuit","8":"product_cat-sexy-lingerie","9":"product_tag-lace-lingerie","10":"product_tag-wholesale-sexy-see-through-lingerie","11":"product_tag-wholesale-sexy-naughty-lingerie","12":"product_tag-wholesale-strappy-sexy-lingerie","13":"product_tag-ultra-sexy","14":"pa_color-black","15":"pa_size-wholesale-large-size-women-sexy-lingerie","16":"pa_size-wholesale-medium-size-women-sexy-lingerie","17":"pa_size-wholesale-small-size-sexy-lingerie","19":"first","20":"instock","21":"taxable","22":"shipping-taxable","23":"purchasable","24":"product-type-variable"},"tiered_pricing_type":"fixed","tiered_pricing_fixed_rules":[],"tiered_pricing_product_settings":{"layout":"default","base_unit_name":{"singular":null,"plural":null},"default_variation":null},"tiered_pricing_minimum_quantity":null,"tiered_pricing_roles_data":{"default_wholesaler":{"product_id":42909,"role":"default_wholesaler","pricing_type":"flat","regular_price":null,"sale_price":null,"discount":null,"discount_type":"sale_price","tiered_pricing_type":"fixed","percentage_rules":[],"fixed_rules":{"2":"7.89","30":"6.79","500":"5.89"},"minimum":null},"dropshippinger":{"product_id":42909,"role":"dropshippinger","pricing_type":"flat","regular_price":null,"sale_price":null,"discount":null,"discount_type":"sale_price","tiered_pricing_type":"fixed","percentage_rules":[],"fixed_rules":{"1":"9.39","5":"7.89","30":"6.79"},"minimum":null}},"tiered_pricing_percentage_rules":[],"tiered_pricing_maximum_quantity":null,"tiered_pricing_quantity_step":null,"_links":{"self":[{"href":"https:\/\/gretasexylingerie.com\/pt\/wp-json\/wp\/v2\/product\/42909","targetHints":{"allow":["GET"]}}],"collection":[{"href":"https:\/\/gretasexylingerie.com\/pt\/wp-json\/wp\/v2\/product"}],"about":[{"href":"https:\/\/gretasexylingerie.com\/pt\/wp-json\/wp\/v2\/types\/product"}],"wp:featuredmedia":[{"embeddable":true,"href":"https:\/\/gretasexylingerie.com\/pt\/wp-json\/wp\/v2\/media\/42920"}],"wp:attachment":[{"href":"https:\/\/gretasexylingerie.com\/pt\/wp-json\/wp\/v2\/media?parent=42909"}],"wp:term":[{"taxonomy":"product_brand","embeddable":true,"href":"https:\/\/gretasexylingerie.com\/pt\/wp-json\/wp\/v2\/product_brand?post=42909"},{"taxonomy":"product_cat","embeddable":true,"href":"https:\/\/gretasexylingerie.com\/pt\/wp-json\/wp\/v2\/product_cat?post=42909"},{"taxonomy":"product_tag","embeddable":true,"href":"https:\/\/gretasexylingerie.com\/pt\/wp-json\/wp\/v2\/product_tag?post=42909"}],"curies":[{"name":"wp","href":"https:\/\/api.w.org\/{rel}","templated":true}]}}