{"id":42891,"date":"2023-06-25T23:25:47","date_gmt":"2023-06-25T15:25:47","guid":{"rendered":"https:\/\/gretasexylingerie.com\/?post_type=product&#038;p=42891"},"modified":"2024-04-04T13:52:33","modified_gmt":"2024-04-04T05:52:33","slug":"conjunto-de-3-pecas-de-sutia-de-malha-preta-com-alcas-e-ligas-cobrindo-o-quadril","status":"publish","type":"product","link":"https:\/\/gretasexylingerie.com\/pt\/products\/3-piece-set-black-mesh-halterneck-bra-with-hip-cover-garters\/","title":{"rendered":"Conjunto de 3 pe\u00e7as de suti\u00e3 de malha preta com gola alta e ligas para o quadril"},"content":{"rendered":"<ol class=\"wp-block-list\">\n<li>O fator Uau: O suti\u00e3 halterneck com v\u00e1rias al\u00e7as \u00e9 uma declara\u00e7\u00e3o. \u00c9 ousar ser diferente.<\/li>\n\n\n\n<li>Revele o fasc\u00ednio: as ligas de malha que cobrem o quadril adicionam um toque de intriga, complementando o suti\u00e3 e real\u00e7ando seu fasc\u00ednio natural.<\/li>\n\n\n\n<li>Assumidamente na moda: este conjunto n\u00e3o est\u00e1 apenas na moda; \u00e9 um criador de tend\u00eancias. \u00c9 para quem lidera, n\u00e3o segue.<\/li>\n\n\n\n<li>Comfort in Style: Este conjunto \u00e9 sobre fazer uma declara\u00e7\u00e3o ousada, mas ainda nos lembramos do conforto. O tecido de malha macia garante um ajuste confort\u00e1vel.<\/li>\n\n\n\n<li>Perfeito para todas as ocasi\u00f5es: seja um encontro noturno ou apenas um dia em que voc\u00ea queira se sentir especial, este conjunto \u00e9 o seu parceiro perfeito.<\/li>\n<\/ol>\n\n\n\n<p>Em conclus\u00e3o, nossa extravag\u00e2ncia de malha preta de 3 pe\u00e7as \u00e9 uma celebra\u00e7\u00e3o que celebra escolhas ousadas e estilo individual. N\u00e3o \u00e9 apenas uma adi\u00e7\u00e3o elegante \u00e0 sua cole\u00e7\u00e3o de lingerie; \u00e9 uma experi\u00eancia que promete conforto, estilo e mist\u00e9rio.<\/p>\n\n\n\n<figure class=\"wp-block-table is-style-stripes\"><table class=\"has-fixed-layout\"><tbody><tr><td colspan=\"5\">Gr\u00e1fico do local (CM)<\/td><\/tr><tr><td>Tamanho<\/td><td>Comprimento<\/td><td>Busto superior<\/td><td>Busto Inferior<\/td><td>Linha da cintura<\/td><\/tr><tr><td>S<\/td><td>19<\/td><td>72-88<\/td><td>65-88<\/td><td>66-96<\/td><\/tr><tr><td>M<\/td><td>20<\/td><td>76-92<\/td><td>69-92<\/td><td>70-100<\/td><\/tr><tr><td>eu<\/td><td>21<\/td><td>80-96<\/td><td>73-96<\/td><td>74-104<\/td><\/tr><tr><td colspan=\"5\">Gr\u00e1fico do Local (POLEGADAS)<\/td><\/tr><tr><td>Tamanho<\/td><td>Comprimento<\/td><td>Busto superior<\/td><td>Busto Inferior<\/td><td>linha da cintura<\/td><\/tr><tr><td>S<\/td><td>7.48<\/td><td>28.35-34.65<\/td><td>25.59-34.65<\/td><td>25.98-37.80<\/td><\/tr><tr><td>M<\/td><td>7.87<\/td><td>29.92-36.22<\/td><td>27.17-36.22<\/td><td>27.56-39.37<\/td><\/tr><tr><td>eu<\/td><td>8.27<\/td><td>31.50-37.80<\/td><td>28.74-37.80<\/td><td>29.13-40.94<\/td><\/tr><\/tbody><\/table><\/figure>","protected":false},"excerpt":{"rendered":"<p>Entre no centro das aten\u00e7\u00f5es com nossa extravag\u00e2ncia de malha preta de 3 pe\u00e7as. Este conjunto apresenta um suti\u00e3 de gola alta com v\u00e1rias al\u00e7as divertidas e ligas de malha sensuais que cobrem graciosamente os quadris. \u00c9 a mistura perfeita de mist\u00e9rio e fasc\u00ednio.<\/p>","protected":false},"featured_media":42903,"template":"","meta":[],"product_brand":[],"product_cat":[368,367,375],"product_tag":[507,452,448,528,518,865],"class_list":{"0":"post-42891","1":"product","2":"type-product","3":"status-publish","4":"has-post-thumbnail","6":"product_cat-bra-panty-set","7":"product_cat-sexy-lingerie","8":"product_cat-whoelsale-sheer-bra-and-panty-sets","9":"product_tag-three-pcs-set","10":"product_tag-wholesale-boudoir-lingerie","11":"product_tag-wholesale-elegant-sexy-lingerie","12":"product_tag-halter-lingerie","13":"product_tag-mesh-lingerie","14":"product_tag-sexy-skimpy-lingerie","15":"pa_color-black","16":"pa_size-wholesale-large-size-women-sexy-lingerie","17":"pa_size-wholesale-medium-size-women-sexy-lingerie","18":"pa_size-wholesale-small-size-sexy-lingerie","20":"first","21":"instock","22":"taxable","23":"shipping-taxable","24":"purchasable","25":"product-type-variable"},"tiered_pricing_type":"fixed","tiered_pricing_fixed_rules":[],"tiered_pricing_product_settings":{"layout":"table","base_unit_name":{"singular":null,"plural":null},"default_variation":null},"tiered_pricing_minimum_quantity":null,"tiered_pricing_roles_data":{"default_wholesaler":{"product_id":42891,"role":"default_wholesaler","pricing_type":"flat","regular_price":null,"sale_price":null,"discount":null,"discount_type":"sale_price","tiered_pricing_type":"fixed","percentage_rules":[],"fixed_rules":{"2":"10.69","30":"9.19","500":"8.09"},"minimum":null},"dropshippinger":{"product_id":42891,"role":"dropshippinger","pricing_type":"flat","regular_price":null,"sale_price":null,"discount":null,"discount_type":"sale_price","tiered_pricing_type":"fixed","percentage_rules":[],"fixed_rules":{"1":"12.89","5":"10.69","30":"9.19"},"minimum":null}},"tiered_pricing_percentage_rules":[],"tiered_pricing_maximum_quantity":null,"tiered_pricing_quantity_step":null,"_links":{"self":[{"href":"https:\/\/gretasexylingerie.com\/pt\/wp-json\/wp\/v2\/product\/42891","targetHints":{"allow":["GET"]}}],"collection":[{"href":"https:\/\/gretasexylingerie.com\/pt\/wp-json\/wp\/v2\/product"}],"about":[{"href":"https:\/\/gretasexylingerie.com\/pt\/wp-json\/wp\/v2\/types\/product"}],"wp:featuredmedia":[{"embeddable":true,"href":"https:\/\/gretasexylingerie.com\/pt\/wp-json\/wp\/v2\/media\/42903"}],"wp:attachment":[{"href":"https:\/\/gretasexylingerie.com\/pt\/wp-json\/wp\/v2\/media?parent=42891"}],"wp:term":[{"taxonomy":"product_brand","embeddable":true,"href":"https:\/\/gretasexylingerie.com\/pt\/wp-json\/wp\/v2\/product_brand?post=42891"},{"taxonomy":"product_cat","embeddable":true,"href":"https:\/\/gretasexylingerie.com\/pt\/wp-json\/wp\/v2\/product_cat?post=42891"},{"taxonomy":"product_tag","embeddable":true,"href":"https:\/\/gretasexylingerie.com\/pt\/wp-json\/wp\/v2\/product_tag?post=42891"}],"curies":[{"name":"wp","href":"https:\/\/api.w.org\/{rel}","templated":true}]}}